{"id":52536,"date":"2021-03-08T10:12:02","date_gmt":"2021-03-08T10:12:02","guid":{"rendered":"https:\/\/donaulife-new.ogrisdigital.at\/produkt\/raw-black-classic-papers-regular-tips-1-1-4-50-blatt\/"},"modified":"2025-01-15T07:11:54","modified_gmt":"2025-01-15T07:11:54","slug":"raw-black-classic-papers-regular-tips-1-1-4-50-blatt","status":"publish","type":"product","link":"https:\/\/donaulife-new.ogrisdigital.at\/it\/raw-black-classic-papers-regular-tips-1-1-4-50-blatt\/","title":{"rendered":"RAW Black Classic 1 1\/4 Papers + Tips | 50 Blatt"},"content":{"rendered":"<h2>RAW Black Classic Papers Connoisseur 1 1\/4<\/h2>\n<p>Das Connoisseur Pack von Raw beinhaltet neben King-Size Papers und ungebleichten Filtertips auch ein Holzst\u00e4bchen zum Stopfen. Verschlossen mit einem praktischen Gummiband ist diese Papers- und Filter-Kombination auch unterwegs immer sicher und stabil. Die Raw Black sind ungebleichte, extra d\u00fcnne Papers mit 12g\/m\u00b2.<\/p>\n<p>Wie alle Raw Papers mit dem klassischen Criss-Cross-Wasserzeichen brennen die Raw Black sch\u00f6n regelm\u00e4\u00dfig ab.<\/p>\n<p>Die Gummierung besteht aus pflanzlichem Kleber und die Papers sind zu 100% aus reinen Pflanzenfasern gefertigt.<\/p>\n<h3>\u00dcber RAW:<\/h3>\n<p>RAW &#8211; Die nat\u00fcrliche Art zu rollen.<\/p>\n<p>Seit dem 1. Tag hat RAW den Auftrag, die F\u00fchrungsrolle in der Papierrollenindustrie zu \u00fcbernehmen. RAW hat die Welt des Rauchens revolutioniert, indem sie Produkte geschaffen hat, die von Natur aus genial gestaltet sind, um das Raucherlebnis zu verbessern.<\/p>\n<p>RAW stellt nur qualitativ hochwertige und umweltfreundliche Produkte her, die Ihr Raucherlebnis verbessern, und wir werden das wof\u00fcr wir stehen niemals \u00e4ndern. Wir genie\u00dfen es, unser unraffiniertes Papier jeden Tag zu rauchen, und wir werden es immer komplett rein also &#8220;RAW&#8221; belassen &#8211; f\u00fcr dich und uns!<\/p>\n","protected":false},"excerpt":{"rendered":"<p>RAW Black Classic Papers Connoisseur 1 1\/4 Das Connoisseur Pack von Raw beinhaltet neben King-Size Papers und ungebleichten Filtertips auch<\/p>\n","protected":false},"featured_media":29254,"comment_status":"open","ping_status":"open","template":"","meta":{"_acf_changed":false},"product_cat":[2489,2451,2452,2490,2754,2492],"product_tag":[2493],"acf":[],"_links":{"self":[{"href":"https:\/\/donaulife-new.ogrisdigital.at\/it\/wp-json\/wp\/v2\/product\/52536"}],"collection":[{"href":"https:\/\/donaulife-new.ogrisdigital.at\/it\/wp-json\/wp\/v2\/product"}],"about":[{"href":"https:\/\/donaulife-new.ogrisdigital.at\/it\/wp-json\/wp\/v2\/types\/product"}],"replies":[{"embeddable":true,"href":"https:\/\/donaulife-new.ogrisdigital.at\/it\/wp-json\/wp\/v2\/comments?post=52536"}],"wp:featuredmedia":[{"embeddable":true,"href":"https:\/\/donaulife-new.ogrisdigital.at\/it\/wp-json\/wp\/v2\/media\/29254"}],"wp:attachment":[{"href":"https:\/\/donaulife-new.ogrisdigital.at\/it\/wp-json\/wp\/v2\/media?parent=52536"}],"wp:term":[{"taxonomy":"product_cat","embeddable":true,"href":"https:\/\/donaulife-new.ogrisdigital.at\/it\/wp-json\/wp\/v2\/product_cat?post=52536"},{"taxonomy":"product_tag","embeddable":true,"href":"https:\/\/donaulife-new.ogrisdigital.at\/it\/wp-json\/wp\/v2\/product_tag?post=52536"}],"curies":[{"name":"wp","href":"https:\/\/api.w.org\/{rel}","templated":true}]}}