{"id":52534,"date":"2021-03-05T22:32:24","date_gmt":"2021-03-05T22:32:24","guid":{"rendered":"https:\/\/donaulife-new.ogrisdigital.at\/produkt\/stuendenglass-mundstueck\/"},"modified":"2024-07-01T00:46:42","modified_gmt":"2024-07-01T00:46:42","slug":"stuendenglass-mundstueck","status":"publish","type":"product","link":"https:\/\/donaulife-new.ogrisdigital.at\/it\/stuendenglass-mundstueck\/","title":{"rendered":"ST\u00dcNDENGLASS Mundst\u00fcck"},"content":{"rendered":"<h1 class=\"title\">St\u00fcndenglass Gravity Hookah Mundst\u00fcck<\/h1>\n<div>\n<div>\n<p>Ersatz-Mundst\u00fcck f\u00fcr die St\u00fcndenglass Gravity Hookah.<\/p>\n<\/div>\n<\/div>\n<div>\n<h2>Lieferumfang<\/h2>\n<p>1x Mundst\u00fcck<\/p>\n<\/div>\n<p><img fetchpriority=\"high\" decoding=\"async\" class=\"alignnone size-medium wp-image-52766\" src=\"https:\/\/www.donaulife.com\/wp-content\/uploads\/2021\/03\/stundenglass_mouthpiece-stem_fade-out_720x-600x600-1-300x300.webp\" alt=\"\" width=\"300\" height=\"300\" \/><\/p>\n<div>\n<p>St\u00fcndenglass. Gravity Bong neu erfunden.<\/p>\n<\/div>\n<p>&nbsp;<\/p>\n","protected":false},"excerpt":{"rendered":"<p>St\u00fcndenglass Gravity Hookah Mundst\u00fcck Ersatz-Mundst\u00fcck f\u00fcr die St\u00fcndenglass Gravity Hookah. Lieferumfang 1x Mundst\u00fcck St\u00fcndenglass. Gravity Bong neu erfunden. &nbsp;<\/p>\n","protected":false},"featured_media":28056,"comment_status":"open","ping_status":"open","template":"","meta":{"_acf_changed":false},"product_cat":[2459,2463,3285,2460],"product_tag":[3286],"acf":[],"_links":{"self":[{"href":"https:\/\/donaulife-new.ogrisdigital.at\/it\/wp-json\/wp\/v2\/product\/52534"}],"collection":[{"href":"https:\/\/donaulife-new.ogrisdigital.at\/it\/wp-json\/wp\/v2\/product"}],"about":[{"href":"https:\/\/donaulife-new.ogrisdigital.at\/it\/wp-json\/wp\/v2\/types\/product"}],"replies":[{"embeddable":true,"href":"https:\/\/donaulife-new.ogrisdigital.at\/it\/wp-json\/wp\/v2\/comments?post=52534"}],"wp:featuredmedia":[{"embeddable":true,"href":"https:\/\/donaulife-new.ogrisdigital.at\/it\/wp-json\/wp\/v2\/media\/28056"}],"wp:attachment":[{"href":"https:\/\/donaulife-new.ogrisdigital.at\/it\/wp-json\/wp\/v2\/media?parent=52534"}],"wp:term":[{"taxonomy":"product_cat","embeddable":true,"href":"https:\/\/donaulife-new.ogrisdigital.at\/it\/wp-json\/wp\/v2\/product_cat?post=52534"},{"taxonomy":"product_tag","embeddable":true,"href":"https:\/\/donaulife-new.ogrisdigital.at\/it\/wp-json\/wp\/v2\/product_tag?post=52534"}],"curies":[{"name":"wp","href":"https:\/\/api.w.org\/{rel}","templated":true}]}}