{"id":52530,"date":"2021-03-05T22:14:10","date_gmt":"2021-03-05T22:14:10","guid":{"rendered":"https:\/\/donaulife-new.ogrisdigital.at\/produkt\/stuendenglass-hygienemundstueck\/"},"modified":"2024-07-01T00:46:39","modified_gmt":"2024-07-01T00:46:39","slug":"stuendenglass-hygienemundstueck","status":"publish","type":"product","link":"https:\/\/donaulife-new.ogrisdigital.at\/it\/stuendenglass-hygienemundstueck\/","title":{"rendered":"ST\u00dcNDENGLASS Hygienemundst\u00fcck"},"content":{"rendered":"<h1 class=\"title\">St\u00fcndenglass Gravity Hookah Hygienemundst\u00fcck<\/h1>\n<div>\n<p>Zus\u00e4tzliches Hygienemundst\u00fcck f\u00fcr eine hygienische Verwendung in der Gruppe mit St\u00fcndenglass-Gravity-Hookah.<\/p>\n<\/div>\n<div><img fetchpriority=\"high\" decoding=\"async\" class=\"alignnone size-medium wp-image-29971\" src=\"https:\/\/www.donaulife.com\/wp-content\/uploads\/2021\/03\/Stundenglass-HookahHoseTip-300x300.png\" alt=\"\" width=\"300\" height=\"300\" \/><\/div>\n<div>\n<p>&nbsp;<\/p>\n<p>&nbsp;<\/p>\n<h2>Lieferumfang<\/h2>\n<p>1x\u00a0Hygienemundst\u00fcck<\/p>\n<\/div>\n<p>&nbsp;<\/p>\n<p>&nbsp;<\/p>\n<div>\n<p>St\u00fcndenglass. Gravity Bong neu erfunden.<\/p>\n<\/div>\n<p>&nbsp;<\/p>\n","protected":false},"excerpt":{"rendered":"<p>St\u00fcndenglass Gravity Hookah Hygienemundst\u00fcck Zus\u00e4tzliches Hygienemundst\u00fcck f\u00fcr eine hygienische Verwendung in der Gruppe mit St\u00fcndenglass-Gravity-Hookah. &nbsp; &nbsp; Lieferumfang 1x\u00a0Hygienemundst\u00fcck &nbsp;<\/p>\n","protected":false},"featured_media":28051,"comment_status":"open","ping_status":"open","template":"","meta":{"_acf_changed":false},"product_cat":[2459,2463,3285,2460],"product_tag":[3286],"acf":[],"_links":{"self":[{"href":"https:\/\/donaulife-new.ogrisdigital.at\/it\/wp-json\/wp\/v2\/product\/52530"}],"collection":[{"href":"https:\/\/donaulife-new.ogrisdigital.at\/it\/wp-json\/wp\/v2\/product"}],"about":[{"href":"https:\/\/donaulife-new.ogrisdigital.at\/it\/wp-json\/wp\/v2\/types\/product"}],"replies":[{"embeddable":true,"href":"https:\/\/donaulife-new.ogrisdigital.at\/it\/wp-json\/wp\/v2\/comments?post=52530"}],"wp:featuredmedia":[{"embeddable":true,"href":"https:\/\/donaulife-new.ogrisdigital.at\/it\/wp-json\/wp\/v2\/media\/28051"}],"wp:attachment":[{"href":"https:\/\/donaulife-new.ogrisdigital.at\/it\/wp-json\/wp\/v2\/media?parent=52530"}],"wp:term":[{"taxonomy":"product_cat","embeddable":true,"href":"https:\/\/donaulife-new.ogrisdigital.at\/it\/wp-json\/wp\/v2\/product_cat?post=52530"},{"taxonomy":"product_tag","embeddable":true,"href":"https:\/\/donaulife-new.ogrisdigital.at\/it\/wp-json\/wp\/v2\/product_tag?post=52530"}],"curies":[{"name":"wp","href":"https:\/\/api.w.org\/{rel}","templated":true}]}}