{"id":52523,"date":"2021-03-05T00:39:50","date_gmt":"2021-03-05T00:39:50","guid":{"rendered":"https:\/\/donaulife-new.ogrisdigital.at\/produkt\/raw-rawsomebox-small\/"},"modified":"2025-01-15T07:12:04","modified_gmt":"2025-01-15T07:12:04","slug":"raw-rawsomebox-small","status":"publish","type":"product","link":"https:\/\/donaulife-new.ogrisdigital.at\/it\/raw-rawsomebox-small\/","title":{"rendered":"RAW Rawsomebox | small"},"content":{"rendered":"<h2>RAW Rawsomebox<\/h2>\n<p>Die RAWsome Box beinhaltet eine perfekt aufeinander abgestimmte Mischung an RAW Produkten. Von Papers \u00fcber Tips bis hin zu Aufbewahrungsm\u00f6glichkeiten ist hier alles dabei.<\/p>\n<p>&nbsp;<\/p>\n<p><strong>Sie besteht aus folgenden RAW Produkten:<\/strong><\/p>\n<ul>\n<li>RAW Tray Mix Small (27,5 x 17,5 cm)<\/li>\n<li>RAW Tray Cover Small<\/li>\n<li>RAW Classic KS Slim Bl\u00e4ttchen<\/li>\n<li>RAW Classic Black Slim Bl\u00e4ttchen<\/li>\n<li>RAW Organic KS Slim Bl\u00e4ttchen<\/li>\n<li>RAW Organic Cones Basic 32 KS<\/li>\n<li>RAW Hemp Wick 3 Meter<\/li>\n<li>RAW Tips<\/li>\n<li>RAW Tips Prerolled<\/li>\n<li>RAW Case Tin KS<\/li>\n<li>RAW Tin Pop<\/li>\n<li>RAW Black Kartenspiel<\/li>\n<\/ul>\n<h3>\u00dcber RAW:<\/h3>\n<p>RAW \u2013 Die nat\u00fcrliche Art zu rollen.<br \/>\nSeit dem 1. Tag hat RAW den Auftrag, die F\u00fchrungsrolle in der Papierrollenindustrie zu \u00fcbernehmen. RAW hat die Welt des Rauchens revolutioniert, indem sie Produkte geschaffen hat, die von Natur aus genial gestaltet sind, um das Raucherlebnis zu verbessern.<br \/>\nRAW stellt nur qualitativ hochwertige und umweltfreundliche Produkte her, die Ihr Raucherlebnis verbessern, und wir werden das wof\u00fcr wir stehen niemals \u00e4ndern. Wir genie\u00dfen es, unser unraffiniertes Papier jeden Tag zu rauchen, und wir werden es immer komplett rein also \u201cRAW\u201d belassen \u2013 f\u00fcr dich und uns!<\/p>\n","protected":false},"excerpt":{"rendered":"<p>RAW Rawsomebox Die RAWsome Box beinhaltet eine perfekt aufeinander abgestimmte Mischung an RAW Produkten. Von Papers \u00fcber Tips bis hin<\/p>\n","protected":false},"featured_media":29200,"comment_status":"open","ping_status":"open","template":"","meta":{"_acf_changed":false},"product_cat":[2794,2489,2566,2451,2793,2490],"product_tag":[3323,2493],"acf":[],"_links":{"self":[{"href":"https:\/\/donaulife-new.ogrisdigital.at\/it\/wp-json\/wp\/v2\/product\/52523"}],"collection":[{"href":"https:\/\/donaulife-new.ogrisdigital.at\/it\/wp-json\/wp\/v2\/product"}],"about":[{"href":"https:\/\/donaulife-new.ogrisdigital.at\/it\/wp-json\/wp\/v2\/types\/product"}],"replies":[{"embeddable":true,"href":"https:\/\/donaulife-new.ogrisdigital.at\/it\/wp-json\/wp\/v2\/comments?post=52523"}],"wp:featuredmedia":[{"embeddable":true,"href":"https:\/\/donaulife-new.ogrisdigital.at\/it\/wp-json\/wp\/v2\/media\/29200"}],"wp:attachment":[{"href":"https:\/\/donaulife-new.ogrisdigital.at\/it\/wp-json\/wp\/v2\/media?parent=52523"}],"wp:term":[{"taxonomy":"product_cat","embeddable":true,"href":"https:\/\/donaulife-new.ogrisdigital.at\/it\/wp-json\/wp\/v2\/product_cat?post=52523"},{"taxonomy":"product_tag","embeddable":true,"href":"https:\/\/donaulife-new.ogrisdigital.at\/it\/wp-json\/wp\/v2\/product_tag?post=52523"}],"curies":[{"name":"wp","href":"https:\/\/api.w.org\/{rel}","templated":true}]}}