{"id":52502,"date":"2021-03-03T09:32:56","date_gmt":"2021-03-03T09:32:56","guid":{"rendered":"https:\/\/donaulife-new.ogrisdigital.at\/produkt\/rolling-supreme-g7-premium-holzbox-mit-schloss-fichte\/"},"modified":"2024-07-01T00:46:23","modified_gmt":"2024-07-01T00:46:23","slug":"rolling-supreme-g7-premium-holzbox-mit-schloss-fichte","status":"publish","type":"product","link":"https:\/\/donaulife-new.ogrisdigital.at\/it\/rolling-supreme-g7-premium-holzbox-mit-schloss-fichte\/","title":{"rendered":"ROLLING SUPREME G7 Holzbox mit Schloss | Fichte"},"content":{"rendered":"<p>Die verschlie\u00dfbare Holzbox von ROLLING SUPREME G7 ist mit stabilem Fichtenholz die optimale Wahl zur Aufbewahrung f\u00fcr deine Kr\u00e4uter und Rollzubeh\u00f6r. Im Lieferumfang ist ein Rollingtray, zwei kompakte Boxen mit verstellbaren Unterteilungen und ein Schl\u00fcssel zum versperren inkludiert.<\/p>\n","protected":false},"excerpt":{"rendered":"<p>Die verschlie\u00dfbare Holzbox von ROLLING SUPREME G7 ist mit stabilem Fichtenholz die optimale Wahl zur Aufbewahrung f\u00fcr deine Kr\u00e4uter und<\/p>\n","protected":false},"featured_media":29101,"comment_status":"open","ping_status":"open","template":"","meta":{"_acf_changed":false},"product_cat":[2607,2451,2678],"product_tag":[],"acf":[],"_links":{"self":[{"href":"https:\/\/donaulife-new.ogrisdigital.at\/it\/wp-json\/wp\/v2\/product\/52502"}],"collection":[{"href":"https:\/\/donaulife-new.ogrisdigital.at\/it\/wp-json\/wp\/v2\/product"}],"about":[{"href":"https:\/\/donaulife-new.ogrisdigital.at\/it\/wp-json\/wp\/v2\/types\/product"}],"replies":[{"embeddable":true,"href":"https:\/\/donaulife-new.ogrisdigital.at\/it\/wp-json\/wp\/v2\/comments?post=52502"}],"wp:featuredmedia":[{"embeddable":true,"href":"https:\/\/donaulife-new.ogrisdigital.at\/it\/wp-json\/wp\/v2\/media\/29101"}],"wp:attachment":[{"href":"https:\/\/donaulife-new.ogrisdigital.at\/it\/wp-json\/wp\/v2\/media?parent=52502"}],"wp:term":[{"taxonomy":"product_cat","embeddable":true,"href":"https:\/\/donaulife-new.ogrisdigital.at\/it\/wp-json\/wp\/v2\/product_cat?post=52502"},{"taxonomy":"product_tag","embeddable":true,"href":"https:\/\/donaulife-new.ogrisdigital.at\/it\/wp-json\/wp\/v2\/product_tag?post=52502"}],"curies":[{"name":"wp","href":"https:\/\/api.w.org\/{rel}","templated":true}]}}