{"id":52452,"date":"2021-02-16T08:57:40","date_gmt":"2021-02-16T08:57:40","guid":{"rendered":"https:\/\/donaulife-new.ogrisdigital.at\/produkt\/purize-endlos-papers-rolls-pink-4-m\/"},"modified":"2024-07-01T00:45:51","modified_gmt":"2024-07-01T00:45:51","slug":"purize-endlos-papers-rolls-pink-4-m","status":"publish","type":"product","link":"https:\/\/donaulife-new.ogrisdigital.at\/it\/purize-endlos-papers-rolls-pink-4-m\/","title":{"rendered":"PURIZE Endlos Papers Rolls &#8216;pink&#8217; | 4 m"},"content":{"rendered":"<h2>Purize Endlos Papers in pink<\/h2>\n<p>PURIZE\u00ae Papers Rolls pink Endless Edition \u2013 4 Meter l\u00e4nge \u2013 pink mit nat\u00fcrlicher Gummierung.<\/p>\n<p>Gleichm\u00e4\u00dfige und langsame, sowie fast r\u00fcckstandsfreie Verbrennung.<\/p>\n<h2>\u00dcber Purize:<\/h2>\n<div>\n<p>9 mm garantiert wird.So kommen auch nur die Wirkstoffe und Aromen die Ihr Euch beim Rauchen w\u00fcnscht,letzten Endes auch in der Lunge an. Kratzige Mischungen schmecken deutlich milder, selbst das Pur rauchen wird sp\u00fcrbar angenehmer und milder. Egal wie herum Ihr unsere Filter eindreht oder einsetzt, es gibt keine Verwechslungen mehr, ob richtig oder falsch, PURIZE\u00ae passt immer! L\u00e4stiges Halskratzen &amp; Husten geh\u00f6rt ab jetzt zur Vergangenheit.<\/p>\n<\/div>\n","protected":false},"excerpt":{"rendered":"<p>Purize Endlos Papers in pink PURIZE\u00ae Papers Rolls pink Endless Edition \u2013 4 Meter l\u00e4nge \u2013 pink mit nat\u00fcrlicher Gummierung.<\/p>\n","protected":false},"featured_media":28826,"comment_status":"open","ping_status":"open","template":"","meta":{"_acf_changed":false},"product_cat":[2489,2630,2451,2452,2861],"product_tag":[],"acf":[],"_links":{"self":[{"href":"https:\/\/donaulife-new.ogrisdigital.at\/it\/wp-json\/wp\/v2\/product\/52452"}],"collection":[{"href":"https:\/\/donaulife-new.ogrisdigital.at\/it\/wp-json\/wp\/v2\/product"}],"about":[{"href":"https:\/\/donaulife-new.ogrisdigital.at\/it\/wp-json\/wp\/v2\/types\/product"}],"replies":[{"embeddable":true,"href":"https:\/\/donaulife-new.ogrisdigital.at\/it\/wp-json\/wp\/v2\/comments?post=52452"}],"wp:featuredmedia":[{"embeddable":true,"href":"https:\/\/donaulife-new.ogrisdigital.at\/it\/wp-json\/wp\/v2\/media\/28826"}],"wp:attachment":[{"href":"https:\/\/donaulife-new.ogrisdigital.at\/it\/wp-json\/wp\/v2\/media?parent=52452"}],"wp:term":[{"taxonomy":"product_cat","embeddable":true,"href":"https:\/\/donaulife-new.ogrisdigital.at\/it\/wp-json\/wp\/v2\/product_cat?post=52452"},{"taxonomy":"product_tag","embeddable":true,"href":"https:\/\/donaulife-new.ogrisdigital.at\/it\/wp-json\/wp\/v2\/product_tag?post=52452"}],"curies":[{"name":"wp","href":"https:\/\/api.w.org\/{rel}","templated":true}]}}