{"id":52419,"date":"2021-02-03T11:38:35","date_gmt":"2021-02-03T11:38:35","guid":{"rendered":"https:\/\/donaulife-new.ogrisdigital.at\/produkt\/insomnia-black-edition-icy-tower-40-cm\/"},"modified":"2024-07-01T00:45:27","modified_gmt":"2024-07-01T00:45:27","slug":"insomnia-black-edition-icy-tower-40-cm","status":"publish","type":"product","link":"https:\/\/donaulife-new.ogrisdigital.at\/it\/insomnia-black-edition-icy-tower-40-cm\/","title":{"rendered":"INSOMNIA Black Edition &#8216;Icy Tower&#8217; | 40\/55 cm"},"content":{"rendered":"<h2>Insomnia Black Edition<\/h2>\n<p>Die Glasbong &#8216;Icy Tower&#8217; von Insomnia liefert gew\u00f6hlich gute Qualit\u00e4t zum angenehmen Preis. Der 6 kantige Standfu\u00df bietet einen festen Stand. Ebenso im unteren Teil ist ein Kickloch integriert. Erh\u00e4ltlich in 40 cm oder 55 cm.<\/p>\n<h3>\u00dcber Insomnia:<\/h3>\n<p>Schalflos? Bestimmt nicht mit den Modellen von Insomnia. Die Glaswaren des Herstellers kommen mit coolen Sandgestrahlten Designs daher, mit oder ohne Eisfach aber garantiert immer g\u00fcnstig und zuverl\u00e4ssig.<\/p>\n","protected":false},"excerpt":{"rendered":"<p>Insomnia Black Edition Die Glasbong &#8216;Icy Tower&#8217; von Insomnia liefert gew\u00f6hlich gute Qualit\u00e4t zum angenehmen Preis. Der 6 kantige Standfu\u00df<\/p>\n","protected":false},"featured_media":28605,"comment_status":"open","ping_status":"open","template":"","meta":{"_acf_changed":false},"product_cat":[2514,2459,2510,2507,2467,2523,2515,2506,2463],"product_tag":[2474,2466],"acf":[],"_links":{"self":[{"href":"https:\/\/donaulife-new.ogrisdigital.at\/it\/wp-json\/wp\/v2\/product\/52419"}],"collection":[{"href":"https:\/\/donaulife-new.ogrisdigital.at\/it\/wp-json\/wp\/v2\/product"}],"about":[{"href":"https:\/\/donaulife-new.ogrisdigital.at\/it\/wp-json\/wp\/v2\/types\/product"}],"replies":[{"embeddable":true,"href":"https:\/\/donaulife-new.ogrisdigital.at\/it\/wp-json\/wp\/v2\/comments?post=52419"}],"wp:featuredmedia":[{"embeddable":true,"href":"https:\/\/donaulife-new.ogrisdigital.at\/it\/wp-json\/wp\/v2\/media\/28605"}],"wp:attachment":[{"href":"https:\/\/donaulife-new.ogrisdigital.at\/it\/wp-json\/wp\/v2\/media?parent=52419"}],"wp:term":[{"taxonomy":"product_cat","embeddable":true,"href":"https:\/\/donaulife-new.ogrisdigital.at\/it\/wp-json\/wp\/v2\/product_cat?post=52419"},{"taxonomy":"product_tag","embeddable":true,"href":"https:\/\/donaulife-new.ogrisdigital.at\/it\/wp-json\/wp\/v2\/product_tag?post=52419"}],"curies":[{"name":"wp","href":"https:\/\/api.w.org\/{rel}","templated":true}]}}