{"id":52374,"date":"2021-01-14T14:23:54","date_gmt":"2021-01-14T14:23:54","guid":{"rendered":"https:\/\/donaulife-new.ogrisdigital.at\/produkt\/blaze-glass-recycler-gruene-welle-195-cm\/"},"modified":"2025-01-15T07:12:16","modified_gmt":"2025-01-15T07:12:16","slug":"blaze-glass-recycler-gruene-welle-195-cm","status":"publish","type":"product","link":"https:\/\/donaulife-new.ogrisdigital.at\/it\/blaze-glass-recycler-gruene-welle-195-cm\/","title":{"rendered":"BLAZE GLASS Recycler &#8216;gr\u00fcne Welle&#8217; | 19,5 cm"},"content":{"rendered":"<h2>Blaze Glass Recycler in Meeresgr\u00fcn<\/h2>\n<div><span style=\"font-size: 14.4px;\">Diese kleine, sehr handliche Blubber aus wundersch\u00f6nem Borosilikatglas in Meergr\u00fcn von \u2018Blaze Glass Recycle\u2018 eignet sich hervorragend zum Rauchen von Kr\u00e4utern genauso wie zum Rauchen von \u00d6l oder Wax (Dabbing). Daher hat sie sowohl einen Kr\u00e4uterkopf mit Herausziehgriff\/Roll-Stopp als auch einen \u00d6l-Banger. Das farbige Glas ist sehr hochwertig und teuer.<\/span><\/div>\n<div class=\"std\">\n<div><\/div>\n<div>Durch den Lochdiffusor und den verl\u00e4ngerten Rauchweg wird der Rauch bereits gut abgek\u00fchlt. Die Recyclefunktion, wobei das hochgezogene Wasser durch die Kammerverbindungen wieder zur\u00fcck in die Basis l\u00e4uft und dabei mit frischem Sauerstoff angereichert wird, sorgt f\u00fcr gefilterten Rauchgenuss. Unerw\u00fcnschte Stoffe setzen sich n\u00e4mlich w\u00e4hrend des Recyclevorgangs an der Bongwand ab.<\/div>\n<div><\/div>\n<div>Somit steht einem smootheren, reineren Rau(s)chgenuss nichts mehr im Wege!<\/div>\n<div><\/div>\n<div>So einfach geht&#8217;s: Den Banger auf die Bong setzten, die Pfanne mit einem Brenner gl\u00fchend erhitzen, kurz abk\u00fchlen lassen, \u00d6l mit dem entsprechenden Werkzeug auf die Pfanne tr\u00e4ufeln und einen Zug nehmen, w\u00e4hrend sich Dampf entwickelt! Ein Carb Cap kann auf die \u00d6ffnung des Bangers gesetzt werden, um die Luftzufuhr zu verringern wodurch sich der Rauch st\u00e4rker bildet.<\/div>\n<p><em>Achtung:<br \/>\nDer \u00d6lbanger darf nur an der Pfanne erhitzt werden, da sonst die Gefahr besteht, dass der Schliff wegen Ausdehnung des Materials bricht.<\/em><\/p>\n<div><span style=\"font-size: 20.16px;\">\u00dcber Blaze Glass:<\/span><\/div>\n<div>\n<div>\n<p>Blaze-Glass-Bongs sind aus spannungsfreiem 3.1-Borosilikatglas (vergleichbar mit Duranglas) h\u00f6chster G\u00fcteklasse gefertigt. Mindestens 5 mm Wandst\u00e4rke machen eine Wasserpfeife robust.<br \/>\nWir verwenden extrem passgenaue Normschliffe in 14,5 bzw. 18,8 mm. Je nach Bong-Geometrie kommen normale Schliffe, verst\u00e4rkte Schliffe und bi-stabile Schliffe (doppelte Wand) in unseren Produkten zum Einsatz.<\/p>\n<\/div>\n<\/div>\n<\/div>\n","protected":false},"excerpt":{"rendered":"<p>Blaze Glass Recycler in Meeresgr\u00fcn Diese kleine, sehr handliche Blubber aus wundersch\u00f6nem Borosilikatglas in Meergr\u00fcn von \u2018Blaze Glass Recycle\u2018 eignet<\/p>\n","protected":false},"featured_media":28392,"comment_status":"open","ping_status":"open","template":"","meta":{"_acf_changed":false},"product_cat":[2514,2545,2459,2513,2549,2550,2506,2463,2551],"product_tag":[2547],"acf":[],"_links":{"self":[{"href":"https:\/\/donaulife-new.ogrisdigital.at\/it\/wp-json\/wp\/v2\/product\/52374"}],"collection":[{"href":"https:\/\/donaulife-new.ogrisdigital.at\/it\/wp-json\/wp\/v2\/product"}],"about":[{"href":"https:\/\/donaulife-new.ogrisdigital.at\/it\/wp-json\/wp\/v2\/types\/product"}],"replies":[{"embeddable":true,"href":"https:\/\/donaulife-new.ogrisdigital.at\/it\/wp-json\/wp\/v2\/comments?post=52374"}],"wp:featuredmedia":[{"embeddable":true,"href":"https:\/\/donaulife-new.ogrisdigital.at\/it\/wp-json\/wp\/v2\/media\/28392"}],"wp:attachment":[{"href":"https:\/\/donaulife-new.ogrisdigital.at\/it\/wp-json\/wp\/v2\/media?parent=52374"}],"wp:term":[{"taxonomy":"product_cat","embeddable":true,"href":"https:\/\/donaulife-new.ogrisdigital.at\/it\/wp-json\/wp\/v2\/product_cat?post=52374"},{"taxonomy":"product_tag","embeddable":true,"href":"https:\/\/donaulife-new.ogrisdigital.at\/it\/wp-json\/wp\/v2\/product_tag?post=52374"}],"curies":[{"name":"wp","href":"https:\/\/api.w.org\/{rel}","templated":true}]}}