{"id":52364,"date":"2021-01-12T14:14:22","date_gmt":"2021-01-12T14:14:22","guid":{"rendered":"https:\/\/donaulife-new.ogrisdigital.at\/produkt\/black-leaf-aluminium-grinder-rasta-crusher-o-62-mm\/"},"modified":"2024-07-01T00:44:56","modified_gmt":"2024-07-01T00:44:56","slug":"black-leaf-aluminium-grinder-rasta-crusher-o-62-mm","status":"publish","type":"product","link":"https:\/\/donaulife-new.ogrisdigital.at\/it\/black-leaf-aluminium-grinder-rasta-crusher-o-62-mm\/","title":{"rendered":"BLACK LEAF Aluminium Grinder &#8216;Rasta Crusher&#8217; | \u00d8 62 mm"},"content":{"rendered":"<h2>Black Leaf Grinder Alu Grinder Rasta<\/h2>\n<div><\/div>\n<div>Der CNC gefr\u00e4ste Grinder besteht aus vier Teilen, n\u00e4mlich Deckel, Mahlkammer mit scharfen Diamantschliff-Z\u00e4hnen, Siebkammer und Pollenkammer. Durch die pr\u00e4zise Fr\u00e4sung passt die Mahlkammer auch ohne Siebkammer auf das Bodenfach, so dass man den Grinder auch als Dreiteiler benutzen kann. Die Rasta Farben machen den Grinder absolut einzigartig.<\/div>\n<div><\/div>\n<div>Ein starker Magnet h\u00e4lt alle Bestandteile fest und sicher zusammen.<\/div>\n<div><\/div>\n<div>\n<h3>\u00dcber Black Leaf:<\/h3>\n<p>In Weed We Trust ? Smoking Paraphernalia seit 1988: Bongs, Pfeifen, Vaporizer, Grinder, Dabbing Zubeh\u00f6r, Paper &amp; Filter, Lifestyle Produkte. Es gibt viele Innovative Produkte der Marke die auch die ein oder andere Weltneuheit erschaffen haben. Im Shop bieten wir von allen Produkten die beste Auswahl.<\/p>\n<\/div>\n","protected":false},"excerpt":{"rendered":"<p>Black Leaf Grinder Alu Grinder Rasta Der CNC gefr\u00e4ste Grinder besteht aus vier Teilen, n\u00e4mlich Deckel, Mahlkammer mit scharfen Diamantschliff-Z\u00e4hnen,<\/p>\n","protected":false},"featured_media":28333,"comment_status":"open","ping_status":"open","template":"","meta":{"_acf_changed":false},"product_cat":[2481,2482,2480,2451,2483],"product_tag":[2521],"acf":[],"_links":{"self":[{"href":"https:\/\/donaulife-new.ogrisdigital.at\/it\/wp-json\/wp\/v2\/product\/52364"}],"collection":[{"href":"https:\/\/donaulife-new.ogrisdigital.at\/it\/wp-json\/wp\/v2\/product"}],"about":[{"href":"https:\/\/donaulife-new.ogrisdigital.at\/it\/wp-json\/wp\/v2\/types\/product"}],"replies":[{"embeddable":true,"href":"https:\/\/donaulife-new.ogrisdigital.at\/it\/wp-json\/wp\/v2\/comments?post=52364"}],"wp:featuredmedia":[{"embeddable":true,"href":"https:\/\/donaulife-new.ogrisdigital.at\/it\/wp-json\/wp\/v2\/media\/28333"}],"wp:attachment":[{"href":"https:\/\/donaulife-new.ogrisdigital.at\/it\/wp-json\/wp\/v2\/media?parent=52364"}],"wp:term":[{"taxonomy":"product_cat","embeddable":true,"href":"https:\/\/donaulife-new.ogrisdigital.at\/it\/wp-json\/wp\/v2\/product_cat?post=52364"},{"taxonomy":"product_tag","embeddable":true,"href":"https:\/\/donaulife-new.ogrisdigital.at\/it\/wp-json\/wp\/v2\/product_tag?post=52364"}],"curies":[{"name":"wp","href":"https:\/\/api.w.org\/{rel}","templated":true}]}}