{"id":52258,"date":"2020-10-15T10:31:15","date_gmt":"2020-10-15T10:31:15","guid":{"rendered":"https:\/\/donaulife-new.ogrisdigital.at\/produkt\/carb-cap-the-weedions\/"},"modified":"2024-07-01T00:43:47","modified_gmt":"2024-07-01T00:43:47","slug":"carb-cap-the-weedions","status":"publish","type":"product","link":"https:\/\/donaulife-new.ogrisdigital.at\/it\/carb-cap-the-weedions\/","title":{"rendered":"Carb Cap The Weedions"},"content":{"rendered":"<p>F\u00fcr das ideale Dabbing und somit den perfekten Genuss von Konzentraten wie \u00d6l oder Wax ist es wichtig, f\u00fcr eine starke Rauchentwicklung zu sorgen.<\/p>\n<p>Falls man einen \u00d6lbanger oder \u2013nagel ohne spezielle L\u00f6cher in der Rauchpfanne (sog. \u2018Domeless\u2018-N\u00e4gel) benutzt, empfiehlt sich die Benutzung einer Carb Cap. Mit dieser Rauchkuppel kann man die Luftzufuhr effektiv minimieren, wodurch sich der gehaltvolle Rauch vor der Inhalation optimal entwickeln kann. Guten Appetit!<\/p>\n<p>Die niedliche Carb Cap im Weedions-Design ist aus hitzebest\u00e4ndigem Borosilikatglas.<\/p>\n<p>&nbsp;<\/p>\n","protected":false},"excerpt":{"rendered":"<p>F\u00fcr das ideale Dabbing und somit den perfekten Genuss von Konzentraten wie \u00d6l oder Wax ist es wichtig, f\u00fcr eine<\/p>\n","protected":false},"featured_media":27725,"comment_status":"open","ping_status":"closed","template":"","meta":{"_acf_changed":false},"product_cat":[3991,2549],"product_tag":[3272],"acf":[],"_links":{"self":[{"href":"https:\/\/donaulife-new.ogrisdigital.at\/it\/wp-json\/wp\/v2\/product\/52258"}],"collection":[{"href":"https:\/\/donaulife-new.ogrisdigital.at\/it\/wp-json\/wp\/v2\/product"}],"about":[{"href":"https:\/\/donaulife-new.ogrisdigital.at\/it\/wp-json\/wp\/v2\/types\/product"}],"replies":[{"embeddable":true,"href":"https:\/\/donaulife-new.ogrisdigital.at\/it\/wp-json\/wp\/v2\/comments?post=52258"}],"wp:featuredmedia":[{"embeddable":true,"href":"https:\/\/donaulife-new.ogrisdigital.at\/it\/wp-json\/wp\/v2\/media\/27725"}],"wp:attachment":[{"href":"https:\/\/donaulife-new.ogrisdigital.at\/it\/wp-json\/wp\/v2\/media?parent=52258"}],"wp:term":[{"taxonomy":"product_cat","embeddable":true,"href":"https:\/\/donaulife-new.ogrisdigital.at\/it\/wp-json\/wp\/v2\/product_cat?post=52258"},{"taxonomy":"product_tag","embeddable":true,"href":"https:\/\/donaulife-new.ogrisdigital.at\/it\/wp-json\/wp\/v2\/product_tag?post=52258"}],"curies":[{"name":"wp","href":"https:\/\/api.w.org\/{rel}","templated":true}]}}