{"id":52164,"date":"2020-08-27T11:29:58","date_gmt":"2020-08-27T11:29:58","guid":{"rendered":"https:\/\/donaulife-new.ogrisdigital.at\/produkt\/nv-grinder-cannabis-ist-kein-brokkoli-4-teilig-o-64-mm\/"},"modified":"2024-07-01T00:42:48","modified_gmt":"2024-07-01T00:42:48","slug":"nv-grinder-cannabis-ist-kein-brokkoli-4-teilig-o-64-mm","status":"publish","type":"product","link":"https:\/\/donaulife-new.ogrisdigital.at\/it\/nv-grinder-cannabis-ist-kein-brokkoli-4-teilig-o-64-mm\/","title":{"rendered":"NV Grinder &#8216;Cannabis ist kein Brokkoli&#8217; 4-teilig | \u00d8 64 mm"},"content":{"rendered":"<h2><strong><span style=\"font-size: 23.04px;\">NV Aluminium &#8216;Grinder Cannabis ist kein Brokkoli&#8217;<\/span><\/strong><\/h2>\n<p>&#8220;Weil Alkohol gef\u00e4hrlich ist, ist Cannabis kein Brokkoli.&#8221; So erkl\u00e4rt die Drogenbeauftragte der deutschen Bundesregierung Daniela Ludwig die Frage ob Alkohol gef\u00e4hrlicher als Cannabis ist. Dar\u00fcber kann man eigentlich nur eine Homage machen was NV Grinder hier perfekt gelungen ist! Hol dir deine neue Brokkoli M\u00fchle.<\/p>\n<h2><strong>Was kann der NV Diamond Grinder?<\/strong><\/h2>\n<ul>\n<li>Sauberes mahlen.<\/li>\n<li>L\u00f6wenzahnf\u00f6rmige Klingen f\u00fcr perfekte Ergebnisse<\/li>\n<li>Entwickelt in \u00d6sterreich.<\/li>\n<li>Speziell entwickelte Klingen.<\/li>\n<li>Verwandelbar in einen 3-teiligen Grinder; nehmen Sie einfach den Pollenfilter heraus und setzen Sie den Grinder wieder zusammen, um eine kleinere Version dieses Grinders zu erhalten.<\/li>\n<li>D\u00fcnner Kunststoff-Ring f\u00fcr smoothes Grinden, kein quietschen und wenig Reibung.<\/li>\n<li>limitiertes Cannabis ist keine Brokkoli-Edition<\/li>\n<li>Leistungsstarke Magnete halten den Deckel fest verschlossen, um herausfallen von \u00dcberresten zu vermeiden.<\/li>\n<li>Neues Design mit UV-Druck<\/li>\n<li>Versand aus \u00d6sterreich.<\/li>\n<\/ul>\n<h2><strong>Stark. Leichtgewichtig. Langlebig.<\/strong><\/h2>\n<p class=\"text-align-center\">Jeder NV Grinder wird aus Aluminium gefertigt. Dank au\u00dfergew\u00f6hnlicher St\u00e4rke, perfekter Balance und beispielloser Langlebigkeit h\u00e4lt der NV Grinder ein Leben lang.<\/p>\n<h2 class=\"text-align-center\"><strong>Beispiellose Schneidetechnologie.<\/strong><\/h2>\n<p class=\"text-align-center\">Mit den rasiermesserscharfen L\u00f6wenzahnf\u00f6rmigen Z\u00e4hnen mahlst du jedes (Un)kraut klein. Ein paar Umdrehungen gen\u00fcgen um selbst z\u00e4he, stammartige Kr\u00e4uter problemlos zu zerkleinern.<\/p>\n<h2 class=\"text-align-center\"><strong>Innovatives Design.<\/strong><\/h2>\n<p class=\"text-align-center\">Neues Design mit UV-Druck Cannabis ist keine Brokkoli-Edition.<\/p>\n<div id=\"block-yui_3_17_2_3_1441928423324_6106\" class=\"sqs-block code-block sqs-block-code\" data-block-type=\"23\">\n<div class=\"sqs-block-content\">\n<p><strong style=\"font-size: 20.16px; color: #333333;\">Pflege und Wartung<\/strong><\/p>\n<div id=\"block-yui_3_17_2_5_1441928423324_8877\" class=\"sqs-block code-block sqs-block-code\" data-block-type=\"23\">\n<div class=\"sqs-block-content\">\n<p><strong>Reinigung des Schneidbereichs:<\/strong> W\u00e4hrend der NV Grinder im Allgemeinen nicht gereinigt werden muss, k\u00f6nnen Kr\u00e4uter, die einen au\u00dfergew\u00f6hnlich hohen Feuchtigkeitsgehalt aufweisen, leicht haften bleiben. So entfernst du Material, das sich ansammelt:<\/p>\n<ul>\n<li>Klopfe die M\u00fchle leicht auf eine feste Oberfl\u00e4che.<\/li>\n<li>B\u00fcrste alles raus, was mit einer Zahnb\u00fcrste oder einer anderen weichen B\u00fcrste \u00fcbrig bleibt.<\/li>\n<\/ul>\n<h3>\u00dcber NV Grinder:<\/h3>\n<p>NVGRINDER arbeitet st\u00e4ndig daran, die beste Qualit\u00e4t f\u00fcr ihre Produkte zu erzielen.<br \/>\nWir haben immer wieder neue Ideen und arbeiten eng mit den besten Herstellern der Welt zusammen.<br \/>\nUnsere Qualit\u00e4tsstandards sind sehr hoch, egal welches Material, und unser Ziel wird es immer sein, die besten und innovativsten Grinder f\u00fcr dich herzustellen!<\/p>\n<h4><strong>Was macht unsere Produkte\u00a0 besonders?<\/strong><\/h4>\n<h4>Jeder Grinder Typ der von uns produziert wird durchl\u00e4uft ein Testverfahren, um sicherzustellen, dass er den hohen Bed\u00fcrfnissen eines Rauchers entspricht, bevor wir ihn offiziell releasen.<\/h4>\n<\/div>\n<\/div>\n<\/div>\n<\/div>\n","protected":false},"excerpt":{"rendered":"<p>NV Aluminium &#8216;Grinder Cannabis ist kein Brokkoli&#8217; &#8220;Weil Alkohol gef\u00e4hrlich ist, ist Cannabis kein Brokkoli.&#8221; So erkl\u00e4rt die Drogenbeauftragte der<\/p>\n","protected":false},"featured_media":27277,"comment_status":"open","ping_status":"open","template":"","meta":{"_acf_changed":false},"product_cat":[2481,2482,2489,2480,2451,2483,3114],"product_tag":[2694],"acf":[],"_links":{"self":[{"href":"https:\/\/donaulife-new.ogrisdigital.at\/it\/wp-json\/wp\/v2\/product\/52164"}],"collection":[{"href":"https:\/\/donaulife-new.ogrisdigital.at\/it\/wp-json\/wp\/v2\/product"}],"about":[{"href":"https:\/\/donaulife-new.ogrisdigital.at\/it\/wp-json\/wp\/v2\/types\/product"}],"replies":[{"embeddable":true,"href":"https:\/\/donaulife-new.ogrisdigital.at\/it\/wp-json\/wp\/v2\/comments?post=52164"}],"wp:featuredmedia":[{"embeddable":true,"href":"https:\/\/donaulife-new.ogrisdigital.at\/it\/wp-json\/wp\/v2\/media\/27277"}],"wp:attachment":[{"href":"https:\/\/donaulife-new.ogrisdigital.at\/it\/wp-json\/wp\/v2\/media?parent=52164"}],"wp:term":[{"taxonomy":"product_cat","embeddable":true,"href":"https:\/\/donaulife-new.ogrisdigital.at\/it\/wp-json\/wp\/v2\/product_cat?post=52164"},{"taxonomy":"product_tag","embeddable":true,"href":"https:\/\/donaulife-new.ogrisdigital.at\/it\/wp-json\/wp\/v2\/product_tag?post=52164"}],"curies":[{"name":"wp","href":"https:\/\/api.w.org\/{rel}","templated":true}]}}