{"id":52147,"date":"2020-07-09T11:33:08","date_gmt":"2020-07-09T11:33:08","guid":{"rendered":"https:\/\/donaulife-new.ogrisdigital.at\/produkt\/grannys-weed-rolling-tray-in-granny-we-trust\/"},"modified":"2024-07-01T00:42:37","modified_gmt":"2024-07-01T00:42:37","slug":"grannys-weed-rolling-tray-in-granny-we-trust","status":"publish","type":"product","link":"https:\/\/donaulife-new.ogrisdigital.at\/it\/grannys-weed-rolling-tray-in-granny-we-trust\/","title":{"rendered":"GRANNY\u00b4S WEED Rolling Tray | &#8216;In granny we trust&#8217;"},"content":{"rendered":"<p>Der Rolling Tray von Granny\u00b4s Weed besticht mit der gechillten Oma die schon lange wei\u00df welche Kr\u00e4uter im Garten gut f\u00fcr Sie sind \ud83d\ude09<\/p>\n<h3>\u00dcber GRANNY\u00b4s WEED:<\/h3>\n<p>Moin, wir sind Constantin und Pablo von GRANNY\u2019S WEED! Wir haben dieses Start-Up gegr\u00fcndet, weil wir mit unserer Marke die Entkriminalisierung von Hanf in Deutschland f\u00f6rdern und auf den medizinischen Nutzen aufmerksam machen wollen.<\/p>\n<p>Auch wenn wir bisher nur ein Start-Up sind, m\u00f6chten wir etwas Gutes tun. Wir werden langfristig 5% unseres Gewinns an Organisationen, die sich f\u00fcr die Legalisierung von Hanf in Europa einsetzen, spenden. Auch Organisationen, welche dessen medizinischen Nutzen f\u00f6rdern und vorantreiben, gilt es zu unterst\u00fctzen.<\/p>\n<p>Unsere Produkte werden mit gro\u00dfm\u00fctterlicher F\u00fcrsorge hergestellt und verpackt. Wir arbeiten stets an neuen Produktideen, um euch den positiven Gebrauch und Nutzen von Hanf n\u00e4her zu bringen. Hanf geh\u00f6rt zu den nachhaltigsten Pflanzen, die unsere Erde zu bieten hat.<\/p>\n<p>Wir von GRANNY\u2019S WEED m\u00f6chten euch immer auf dem Laufenden halten. Schaut gerne \u00f6fters hier vorbei oder folgt uns auf Instagram um nichts zu verpassen! Bei Fragen und Anregungen kontaktiert uns gerne!<\/p>\n<p>Stay tuned and enjoy life! ???<\/p>\n<p>&nbsp;<\/p>\n","protected":false},"excerpt":{"rendered":"<p>Der Rolling Tray von Granny\u00b4s Weed besticht mit der gechillten Oma die schon lange wei\u00df welche Kr\u00e4uter im Garten gut<\/p>\n","protected":false},"featured_media":27171,"comment_status":"open","ping_status":"open","template":"","meta":{"_acf_changed":false},"product_cat":[2794,2489,2566,3238,2451,2793],"product_tag":[3239],"acf":[],"_links":{"self":[{"href":"https:\/\/donaulife-new.ogrisdigital.at\/it\/wp-json\/wp\/v2\/product\/52147"}],"collection":[{"href":"https:\/\/donaulife-new.ogrisdigital.at\/it\/wp-json\/wp\/v2\/product"}],"about":[{"href":"https:\/\/donaulife-new.ogrisdigital.at\/it\/wp-json\/wp\/v2\/types\/product"}],"replies":[{"embeddable":true,"href":"https:\/\/donaulife-new.ogrisdigital.at\/it\/wp-json\/wp\/v2\/comments?post=52147"}],"wp:featuredmedia":[{"embeddable":true,"href":"https:\/\/donaulife-new.ogrisdigital.at\/it\/wp-json\/wp\/v2\/media\/27171"}],"wp:attachment":[{"href":"https:\/\/donaulife-new.ogrisdigital.at\/it\/wp-json\/wp\/v2\/media?parent=52147"}],"wp:term":[{"taxonomy":"product_cat","embeddable":true,"href":"https:\/\/donaulife-new.ogrisdigital.at\/it\/wp-json\/wp\/v2\/product_cat?post=52147"},{"taxonomy":"product_tag","embeddable":true,"href":"https:\/\/donaulife-new.ogrisdigital.at\/it\/wp-json\/wp\/v2\/product_tag?post=52147"}],"curies":[{"name":"wp","href":"https:\/\/api.w.org\/{rel}","templated":true}]}}