{"id":52101,"date":"2020-06-03T13:31:47","date_gmt":"2020-06-03T13:31:47","guid":{"rendered":"https:\/\/donaulife-new.ogrisdigital.at\/produkt\/black-leaf-oil-extraktor-m-l\/"},"modified":"2024-07-01T00:41:57","modified_gmt":"2024-07-01T00:41:57","slug":"black-leaf-oil-extraktor-m-l","status":"publish","type":"product","link":"https:\/\/donaulife-new.ogrisdigital.at\/it\/black-leaf-oil-extraktor-m-l\/","title":{"rendered":"BLACK LEAF BHO Extraktor Edelstahl | M\/L"},"content":{"rendered":"<h2>Black Leaf BHO Extractor aus Edelstahl<\/h2>\n<p>Dabbing wird immer beliebter, doch leider gibt es noch nicht so viele L\u00e4nder in der heutigen Welt, in denen die daf\u00fcr ben\u00f6tigten Konzentrate wie \u00d6l oder Wax fix &amp; fertig erh\u00e4ltlich sind. Mit diesem Extraktor von \u2018Oil Black Leaf\u2018 k\u00f6nnen Ganjapreneure relativ schnell und einfach aus Bl\u00fcten und auch restlichem Pflanzenmaterial (z. B. Blattabf\u00e4llen) feinste \u00d6le und potente Konzentrate extrahieren. Dies funktioniert bei dem \u2018Oil Black Leaf\u2018-Extraktor unter Verwendung von Butangas. Wir empfehlen allerdings die Verwendung von D.M.E. (Dimethylether), da dies weniger explosiv, nicht toxisch und weitaus effizienter ist.<\/p>\n<p>Und so easy funktioniert die Extraktion, die nur im Freien oder sehr gut bel\u00fcfteten R\u00e4umen und fernab s\u00e4mtlicher W\u00e4rmequellen durchgef\u00fchrt werden darf:<\/p>\n<p>Den Extraktionsbeh\u00e4lter locker mit gut getrocknetem sowie zerkleinertem Pflanzenmaterial bef\u00fcllen und verschlie\u00dfen, ein Gummiring sorgt f\u00fcr die n\u00f6tige Abdichtung. Butangas- oder D.M.E.\u2013Dose aufsetzen und das L\u00f6sungsmittel in den Extraktor str\u00f6men lassen. Bald beginnt das fl\u00fcssige Extrakt auf der anderen Seite hinauszulaufen, wobei es vorher noch durch das austauschbare Sieb gefiltert wird. Am besten f\u00e4ngt man es in einer ausreichend gro\u00dfen und temperaturbest\u00e4ndigen Sch\u00fcssel auf, welche idealerweise auch noch antihaftend ist. Nach ca. 24 Stunden kann dann das kostbare, klebrige Konzentrat abgekratzt werden.<\/p>\n<p>Bei dieser Art von Extraktion wird der Extraktionsbeh\u00e4lter extrem kalt und setzt normalerweise das Tragen von Schutzhandschuhen voraus. Der \u2018Oil Black Leaf\u2018-Extraktor ist deshalb mit einer vor Gefrierbrand sch\u00fctzenden, rutschfesten Silikonh\u00fclle ummantelt. Allerdings raten wir aus Sicherheitsgr\u00fcnden dringend dazu, w\u00e4hrend des ganzen Vorganges eine Schutzbrille zu tragen! Wenn die Gasdose vollst\u00e4ndig entleert ist, sollte der Extrakteur mindestens 30 Sekunden warten, bevor er diese wieder vom Extraktor abzieht. Zur Reinigung zuerst restliches Pflanzenmaterial aus dem Extraktor entfernen und ihn danach am besten im Geschirrsp\u00fcler reinigen.<\/p>\n<p>Und nicht vergessen: 7.10h &#8211; It\u2019s Dabbing Time!<\/p>\n<p>Mehr \u00fcber\u00b4s extrahieren erfahrt ihr <a href=\"https:\/\/www.donaulife.com\/cbd-oel-extrahieren\/\" target=\"_blank\" rel=\"noopener\">hier<\/a><\/p>\n<h3><span style=\"font-size: 20.16px;\">\u00dcber Black Leaf:<\/span><\/h3>\n<div>\n<p>In Weed We Trust ? Smoking\u00a0<em>Paraphernalia<\/em> seit 1988: Bongs, Pfeifen, Vaporizer, Grinder, Dabbing Zubeh\u00f6r, Paper &amp; Filter, Lifestyle Produkte. Es gibt viele Innovative Produkte der Marke die auch die ein oder andere Weltneuheit erschaffen haben. Im Shop bieten wir von allen Produkten die beste Auswahl.<\/p>\n<\/div>\n","protected":false},"excerpt":{"rendered":"<p>Black Leaf BHO Extractor aus Edelstahl Dabbing wird immer beliebter, doch leider gibt es noch nicht so viele L\u00e4nder in<\/p>\n","protected":false},"featured_media":26898,"comment_status":"open","ping_status":"closed","template":"","meta":{"_acf_changed":false},"product_cat":[2549,2620],"product_tag":[2521],"acf":[],"_links":{"self":[{"href":"https:\/\/donaulife-new.ogrisdigital.at\/it\/wp-json\/wp\/v2\/product\/52101"}],"collection":[{"href":"https:\/\/donaulife-new.ogrisdigital.at\/it\/wp-json\/wp\/v2\/product"}],"about":[{"href":"https:\/\/donaulife-new.ogrisdigital.at\/it\/wp-json\/wp\/v2\/types\/product"}],"replies":[{"embeddable":true,"href":"https:\/\/donaulife-new.ogrisdigital.at\/it\/wp-json\/wp\/v2\/comments?post=52101"}],"wp:featuredmedia":[{"embeddable":true,"href":"https:\/\/donaulife-new.ogrisdigital.at\/it\/wp-json\/wp\/v2\/media\/26898"}],"wp:attachment":[{"href":"https:\/\/donaulife-new.ogrisdigital.at\/it\/wp-json\/wp\/v2\/media?parent=52101"}],"wp:term":[{"taxonomy":"product_cat","embeddable":true,"href":"https:\/\/donaulife-new.ogrisdigital.at\/it\/wp-json\/wp\/v2\/product_cat?post=52101"},{"taxonomy":"product_tag","embeddable":true,"href":"https:\/\/donaulife-new.ogrisdigital.at\/it\/wp-json\/wp\/v2\/product_tag?post=52101"}],"curies":[{"name":"wp","href":"https:\/\/api.w.org\/{rel}","templated":true}]}}