{"id":52083,"date":"2020-05-26T10:12:39","date_gmt":"2020-05-26T10:12:39","guid":{"rendered":"https:\/\/donaulife-new.ogrisdigital.at\/produkt\/purize-grinder-4-teilig-o-50-mm\/"},"modified":"2024-07-01T00:41:44","modified_gmt":"2024-07-01T00:41:44","slug":"purize-grinder-4-teilig-o-50-mm","status":"publish","type":"product","link":"https:\/\/donaulife-new.ogrisdigital.at\/it\/purize-grinder-4-teilig-o-50-mm\/","title":{"rendered":"PURIZE Grinder 4-teilig | \u00d8 50 mm"},"content":{"rendered":"<div>\n<h2>Purize Grinder 4-teilig<\/h2>\n<\/div>\n<div><\/div>\n<div>Treuer Begleiter mit allen Vorz\u00fcgen: Unser 4-teiliger Alu-Grinder mit Pollinator!<\/div>\n<div><\/div>\n<div>Unser 4-teiliger Alu-Grinder in silber mit Pollinator \u2013 ein Must-Have f\u00fcr Deine Bauutensilien! Der Grinder zerkleinert perfekt und ist durch seinen einfachen Aufbau quasi unzerst\u00f6rbar. Die Z\u00e4hne sind nicht geklebt, sondern aus dem Material gefr\u00e4st und entgratet \u2013 dadurch sind diese messerscharf und \u00fcberzeugen im Grind-Verhalten gegen\u00fcber Plastik- oder Stiftgrindern extrem! Unser Grinder besitzt einen Pollinator, welcher Dein Pollum f\u00fcr Dich sammelt. Der Deckel wird durch einen leichten Magnet-Mechanismus fixiert, was zu einem sauberen Handling f\u00fchrt und letztendlich einfach praktisch ist \u2013 zus\u00e4tzlich wird Dein Grinder so zu einer sicheren Aufbewahrungsm\u00f6glichkeit f\u00fcr Deine Kr\u00e4uter. ? On Top ist auf dem Deckel des Grinders unser PURIZE\u00ae Logo eingraviert.<\/div>\n<div><\/div>\n<div>Ebenso bekommst Du in unserem Webshop die zweiteilige Ausf\u00fchrung unseres Aluminium-Grinders!<\/div>\n<div><\/div>\n<div>Vorteile:<\/div>\n<div>\u2013 Pollinator<\/div>\n<div>\u2013 Scharfe, langlebige Z\u00e4hne<\/div>\n<div>\u2013 Hochwertige Verarbeitung<\/div>\n<div><\/div>\n<div>Durchmesser: 48 mm<\/div>\n<div><\/div>\n<div>\n<h3 style=\"margin: 0in; font-family: Calibri; font-size: 16.0pt;\">\u00dcber Purize:<\/h3>\n<p style=\"margin: 0in; font-family: Calibri; font-size: 11.0pt;\">PURIZE\u00ae Filters verfolgt die Vision, genussorientierten Rauchern \u2013 mit Hilfe eines PURIZE\u00ae Aktivkohlefilters \u2013 ein deutlich schadstoffreduziertes &amp; angenehmeres Raucherlebnis aufzuzeigen.<\/p>\n<\/div>\n","protected":false},"excerpt":{"rendered":"<p>Purize Grinder 4-teilig Treuer Begleiter mit allen Vorz\u00fcgen: Unser 4-teiliger Alu-Grinder mit Pollinator! Unser 4-teiliger Alu-Grinder in silber mit Pollinator<\/p>\n","protected":false},"featured_media":26757,"comment_status":"open","ping_status":"open","template":"","meta":{"_acf_changed":false},"product_cat":[2481,2482,2489,2480,2451,2483,2861],"product_tag":[],"acf":[],"_links":{"self":[{"href":"https:\/\/donaulife-new.ogrisdigital.at\/it\/wp-json\/wp\/v2\/product\/52083"}],"collection":[{"href":"https:\/\/donaulife-new.ogrisdigital.at\/it\/wp-json\/wp\/v2\/product"}],"about":[{"href":"https:\/\/donaulife-new.ogrisdigital.at\/it\/wp-json\/wp\/v2\/types\/product"}],"replies":[{"embeddable":true,"href":"https:\/\/donaulife-new.ogrisdigital.at\/it\/wp-json\/wp\/v2\/comments?post=52083"}],"wp:featuredmedia":[{"embeddable":true,"href":"https:\/\/donaulife-new.ogrisdigital.at\/it\/wp-json\/wp\/v2\/media\/26757"}],"wp:attachment":[{"href":"https:\/\/donaulife-new.ogrisdigital.at\/it\/wp-json\/wp\/v2\/media?parent=52083"}],"wp:term":[{"taxonomy":"product_cat","embeddable":true,"href":"https:\/\/donaulife-new.ogrisdigital.at\/it\/wp-json\/wp\/v2\/product_cat?post=52083"},{"taxonomy":"product_tag","embeddable":true,"href":"https:\/\/donaulife-new.ogrisdigital.at\/it\/wp-json\/wp\/v2\/product_tag?post=52083"}],"curies":[{"name":"wp","href":"https:\/\/api.w.org\/{rel}","templated":true}]}}