{"id":52034,"date":"2020-05-12T15:13:24","date_gmt":"2020-05-12T15:13:24","guid":{"rendered":"https:\/\/donaulife-new.ogrisdigital.at\/produkt\/blindstopfen-aus-silikon-fuer-glasbongs-145-mm\/"},"modified":"2024-07-01T00:41:09","modified_gmt":"2024-07-01T00:41:09","slug":"blindstopfen-aus-silikon-fuer-glasbongs-145-mm","status":"publish","type":"product","link":"https:\/\/donaulife-new.ogrisdigital.at\/it\/blindstopfen-aus-silikon-fuer-glasbongs-145-mm\/","title":{"rendered":"Blindstopfen aus Silikon f\u00fcr Glasbongs | 14,5\/18,8 mm"},"content":{"rendered":"<h2>Blindstopfen aus Silikon<\/h2>\n<p>Wenn du deine Wohnung nicht mit Bongwasser oder Putzmittel vollsauen willst ist es unerl\u00e4sslich deine Bong perfekt zu verschlie\u00dfen. Dieser Stopfen ist f\u00fcr Bongs mit NS 19 geeignet, damit steht dem fr\u00f6hlichen Bongputzen nichts mehr im Weg.<\/p>\n<p>&nbsp;<\/p>\n","protected":false},"excerpt":{"rendered":"<p>Blindstopfen aus Silikon Wenn du deine Wohnung nicht mit Bongwasser oder Putzmittel vollsauen willst ist es unerl\u00e4sslich deine Bong perfekt<\/p>\n","protected":false},"featured_media":26563,"comment_status":"open","ping_status":"open","template":"","meta":{"_acf_changed":false},"product_cat":[2459,2786,2718,2460],"product_tag":[2521],"acf":[],"_links":{"self":[{"href":"https:\/\/donaulife-new.ogrisdigital.at\/it\/wp-json\/wp\/v2\/product\/52034"}],"collection":[{"href":"https:\/\/donaulife-new.ogrisdigital.at\/it\/wp-json\/wp\/v2\/product"}],"about":[{"href":"https:\/\/donaulife-new.ogrisdigital.at\/it\/wp-json\/wp\/v2\/types\/product"}],"replies":[{"embeddable":true,"href":"https:\/\/donaulife-new.ogrisdigital.at\/it\/wp-json\/wp\/v2\/comments?post=52034"}],"wp:featuredmedia":[{"embeddable":true,"href":"https:\/\/donaulife-new.ogrisdigital.at\/it\/wp-json\/wp\/v2\/media\/26563"}],"wp:attachment":[{"href":"https:\/\/donaulife-new.ogrisdigital.at\/it\/wp-json\/wp\/v2\/media?parent=52034"}],"wp:term":[{"taxonomy":"product_cat","embeddable":true,"href":"https:\/\/donaulife-new.ogrisdigital.at\/it\/wp-json\/wp\/v2\/product_cat?post=52034"},{"taxonomy":"product_tag","embeddable":true,"href":"https:\/\/donaulife-new.ogrisdigital.at\/it\/wp-json\/wp\/v2\/product_tag?post=52034"}],"curies":[{"name":"wp","href":"https:\/\/api.w.org\/{rel}","templated":true}]}}