{"id":51940,"date":"2020-04-17T08:59:44","date_gmt":"2020-04-17T08:59:44","guid":{"rendered":"https:\/\/donaulife-new.ogrisdigital.at\/produkt\/black-leaf-carball-aktivkohleadapter-145-188-mm\/"},"modified":"2024-07-01T00:39:52","modified_gmt":"2024-07-01T00:39:52","slug":"black-leaf-carball-aktivkohleadapter-145-188-mm","status":"publish","type":"product","link":"https:\/\/donaulife-new.ogrisdigital.at\/it\/black-leaf-carball-aktivkohleadapter-145-188-mm\/","title":{"rendered":"BLACK LEAF Carball Aktivkohleadapter | 14,5\/18,8 mm"},"content":{"rendered":"<h2>Black Leaf Aktivkohleadapter mit 14,5 oder 18,8 mm<\/h2>\n<p>Jeder der gerne \u00f6fter mal Bong raucht, sollte ernsthaft in Erwegung ziehen dies mit Aktivkohle zu tun. Das macht die Hits nicht nur sanfter sondern schont auch deine Lunge. Zuerst mit Aktivkohle f\u00fcllen danach auf den Schliff der Bong stecken und schon kanns losgehen mit dem schadstoff\u00e4rmeren Bongrauchen. Speziell bei Tabak Mischern unerl\u00e4sslich!<\/p>\n<h3><span style=\"font-size: 20.16px;\">\u00dcber Black Leaf:<\/span><\/h3>\n<div>\n<p>In Weed We Trust ? Smoking\u00a0<em>Paraphernalia<\/em> seit 1988: Bongs, Pfeifen, Vaporizer, Grinder, Dabbing Zubeh\u00f6r, Paper &amp; Filter, Lifestyle Produkte. Es gibt viele Innovative Produkte der Marke die auch die ein oder andere Weltneuheit erschaffen haben. Im Shop bieten wir von allen Produkten die beste Auswahl.<\/p>\n<\/div>\n","protected":false},"excerpt":{"rendered":"<p>Black Leaf Aktivkohleadapter mit 14,5 oder 18,8 mm Jeder der gerne \u00f6fter mal Bong raucht, sollte ernsthaft in Erwegung ziehen<\/p>\n","protected":false},"featured_media":26064,"comment_status":"open","ping_status":"open","template":"","meta":{"_acf_changed":false},"product_cat":[2785,2459,2460],"product_tag":[2521],"acf":[],"_links":{"self":[{"href":"https:\/\/donaulife-new.ogrisdigital.at\/it\/wp-json\/wp\/v2\/product\/51940"}],"collection":[{"href":"https:\/\/donaulife-new.ogrisdigital.at\/it\/wp-json\/wp\/v2\/product"}],"about":[{"href":"https:\/\/donaulife-new.ogrisdigital.at\/it\/wp-json\/wp\/v2\/types\/product"}],"replies":[{"embeddable":true,"href":"https:\/\/donaulife-new.ogrisdigital.at\/it\/wp-json\/wp\/v2\/comments?post=51940"}],"wp:featuredmedia":[{"embeddable":true,"href":"https:\/\/donaulife-new.ogrisdigital.at\/it\/wp-json\/wp\/v2\/media\/26064"}],"wp:attachment":[{"href":"https:\/\/donaulife-new.ogrisdigital.at\/it\/wp-json\/wp\/v2\/media?parent=51940"}],"wp:term":[{"taxonomy":"product_cat","embeddable":true,"href":"https:\/\/donaulife-new.ogrisdigital.at\/it\/wp-json\/wp\/v2\/product_cat?post=51940"},{"taxonomy":"product_tag","embeddable":true,"href":"https:\/\/donaulife-new.ogrisdigital.at\/it\/wp-json\/wp\/v2\/product_tag?post=51940"}],"curies":[{"name":"wp","href":"https:\/\/api.w.org\/{rel}","templated":true}]}}