{"id":51930,"date":"2020-04-10T16:31:04","date_gmt":"2020-04-10T16:31:04","guid":{"rendered":"https:\/\/donaulife-new.ogrisdigital.at\/produkt\/smono-no-4-pro-schwarz\/"},"modified":"2024-07-01T00:39:41","modified_gmt":"2024-07-01T00:39:41","slug":"smono-no-4-pro-schwarz","status":"publish","type":"product","link":"https:\/\/donaulife-new.ogrisdigital.at\/it\/smono-no-4-pro-schwarz\/","title":{"rendered":"SMONO No. 4 Pro | Kr\u00e4uter"},"content":{"rendered":"<div class=\"grid12-12\">\n<h3>Highlights<\/h3>\n<ul>\n<li class=\"checkmark\">Qualit\u00e4tsvaporizer aus Deutschland<\/li>\n<li class=\"checkmark\">3000 mAh Akku<\/li>\n<li class=\"checkmark\">Digitales OLED Display<\/li>\n<li class=\"checkmark\">Vollst\u00e4ndige Reinigung des Luftpfades m\u00f6glich<\/li>\n<li class=\"checkmark\">Glasmundst\u00fcck aus Laborglas<\/li>\n<li class=\"checkmark\">regulierbarer Luftstrom<\/li>\n<li class=\"checkmark\">Schnelladefunktion<\/li>\n<li class=\"checkmark\">sehr ausf\u00fchrliche deutsche Anleitung<\/li>\n<\/ul>\n<h3>Beschreibung<\/h3>\n<p>Der Smono 4 Pro spezialisiert sich auf Kr\u00e4uter und wurde gebaut, um das Beste aus einer Kammerf\u00fcllung herauszuholen. Sein Luftstrom-Regler erlaubt es den Zugwiderstand zu finden, der einem am Meisten zusagt.Das Glasmundst\u00fcck l\u00e4sst sich f\u00fcr die Reinigung auseinander bauen. Die einzelnen Komponenten sind dadurch besonders langlebig. Eine Reinigung des Luftpfades wird durch die mitgelieferte schmale B\u00fcrste erm\u00f6glicht. Gradgenaue Temperatursteuerung und ein Sicherheits- Timer runden die PRO Version ab.Neben dem Mundst\u00fcck befindet sich das Display des Smono 4 Pro. Dieses gibt einen \u00dcberblick \u00fcber den aktuellen Akkustand, den Timer und die eingestellte Temperatur. Ein Wechsel zwischen Fahrenheit und Celcius ist ebenfalls m\u00f6glich.<\/p>\n<\/div>\n<div><\/div>\n<div class=\"grid12-12\">Lieferumfang:<\/div>\n<div class=\"grid12-12\">1x Smono 4 PRO Vaporizer<br \/>\n1x Geschenkbox<br \/>\n1x Kammerreinigungsb\u00fcrste<br \/>\n1x Luftpfadreinigungsb\u00fcrste<br \/>\n1x F\u00fcllwerkzeug<br \/>\n1x USB Kabel<br \/>\n1x Mundst\u00fcckfilter<br \/>\n1x Anleitung in Deutsch und Englisch<\/div>\n","protected":false},"excerpt":{"rendered":"<p>Highlights Qualit\u00e4tsvaporizer aus Deutschland 3000 mAh Akku Digitales OLED Display Vollst\u00e4ndige Reinigung des Luftpfades m\u00f6glich Glasmundst\u00fcck aus Laborglas regulierbarer Luftstrom<\/p>\n","protected":false},"featured_media":26000,"comment_status":"open","ping_status":"closed","template":"","meta":{"_acf_changed":false},"product_cat":[2625,2623],"product_tag":[],"acf":[],"_links":{"self":[{"href":"https:\/\/donaulife-new.ogrisdigital.at\/it\/wp-json\/wp\/v2\/product\/51930"}],"collection":[{"href":"https:\/\/donaulife-new.ogrisdigital.at\/it\/wp-json\/wp\/v2\/product"}],"about":[{"href":"https:\/\/donaulife-new.ogrisdigital.at\/it\/wp-json\/wp\/v2\/types\/product"}],"replies":[{"embeddable":true,"href":"https:\/\/donaulife-new.ogrisdigital.at\/it\/wp-json\/wp\/v2\/comments?post=51930"}],"wp:featuredmedia":[{"embeddable":true,"href":"https:\/\/donaulife-new.ogrisdigital.at\/it\/wp-json\/wp\/v2\/media\/26000"}],"wp:attachment":[{"href":"https:\/\/donaulife-new.ogrisdigital.at\/it\/wp-json\/wp\/v2\/media?parent=51930"}],"wp:term":[{"taxonomy":"product_cat","embeddable":true,"href":"https:\/\/donaulife-new.ogrisdigital.at\/it\/wp-json\/wp\/v2\/product_cat?post=51930"},{"taxonomy":"product_tag","embeddable":true,"href":"https:\/\/donaulife-new.ogrisdigital.at\/it\/wp-json\/wp\/v2\/product_tag?post=51930"}],"curies":[{"name":"wp","href":"https:\/\/api.w.org\/{rel}","templated":true}]}}