{"id":51929,"date":"2020-04-10T15:51:47","date_gmt":"2020-04-10T15:51:47","guid":{"rendered":"https:\/\/donaulife-new.ogrisdigital.at\/produkt\/ocb-aktivkohlefilter-7-mm-50-filter\/"},"modified":"2024-07-01T00:39:41","modified_gmt":"2024-07-01T00:39:41","slug":"ocb-aktivkohlefilter-7-mm-50-filter","status":"publish","type":"product","link":"https:\/\/donaulife-new.ogrisdigital.at\/it\/ocb-aktivkohlefilter-7-mm-50-filter\/","title":{"rendered":"OCB Activ&#8217; Tips slim 7 mm | 10\/50 Filter"},"content":{"rendered":"<h2>OCB Slim Aktivkohlefilter<\/h2>\n<div>OCB Activ&#8217;Tips Slim Aktivkohlefilter mit Keramikkappen zum Eindrehen in Selbstgedrehte f\u00fcr k\u00fchlen, trockenen Rauch.<\/div>\n<div>F\u00fcr die &#8216;Activ&#8217;Tips&#8217; werden speziell geformte Aktivkohlepellets eingesetzt, wobei besonders Wert auf die optimale F\u00fclldichte gelegt wird, um die bestm\u00f6gliche Filtration bei leichtem Zugwiderstand zu gew\u00e4hren.<\/div>\n<div><\/div>\n<div>Die hoch saugf\u00e4higen Papierh\u00fclsen sind nicht chlorgebleicht. Die Keramikkappen mit ringf\u00f6rmigem Lochkanal sorgen f\u00fcr Verwirbelung und besitzen Poren f\u00fcr optimierte Saugf\u00e4higkeit.<\/div>\n<div>\n<div>\n<h3>\u00dcber OCB:<\/h3>\n<p>OCB steht f\u00fcr Odet Cascadec Bollor\u00e9, heute Bollor\u00e9, dem franz\u00f6sischen Mischkonzern der die Marke bis ins Jahr 2000 herstellte. Aber bis heute wird die Marke nat\u00fcrlich weltweit in jedem gut sortierten Rauch Zubeh\u00f6rhandel gef\u00fchrt. Von den klassischen bekannten blauen regular Papers bis hin zu Kingsize Varianten und nat\u00fcrlich Rolls bietet OCB eine gro\u00dfe Auswahl an Papieren an. Seit kurzem widmet sich die Firma auch vermehrt im Bereich der Aktivkohlefilter und bietet auch dort h\u00f6chste Qualit\u00e4t sehr gute Filterung.<\/p>\n<\/div>\n<div>\n<p>Zuerst produzierte das Unternehmen Kopierpapier f\u00fcr Briefe, Coton-Papier und Musselin-Papier. Mit Beginn des 20. Jahrhunderts eroberte die Zigarettenwelle Frankreich und etablierte sich ebenso am Weltmarkt. Somit wanderte der Fokus weg von Briefpapier und hin zur Herstellung von Zigarettenpapier. 1918 war schlie\u00dflich das Geburtsjahr der Marke OCB und es wurden die ersten Bl\u00e4ttchen produziert und verkauft.<\/p>\n<\/div>\n<\/div>\n<div><\/div>\n","protected":false},"excerpt":{"rendered":"<p>OCB Slim Aktivkohlefilter OCB Activ&#8217;Tips Slim Aktivkohlefilter mit Keramikkappen zum Eindrehen in Selbstgedrehte f\u00fcr k\u00fchlen, trockenen Rauch. F\u00fcr die &#8216;Activ&#8217;Tips&#8217;<\/p>\n","protected":false},"featured_media":25997,"comment_status":"open","ping_status":"open","template":"","meta":{"_acf_changed":false},"product_cat":[2652,2489,2499,2451,2752],"product_tag":[],"acf":[],"_links":{"self":[{"href":"https:\/\/donaulife-new.ogrisdigital.at\/it\/wp-json\/wp\/v2\/product\/51929"}],"collection":[{"href":"https:\/\/donaulife-new.ogrisdigital.at\/it\/wp-json\/wp\/v2\/product"}],"about":[{"href":"https:\/\/donaulife-new.ogrisdigital.at\/it\/wp-json\/wp\/v2\/types\/product"}],"replies":[{"embeddable":true,"href":"https:\/\/donaulife-new.ogrisdigital.at\/it\/wp-json\/wp\/v2\/comments?post=51929"}],"wp:featuredmedia":[{"embeddable":true,"href":"https:\/\/donaulife-new.ogrisdigital.at\/it\/wp-json\/wp\/v2\/media\/25997"}],"wp:attachment":[{"href":"https:\/\/donaulife-new.ogrisdigital.at\/it\/wp-json\/wp\/v2\/media?parent=51929"}],"wp:term":[{"taxonomy":"product_cat","embeddable":true,"href":"https:\/\/donaulife-new.ogrisdigital.at\/it\/wp-json\/wp\/v2\/product_cat?post=51929"},{"taxonomy":"product_tag","embeddable":true,"href":"https:\/\/donaulife-new.ogrisdigital.at\/it\/wp-json\/wp\/v2\/product_tag?post=51929"}],"curies":[{"name":"wp","href":"https:\/\/api.w.org\/{rel}","templated":true}]}}