{"id":51882,"date":"2020-04-02T08:59:51","date_gmt":"2020-04-02T08:59:51","guid":{"rendered":"https:\/\/donaulife-new.ogrisdigital.at\/produkt\/grace-glass-nectar-collector-34-cm\/"},"modified":"2024-07-01T00:39:12","modified_gmt":"2024-07-01T00:39:12","slug":"grace-glass-nectar-collector-34-cm","status":"publish","type":"product","link":"https:\/\/donaulife-new.ogrisdigital.at\/it\/grace-glass-nectar-collector-34-cm\/","title":{"rendered":"GRACE GLASS Nectar Collector &#8216;Honigbiene&#8217; | 34 cm"},"content":{"rendered":"<h2>Grace Glass Nectar Collector<\/h2>\n<p>Der Grace Glass Nectar Collector ist eine ganz besondere Dab Bong. Der Nagel befindet sich in diesem Fall auf der Unterseite und nimmt das zu verdampfende Material direkt aus der Glasschale. Der Dampf zieht in die Percolator Wasser Kammer, wird dort ordentlich versprudelt und gek\u00fchlt und macht sich dann auf den weg zum Mundst\u00fcck.<\/p>\n<p>Mit im Paket ist ein Quartz Nagel und ein Titannagel. Au\u00dferdem ist die Glasschale mit dabei. Alle Schliffe sind 18,8 mm.<\/p>\n<h3>\u00dcber Grace Glass:<\/h3>\n<p>Unter dem Namen Grace Glass versteht man ausgefallene Bongdesigns kombiniert mit hochwertiger Verarbeitung. Durch diese Kombination hat sich diese 2010 gegr\u00fcndete niederl\u00e4ndische Marke, innerhalb k\u00fcrzester Zeit, einen Platz bei den ganz Gro\u00dfen der Industrie gesichert. Markenzeichen sind die perfekt gesetzten farbigen Akzente und gut verbauten Percolatoren. Die Marke bietet beides, sowohl individuelle Designs f\u00fcrs Auge als auch hervorragende Rauchleistung f\u00fcr den Benutzer. Neben Bongs findest du auch Chillums und Bongk\u00f6pfe von Grace Glass um deine Bong stylisch zu perfektionieren.<\/p>\n","protected":false},"excerpt":{"rendered":"<p>Grace Glass Nectar Collector Der Grace Glass Nectar Collector ist eine ganz besondere Dab Bong. Der Nagel befindet sich in<\/p>\n","protected":false},"featured_media":25778,"comment_status":"open","ping_status":"open","template":"","meta":{"_acf_changed":false},"product_cat":[2514,2459,2549,2550,2613,2506,2463,2551],"product_tag":[],"acf":[],"_links":{"self":[{"href":"https:\/\/donaulife-new.ogrisdigital.at\/it\/wp-json\/wp\/v2\/product\/51882"}],"collection":[{"href":"https:\/\/donaulife-new.ogrisdigital.at\/it\/wp-json\/wp\/v2\/product"}],"about":[{"href":"https:\/\/donaulife-new.ogrisdigital.at\/it\/wp-json\/wp\/v2\/types\/product"}],"replies":[{"embeddable":true,"href":"https:\/\/donaulife-new.ogrisdigital.at\/it\/wp-json\/wp\/v2\/comments?post=51882"}],"wp:featuredmedia":[{"embeddable":true,"href":"https:\/\/donaulife-new.ogrisdigital.at\/it\/wp-json\/wp\/v2\/media\/25778"}],"wp:attachment":[{"href":"https:\/\/donaulife-new.ogrisdigital.at\/it\/wp-json\/wp\/v2\/media?parent=51882"}],"wp:term":[{"taxonomy":"product_cat","embeddable":true,"href":"https:\/\/donaulife-new.ogrisdigital.at\/it\/wp-json\/wp\/v2\/product_cat?post=51882"},{"taxonomy":"product_tag","embeddable":true,"href":"https:\/\/donaulife-new.ogrisdigital.at\/it\/wp-json\/wp\/v2\/product_tag?post=51882"}],"curies":[{"name":"wp","href":"https:\/\/api.w.org\/{rel}","templated":true}]}}