{"id":51845,"date":"2020-03-27T15:50:36","date_gmt":"2020-03-27T15:50:36","guid":{"rendered":"https:\/\/donaulife-new.ogrisdigital.at\/produkt\/illex-bongkopf-sandy-188-mm\/"},"modified":"2024-07-01T00:38:42","modified_gmt":"2024-07-01T00:38:42","slug":"illex-bongkopf-sandy-188-mm","status":"publish","type":"product","link":"https:\/\/donaulife-new.ogrisdigital.at\/it\/illex-bongkopf-sandy-188-mm\/","title":{"rendered":"ILLEX Siebkopf &#8216;Sandy&#8217; | 18,8 mm"},"content":{"rendered":"<h2>Illex Siebkopf mit 18,8 mm<\/h2>\n<p>Dieses H\u00fctchen aus dem Hause Illex kommt mit einem 18,8 mm Schliff und mit zylinderf\u00f6rmigen Kopf. Er wurde f\u00fcr gr\u00f6\u00dfere Hits konzipiert. Es handelt sich um einen Siebkopf der f\u00fcr 20 mm Siebe geeignet ist. Die komplette Oberfl\u00e4che wurde Sandgestrahlt was dem K\u00f6pfchen noch extra halt verleiht.<\/p>\n<h3>\u00dcber Illex:<\/h3>\n<p>Langweilig? Bestimmt nicht mit den Modellen von Illex. Die Glaswaren des Herstellers kommen mit coolen klaren Designs daher, mit oder ohne Eisfach oder in Farbe aber garantiert immer g\u00fcnstig und zuverl\u00e4ssig. Nat\u00fcrlich gibts auch geiles Zubeh\u00f6r zum Spitzenpreis.<\/p>\n","protected":false},"excerpt":{"rendered":"<p>Illex Siebkopf mit 18,8 mm Dieses H\u00fctchen aus dem Hause Illex kommt mit einem 18,8 mm Schliff und mit zylinderf\u00f6rmigen<\/p>\n","protected":false},"featured_media":25518,"comment_status":"open","ping_status":"open","template":"","meta":{"_acf_changed":false},"product_cat":[2462,2459,2461,2464,2463,2460],"product_tag":[2465,2466],"acf":[],"_links":{"self":[{"href":"https:\/\/donaulife-new.ogrisdigital.at\/it\/wp-json\/wp\/v2\/product\/51845"}],"collection":[{"href":"https:\/\/donaulife-new.ogrisdigital.at\/it\/wp-json\/wp\/v2\/product"}],"about":[{"href":"https:\/\/donaulife-new.ogrisdigital.at\/it\/wp-json\/wp\/v2\/types\/product"}],"replies":[{"embeddable":true,"href":"https:\/\/donaulife-new.ogrisdigital.at\/it\/wp-json\/wp\/v2\/comments?post=51845"}],"wp:featuredmedia":[{"embeddable":true,"href":"https:\/\/donaulife-new.ogrisdigital.at\/it\/wp-json\/wp\/v2\/media\/25518"}],"wp:attachment":[{"href":"https:\/\/donaulife-new.ogrisdigital.at\/it\/wp-json\/wp\/v2\/media?parent=51845"}],"wp:term":[{"taxonomy":"product_cat","embeddable":true,"href":"https:\/\/donaulife-new.ogrisdigital.at\/it\/wp-json\/wp\/v2\/product_cat?post=51845"},{"taxonomy":"product_tag","embeddable":true,"href":"https:\/\/donaulife-new.ogrisdigital.at\/it\/wp-json\/wp\/v2\/product_tag?post=51845"}],"curies":[{"name":"wp","href":"https:\/\/api.w.org\/{rel}","templated":true}]}}