{"id":51840,"date":"2020-03-26T17:04:30","date_gmt":"2020-03-26T17:04:30","guid":{"rendered":"https:\/\/donaulife-new.ogrisdigital.at\/produkt\/illex-bongkopf-fire-alien-188-mm\/"},"modified":"2025-01-15T07:12:58","modified_gmt":"2025-01-15T07:12:58","slug":"illex-bongkopf-fire-alien-188-mm","status":"publish","type":"product","link":"https:\/\/donaulife-new.ogrisdigital.at\/it\/illex-bongkopf-fire-alien-188-mm\/","title":{"rendered":"ILLEX Flutschkopf &#8216;Fire Alien&#8217; | 18,8 mm"},"content":{"rendered":"<h2>Illex Flutschkopf mit 18,8 mm Schliff<\/h2>\n<p>Dieses H\u00fctchen aus dem Hause Illex kommt mit einem 18,8 mm Schliff und mit abgerundeten Ende. Stylishes Design und coole Farben gibts noch obendrauf. Ein Rollstop ist auch vorhanden.<\/p>\n<h3>\u00dcber Illex:<\/h3>\n<p>Langweilig? Bestimmt nicht mit den Modellen von Illex. Die Glaswaren des Herstellers kommen mit coolen klaren Designs daher, mit oder ohne Eisfach oder in Farbe aber garantiert immer g\u00fcnstig und zuverl\u00e4ssig. Nat\u00fcrlich gibts auch geiles Zubeh\u00f6r zum Spitzenpreis.<\/p>\n","protected":false},"excerpt":{"rendered":"<p>Illex Flutschkopf mit 18,8 mm Schliff Dieses H\u00fctchen aus dem Hause Illex kommt mit einem 18,8 mm Schliff und mit<\/p>\n","protected":false},"featured_media":25493,"comment_status":"open","ping_status":"open","template":"","meta":{"_acf_changed":false},"product_cat":[2462,2459,2461,2464,2463,2460],"product_tag":[2465,2466],"acf":[],"_links":{"self":[{"href":"https:\/\/donaulife-new.ogrisdigital.at\/it\/wp-json\/wp\/v2\/product\/51840"}],"collection":[{"href":"https:\/\/donaulife-new.ogrisdigital.at\/it\/wp-json\/wp\/v2\/product"}],"about":[{"href":"https:\/\/donaulife-new.ogrisdigital.at\/it\/wp-json\/wp\/v2\/types\/product"}],"replies":[{"embeddable":true,"href":"https:\/\/donaulife-new.ogrisdigital.at\/it\/wp-json\/wp\/v2\/comments?post=51840"}],"wp:featuredmedia":[{"embeddable":true,"href":"https:\/\/donaulife-new.ogrisdigital.at\/it\/wp-json\/wp\/v2\/media\/25493"}],"wp:attachment":[{"href":"https:\/\/donaulife-new.ogrisdigital.at\/it\/wp-json\/wp\/v2\/media?parent=51840"}],"wp:term":[{"taxonomy":"product_cat","embeddable":true,"href":"https:\/\/donaulife-new.ogrisdigital.at\/it\/wp-json\/wp\/v2\/product_cat?post=51840"},{"taxonomy":"product_tag","embeddable":true,"href":"https:\/\/donaulife-new.ogrisdigital.at\/it\/wp-json\/wp\/v2\/product_tag?post=51840"}],"curies":[{"name":"wp","href":"https:\/\/api.w.org\/{rel}","templated":true}]}}