{"id":51782,"date":"2020-03-18T10:15:34","date_gmt":"2020-03-18T10:15:34","guid":{"rendered":"https:\/\/donaulife-new.ogrisdigital.at\/produkt\/raw-kristall-aschenbecher-15-kg\/"},"modified":"2024-07-01T00:37:56","modified_gmt":"2024-07-01T00:37:56","slug":"raw-kristall-aschenbecher-15-kg","status":"publish","type":"product","link":"https:\/\/donaulife-new.ogrisdigital.at\/it\/raw-kristall-aschenbecher-15-kg\/","title":{"rendered":"RAW Kristall Aschenbecher | 1,5 kg"},"content":{"rendered":"<p>Der RAW Kristall Aschenbecher ist eine der massivsten Kreationen und einfach ein Hingucker auf jedem Tisch. Mit 1,5 Kilogramm aber nicht als Taschenascher zu gebrauchen \ud83d\ude09<\/p>\n<p>Ma\u00dfe: \u00d8 13 cm<\/p>\n<h3>\u00dcber RAW:<\/h3>\n<p>RAW \u2013 Die nat\u00fcrliche Art zu rollen.<\/p>\n<p>Seit dem 1. Tag hat RAW den Auftrag, die F\u00fchrungsrolle in der Papierrollenindustrie zu \u00fcbernehmen. RAW hat die Welt des Rauchens revolutioniert, indem sie Produkte geschaffen hat, die von Natur aus genial gestaltet sind, um das Raucherlebnis zu verbessern.<\/p>\n<p>RAW stellt nur qualitativ hochwertige und umweltfreundliche Produkte her, die Ihr Raucherlebnis verbessern, und wir werden das wof\u00fcr wir stehen niemals \u00e4ndern. Wir genie\u00dfen es, unser unraffiniertes Papier jeden Tag zu rauchen, und wir werden es immer komplett rein also \u201cRAW\u201d belassen \u2013 f\u00fcr dich und uns!<\/p>\n","protected":false},"excerpt":{"rendered":"<p>Der RAW Kristall Aschenbecher ist eine der massivsten Kreationen und einfach ein Hingucker auf jedem Tisch. Mit 1,5 Kilogramm aber<\/p>\n","protected":false},"featured_media":25249,"comment_status":"open","ping_status":"open","template":"","meta":{"_acf_changed":false},"product_cat":[2744,2489,2566,2451,2490],"product_tag":[2493],"acf":[],"_links":{"self":[{"href":"https:\/\/donaulife-new.ogrisdigital.at\/it\/wp-json\/wp\/v2\/product\/51782"}],"collection":[{"href":"https:\/\/donaulife-new.ogrisdigital.at\/it\/wp-json\/wp\/v2\/product"}],"about":[{"href":"https:\/\/donaulife-new.ogrisdigital.at\/it\/wp-json\/wp\/v2\/types\/product"}],"replies":[{"embeddable":true,"href":"https:\/\/donaulife-new.ogrisdigital.at\/it\/wp-json\/wp\/v2\/comments?post=51782"}],"wp:featuredmedia":[{"embeddable":true,"href":"https:\/\/donaulife-new.ogrisdigital.at\/it\/wp-json\/wp\/v2\/media\/25249"}],"wp:attachment":[{"href":"https:\/\/donaulife-new.ogrisdigital.at\/it\/wp-json\/wp\/v2\/media?parent=51782"}],"wp:term":[{"taxonomy":"product_cat","embeddable":true,"href":"https:\/\/donaulife-new.ogrisdigital.at\/it\/wp-json\/wp\/v2\/product_cat?post=51782"},{"taxonomy":"product_tag","embeddable":true,"href":"https:\/\/donaulife-new.ogrisdigital.at\/it\/wp-json\/wp\/v2\/product_tag?post=51782"}],"curies":[{"name":"wp","href":"https:\/\/api.w.org\/{rel}","templated":true}]}}