{"id":51744,"date":"2020-03-10T16:34:36","date_gmt":"2020-03-10T16:34:36","guid":{"rendered":"https:\/\/donaulife-new.ogrisdigital.at\/produkt\/black-leaf-hand-bubbler-saxobong-blau\/"},"modified":"2025-01-15T07:13:12","modified_gmt":"2025-01-15T07:13:12","slug":"black-leaf-hand-bubbler-saxobong-blau","status":"publish","type":"product","link":"https:\/\/donaulife-new.ogrisdigital.at\/it\/black-leaf-hand-bubbler-saxobong-blau\/","title":{"rendered":"BLACK LEAF Hand Bubbler &#8216;Saxobong&#8217; blau"},"content":{"rendered":"<h2>Black Leaf Hand Bubbler<\/h2>\n<p>Ein kleiner feiner Hand Bubbler von Blackleaf. Durch die Wasserkammer und den Duschkopfperkolator wird der Rauch ordentlich verwirbelt und du nimmst smoothe Hits. Dass dies viel schonender f\u00fcr die Lunge ist, versteht sich von selbst. Zum H\u00fctchen gibts noch Black Leaf Sch\u00fcsselsiebe dazu.<\/p>\n<h3><span style=\"font-size: 20.16px;\">\u00dcber Black Leaf:<\/span><\/h3>\n<div>\n<p>In Weed We Trust ? Smoking\u00a0<em>Paraphernalia<\/em> seit 1988: Bongs, Pfeifen, Vaporizer, Grinder, Dabbing Zubeh\u00f6r, Paper &amp; Filter, Lifestyle Produkte. Es gibt viele Innovative Produkte der Marke die auch die ein oder andere Weltneuheit erschaffen haben. Im Shop bieten wir von allen Produkten die beste Auswahl.<\/p>\n<\/div>\n","protected":false},"excerpt":{"rendered":"<p>Black Leaf Hand Bubbler Ein kleiner feiner Hand Bubbler von Blackleaf. Durch die Wasserkammer und den Duschkopfperkolator wird der Rauch<\/p>\n","protected":false},"featured_media":25008,"comment_status":"open","ping_status":"open","template":"","meta":{"_acf_changed":false},"product_cat":[2514,2459,2513,2506,2520],"product_tag":[2521],"acf":[],"_links":{"self":[{"href":"https:\/\/donaulife-new.ogrisdigital.at\/it\/wp-json\/wp\/v2\/product\/51744"}],"collection":[{"href":"https:\/\/donaulife-new.ogrisdigital.at\/it\/wp-json\/wp\/v2\/product"}],"about":[{"href":"https:\/\/donaulife-new.ogrisdigital.at\/it\/wp-json\/wp\/v2\/types\/product"}],"replies":[{"embeddable":true,"href":"https:\/\/donaulife-new.ogrisdigital.at\/it\/wp-json\/wp\/v2\/comments?post=51744"}],"wp:featuredmedia":[{"embeddable":true,"href":"https:\/\/donaulife-new.ogrisdigital.at\/it\/wp-json\/wp\/v2\/media\/25008"}],"wp:attachment":[{"href":"https:\/\/donaulife-new.ogrisdigital.at\/it\/wp-json\/wp\/v2\/media?parent=51744"}],"wp:term":[{"taxonomy":"product_cat","embeddable":true,"href":"https:\/\/donaulife-new.ogrisdigital.at\/it\/wp-json\/wp\/v2\/product_cat?post=51744"},{"taxonomy":"product_tag","embeddable":true,"href":"https:\/\/donaulife-new.ogrisdigital.at\/it\/wp-json\/wp\/v2\/product_tag?post=51744"}],"curies":[{"name":"wp","href":"https:\/\/api.w.org\/{rel}","templated":true}]}}