{"id":51571,"date":"2019-11-27T16:07:09","date_gmt":"2019-11-27T16:07:09","guid":{"rendered":"https:\/\/donaulife-new.ogrisdigital.at\/produkt\/growfor-life-pflanzschrank\/"},"modified":"2024-07-01T00:35:18","modified_gmt":"2024-07-01T00:35:18","slug":"growfor-life-pflanzschrank","status":"publish","type":"product","link":"https:\/\/donaulife-new.ogrisdigital.at\/it\/growfor-life-pflanzschrank\/","title":{"rendered":"GROWFOR.LIFE Pflanzschrank"},"content":{"rendered":"<div class=\"grid12-12\">\n<h3>DESIGN<\/h3>\n<p>Einfach und klar, aber gleichzeitig warm und unaufdringlich. Form und Funktion gehen Hand in Hand. Nat\u00fcrliche Materialien bestimmen die Farbpalette und das Gesamtbild. W\u00e4hrend Glas und kontrastierende Farben dem Gesamtdesign ein modernes und elegantes Aussehen verleihen.<\/p>\n<h3>NUTZEN<\/h3>\n<p>Der Grund f\u00fcr diese Unternehmung war die Entwicklung eines Pflanzschranks, der es erm\u00f6glicht, kleine und mittlere Pflanzen direkt zu Hause anzubauen, ohne Kompromisse beim Design einzugehen. Wir verwenden modernste Lichttechnik und arbeiten eng mit den Entwicklern zusammen. Es wurde von Null begonnen und es werden nur die besten Komponenten verwendet, um ein hervorragendes Ergebnis zu erzielen.<\/p>\n<h3>HANDWERK<\/h3>\n<p>Das Team wollte ein M\u00f6belst\u00fcck herstellen wie Fr\u00fcher, das nicht nur gut funktioniert und sch\u00f6n aussieht, sondern auch eine Seele hat. Jeder Schrank wird von Hand gefertigt, von der kleinsten Schraube bis zum handge\u00f6lten und gewachsten Holz. Die Handwerker kommen aus den verschiedensten Bereichen und achten darauf, dass jedes St\u00fcck mit Sachkenntnis und Sorgfalt behandelt wird.<\/p>\n<h3>Bio-Anbau f\u00fcr zu Hause<\/h3>\n<p>Bei unserem Pflanzschrank geht es um Qualit\u00e4t &#8211; Ausnahmslos<br \/>\nDie einfache Bedienoberfl\u00e4che f\u00fcr die gesamte Schranktechnik bietet neben einem Auto-Flowering-Programm f\u00fcr einfachste Handhabung und Anf\u00e4nger auch vollst\u00e4ndig benutzerspezifische Einstellungen f\u00fcr spezielle Anforderungen und erfahrene Grower. Jeder kann w\u00e4hrend der gesamten Zeit vollst\u00e4ndig Einfluss nehmen. Mehr als 3 Jahre Entwicklung und \u00fcber 40 erfolgreiche und st\u00f6rungsfreie Zyklen absolviert (entspricht mehr als 10 Jahren).<\/p>\n<p>Ein besonderes Augenmerk wurde auf die Langlebigkeit und Ausfallsicherheit gegeben. Keine regelm\u00e4\u00dfige Wartung notwendig. Keine Internet- oder App-Ansteuerung notwendig. Sollte wider Erwarten doch einmal ein technisches Problem auftreten, muss nicht der ganze Schrank zur Reparatur. Das Technikfach kann einfach herausgenommen und zur Inspektion an uns per Paketpost gesendet werden.<\/p>\n<p>Biologischer Anbau bedeutet nachhaltiger Anbau. Deshalb ist unser Pflanzschrank auch nach sehr langer Lebensdauer vollst\u00e4ndig recyclebar!<\/p>\n<h3>Grow organic &#8211; grow at home<\/h3>\n<p>Bei der mitgelieferten Erde ist kein D\u00fcngen notwendig. Entgegen dem Trend zu hydroponischen Systemen haben wir uns ganz bewusst f\u00fcr torffreie vorged\u00fcngte Erde der Firma \u201cKa\u00f1amu Pacha\u201d als Grow-Medium entschieden. Erfahrene Grower k\u00f6nnen aber auch andere Medien verwenden. Bio-Anbau zu Hause, ohne Pestizide, Herbizide, Insektizide, Kunstd\u00fcnger etc. Aufzucht und Wachstum folgen vollst\u00e4ndig den nat\u00fcrlichen Abl\u00e4ufen.<\/p>\n<p>Minimaler Zeitaufwand: max. 30-60 Minuten f\u00fcr 90 Tage Zyklus. Anpflanzen, Gie\u00dfen, Ernten. Wasserreservoir h\u00e4lt je nach Pflanze und Wuchstumsstadium bis zu 3 Wochen.<\/p>\n<p>Unser Pflanzschrank ist f\u00fcr eine gro\u00dfe Vielfalt verschiedenster Planzen bis 90cm entwickelt, z. B.: Tomaten, Erdbeeren, Blaubeeren, Heidelbeeren, Paprika, Chili, Salat, Kr\u00e4uter, Blumen, Heil- und Medizinpflanzen.<\/p>\n<h3>We know how to grow and now you can do it,\u00a0 too!!!<\/h3>\n<p>Kleinkindsicher und trotzdem von erwachsenen Benutzern normal und leicht zu \u00f6ffnen. Sauberer und sehr leicht zu reinigender Planztopf und Innenraum. Wird mit vollst\u00e4ndigem Zubeh\u00f6rset f\u00fcr den sofortigen Start geliefert:<\/p>\n<p>Pflanzschrank<br \/>\n1x Selbstbew\u00e4ssernder Pflanztopf (17 Liter Erde \/ 4,5 Liter Wasserreservoir)<br \/>\n1x Ka\u00f1amu Pacha &#8220;Hortisol&#8221; 15 Liter<br \/>\n1x Handgefertigte Pflanzkelle von Krumpholz<br \/>\n1x Gie\u00dfkanne zum Bew\u00e4ssern &amp; Mischen von N\u00e4hrstoffen (1500 ml F\u00fcllmenge und Skala innen)<br \/>\n1x Chikamasa Pro Pr\u00e4zessionsschere (mit Fluor-Beschichtung reduziert Saft- und Harzanhaftungen)<br \/>\n28x Extra starke Neodym Magnete mit Haken zum Trocknen<br \/>\n2x Bleche zum Trocknen von Kleinteilen<\/p>\n<p>Versand innerhalb von Deutschland inkludiert.<\/p>\n<p><strong><span style=\"font-size: 20.16px; color: #333333;\">growfor.life<\/span><\/strong><\/p>\n<p>Die Firma growfor.life besteht aus einem internationalen Team von Kreativen, Handwerkern, Ingenieuren und Selbstst\u00e4ndigen. Sie bringen langj\u00e4hrige Erfahrungen in verschiedenen Bereichen mit und haben all ihr Wissen, K\u00f6nnen und unsere Tr\u00e4ume in diesem Projekt zusammengef\u00fchrt.<\/p>\n<p>Sie waren auf der Suche nach einem M\u00f6belst\u00fcck, das nicht nur erm\u00f6glicht Blumen, exotische Pflanzen und Heilkr\u00e4uter frisch im eigenen zu Hause zu ziehen, sondern auch den Wohnraum erg\u00e4nzt. Nachdem unsere Suche erfolglos geblieben war, begannen wir selbst ein M\u00f6belst\u00fcck zu entwickeln, das all ihren Anforderungen an Design, Funktion und Material gerecht wurde.<\/p>\n<p>Nach unz\u00e4hligen Gespr\u00e4chen und Versuchen, ist es ihnen gelungen einen Pflanzschrank zu entwickeln, der mehr ist als ein schicker Ger\u00e4tetr\u00e4ger. Es ist ein M\u00f6bel, welches in fast jeden Raum passt, egal ob in Ihre K\u00fcche, Ihr Wohnzimmer oder Ihr B\u00fcro. Der Pflanzschrank ist elegant, schlicht und unaufdringlich und dank seiner 3 Holzarten f\u00fcgt er sich in fast jedes Design ein.<\/p>\n<p>Doch neben dem Aussehen ist nat\u00fcrlich die Funktion der Kern des Pflanzschranks. growfor.life arbeitet mit dem Marktf\u00fchrer SanLights zusammen, um die besten Wachstumsergebnisse f\u00fcr den Indoor-Anbau zu erzielen.<\/p>\n<p>Einfaches und klares Design erfordert auch eine simple Handhabung. Deshalb haben wir darauf geachtet, dass die computergesteuerte Licht- und L\u00fcfterschaltung vom Heranziehen eines Samens bis hin zur fertigen Pflanze logisch ist und individuell eingestellt werden kann.<\/p>\n<\/div>\n<p>Made in Germany.<\/p>\n<p><strong>Bitte beachte wir haben den Pflanzenschrank nicht lagernd. Dieser wird direkt vom Hersteller aus Deutschland an dich versendet. Die Lieferzeit betr\u00e4gt 1-2 Wochen innerhalb Europas.<\/strong><\/p>\n","protected":false},"excerpt":{"rendered":"<p>DESIGN Einfach und klar, aber gleichzeitig warm und unaufdringlich. Form und Funktion gehen Hand in Hand. Nat\u00fcrliche Materialien bestimmen die<\/p>\n","protected":false},"featured_media":23431,"comment_status":"open","ping_status":"open","template":"","meta":{"_acf_changed":false},"product_cat":[3075,3076],"product_tag":[],"acf":[],"_links":{"self":[{"href":"https:\/\/donaulife-new.ogrisdigital.at\/it\/wp-json\/wp\/v2\/product\/51571"}],"collection":[{"href":"https:\/\/donaulife-new.ogrisdigital.at\/it\/wp-json\/wp\/v2\/product"}],"about":[{"href":"https:\/\/donaulife-new.ogrisdigital.at\/it\/wp-json\/wp\/v2\/types\/product"}],"replies":[{"embeddable":true,"href":"https:\/\/donaulife-new.ogrisdigital.at\/it\/wp-json\/wp\/v2\/comments?post=51571"}],"wp:featuredmedia":[{"embeddable":true,"href":"https:\/\/donaulife-new.ogrisdigital.at\/it\/wp-json\/wp\/v2\/media\/23431"}],"wp:attachment":[{"href":"https:\/\/donaulife-new.ogrisdigital.at\/it\/wp-json\/wp\/v2\/media?parent=51571"}],"wp:term":[{"taxonomy":"product_cat","embeddable":true,"href":"https:\/\/donaulife-new.ogrisdigital.at\/it\/wp-json\/wp\/v2\/product_cat?post=51571"},{"taxonomy":"product_tag","embeddable":true,"href":"https:\/\/donaulife-new.ogrisdigital.at\/it\/wp-json\/wp\/v2\/product_tag?post=51571"}],"curies":[{"name":"wp","href":"https:\/\/api.w.org\/{rel}","templated":true}]}}