{"id":51547,"date":"2019-11-12T12:05:44","date_gmt":"2019-11-12T12:05:44","guid":{"rendered":"https:\/\/donaulife-new.ogrisdigital.at\/produkt\/dipse-digitalwaage-eq-100\/"},"modified":"2024-07-01T00:34:43","modified_gmt":"2024-07-01T00:34:43","slug":"dipse-digitalwaage-eq-100","status":"publish","type":"product","link":"https:\/\/donaulife-new.ogrisdigital.at\/it\/dipse-digitalwaage-eq-100\/","title":{"rendered":"DIPSE Digitalwaage &#8216;EQ-100&#8217;"},"content":{"rendered":"<h2>EQ-Serie &#8211; Pr\u00e4zise und kompakte Tischwaage<\/h2>\n<p>Die digitalen Tischwaagen der DIPSE TP-Serie sind der Klassiker im Sortiment. Die H\u00f6chstlast<br \/>\nbetr\u00e4gt 500g und die Teilung 0.01g. Die gro\u00dfe Wiegefl\u00e4che<br \/>\n(100 x 95mm) bietet Ihnen viele Einsatzm\u00f6glichkeiten.<br \/>\nDie TP-Serie wird mit 2 Schutzdeckeln geliefert, so ist die Waage auch bei einem Transport optimal<br \/>\ngesichert. Ein Schutzdeckel h\u00e4lt Sch\u00e4den von der Wiegefl\u00e4che fern und der zweite Deckel sch\u00fctzt<br \/>\nDisplay und Wiegefl\u00e4che. Beide Deckel sind auch als Wiegeschalen nutzbar.<\/p>\n<p>Weitere Eigenschaften der EQ-Serie Tischwaage:<\/p>\n<ul>\n<li>100g x 0,01g oder 500g x 0,1g (nur schwarz).<\/li>\n<li>St\u00fcckz\u00e4hlfunktion<\/li>\n<li>Samtige Oberfl\u00e4che, angenehme Haptik<\/li>\n<li>Blaue LED Hintergrundbeleuchtung<br \/>\n(Abschaltbar)<\/li>\n<\/ul>\n","protected":false},"excerpt":{"rendered":"<p>EQ-Serie &#8211; Pr\u00e4zise und kompakte Tischwaage Die digitalen Tischwaagen der DIPSE TP-Serie sind der Klassiker im Sortiment. Die H\u00f6chstlast betr\u00e4gt<\/p>\n","protected":false},"featured_media":23235,"comment_status":"open","ping_status":"closed","template":"","meta":{"_acf_changed":false},"product_cat":[2767,2451],"product_tag":[],"acf":[],"_links":{"self":[{"href":"https:\/\/donaulife-new.ogrisdigital.at\/it\/wp-json\/wp\/v2\/product\/51547"}],"collection":[{"href":"https:\/\/donaulife-new.ogrisdigital.at\/it\/wp-json\/wp\/v2\/product"}],"about":[{"href":"https:\/\/donaulife-new.ogrisdigital.at\/it\/wp-json\/wp\/v2\/types\/product"}],"replies":[{"embeddable":true,"href":"https:\/\/donaulife-new.ogrisdigital.at\/it\/wp-json\/wp\/v2\/comments?post=51547"}],"wp:featuredmedia":[{"embeddable":true,"href":"https:\/\/donaulife-new.ogrisdigital.at\/it\/wp-json\/wp\/v2\/media\/23235"}],"wp:attachment":[{"href":"https:\/\/donaulife-new.ogrisdigital.at\/it\/wp-json\/wp\/v2\/media?parent=51547"}],"wp:term":[{"taxonomy":"product_cat","embeddable":true,"href":"https:\/\/donaulife-new.ogrisdigital.at\/it\/wp-json\/wp\/v2\/product_cat?post=51547"},{"taxonomy":"product_tag","embeddable":true,"href":"https:\/\/donaulife-new.ogrisdigital.at\/it\/wp-json\/wp\/v2\/product_tag?post=51547"}],"curies":[{"name":"wp","href":"https:\/\/api.w.org\/{rel}","templated":true}]}}