{"id":51536,"date":"2019-11-08T14:46:38","date_gmt":"2019-11-08T14:46:38","guid":{"rendered":"https:\/\/donaulife-new.ogrisdigital.at\/produkt\/black-leaf-oil-extraktor-s-2\/"},"modified":"2024-07-01T00:34:33","modified_gmt":"2024-07-01T00:34:33","slug":"black-leaf-oil-extraktor-s-2","status":"publish","type":"product","link":"https:\/\/donaulife-new.ogrisdigital.at\/it\/black-leaf-oil-extraktor-s-2\/","title":{"rendered":"BLACK LEAF OIL Extraktor | S &#8211; L"},"content":{"rendered":"<h2>Black Leaf Oil Extraktor S oder L<\/h2>\n<p>Der &#8216;Oil Black Leaf&#8217; &#8216;Extrator&#8217; Extraktor Gr\u00f6\u00dfe S ist geeignet f\u00fcr ca. 6g Kr\u00e4uter Deiner Wahl, die extrem trocken sein m\u00fcssen. Die Large Variante fasst 8g. Bevor diese in den &#8216;Extrator&#8217; gef\u00fcllt werden, wird ein passender Kaffeefilter vor die 5 L\u00f6cher im Boden eingesetzt. Der Glasdeckel mit Gummieinsatz wird eingesetzt und der &#8216;Extrator&#8217; wird mit den L\u00f6chern nach unten \u00fcber einen hitzeresistenten und anti-haftbeschichteten Auffangbeh\u00e4lter mit ca. 5cm Abstand gehalten. Eine Butangasflasche wird am Loch im Deckel angesetzt und so lange gedr\u00fcckt, bis die Flasche leer ist. Die entstehende Fl\u00fcssigkeit tritt durch die L\u00f6cher aus und l\u00e4uft langsam unten in den Auffangbeh\u00e4lter. Um das Verdampfen des fl\u00fcssigen Gases im Auffangbeh\u00e4lter zu beschleunigen, kann dieser in ein hei\u00dfes Wasserbad gestellt werden. Kaffefilter nicht im Lieferumfang enthalten. Alles, was man braucht: 1 Flasche Butangas (Feuerzeuggas), Schutzbrille, Handschuhe, Sch\u00fcssel aus Borosilikatglas, getrocknete Kr\u00e4uter.<\/p>\n<p>Achtung: Warten Sie 30sek. bis Sie den leeren Butangas-Beh\u00e4lter vom Extrator wieder abziehen! Immer darauf achten, dass der Raum gut gel\u00fcftet ist und sich keine offene Flamme im Umkreis von 45 Metern befindet!<\/p>\n<p>Mehr \u00fcber\u00b4s extrahieren erfahrt ihr <a href=\"https:\/\/www.donaulife.com\/cbd-oel-extrahieren\/\" target=\"_blank\" rel=\"noopener\">hier<\/a><\/p>\n<h3><span style=\"font-size: 20.16px;\">\u00dcber Black Leaf:<\/span><\/h3>\n<div>\n<p>In Weed We Trust ? Smoking\u00a0<em>Paraphernalia<\/em> seit 1988: Bongs, Pfeifen, Vaporizer, Grinder, Dabbing Zubeh\u00f6r, Paper &amp; Filter, Lifestyle Produkte. Es gibt viele Innovative Produkte der Marke die auch die ein oder andere Weltneuheit erschaffen haben. Im Shop bieten wir von allen Produkten die beste Auswahl.<\/p>\n<\/div>\n","protected":false},"excerpt":{"rendered":"<p>Black Leaf Oil Extraktor S oder L Der &#8216;Oil Black Leaf&#8217; &#8216;Extrator&#8217; Extraktor Gr\u00f6\u00dfe S ist geeignet f\u00fcr ca. 6g<\/p>\n","protected":false},"featured_media":23149,"comment_status":"open","ping_status":"closed","template":"","meta":{"_acf_changed":false},"product_cat":[2549,2620],"product_tag":[2521],"acf":[],"_links":{"self":[{"href":"https:\/\/donaulife-new.ogrisdigital.at\/it\/wp-json\/wp\/v2\/product\/51536"}],"collection":[{"href":"https:\/\/donaulife-new.ogrisdigital.at\/it\/wp-json\/wp\/v2\/product"}],"about":[{"href":"https:\/\/donaulife-new.ogrisdigital.at\/it\/wp-json\/wp\/v2\/types\/product"}],"replies":[{"embeddable":true,"href":"https:\/\/donaulife-new.ogrisdigital.at\/it\/wp-json\/wp\/v2\/comments?post=51536"}],"wp:featuredmedia":[{"embeddable":true,"href":"https:\/\/donaulife-new.ogrisdigital.at\/it\/wp-json\/wp\/v2\/media\/23149"}],"wp:attachment":[{"href":"https:\/\/donaulife-new.ogrisdigital.at\/it\/wp-json\/wp\/v2\/media?parent=51536"}],"wp:term":[{"taxonomy":"product_cat","embeddable":true,"href":"https:\/\/donaulife-new.ogrisdigital.at\/it\/wp-json\/wp\/v2\/product_cat?post=51536"},{"taxonomy":"product_tag","embeddable":true,"href":"https:\/\/donaulife-new.ogrisdigital.at\/it\/wp-json\/wp\/v2\/product_tag?post=51536"}],"curies":[{"name":"wp","href":"https:\/\/api.w.org\/{rel}","templated":true}]}}