{"id":51435,"date":"2019-08-16T08:57:58","date_gmt":"2019-08-16T08:57:58","guid":{"rendered":"https:\/\/donaulife-new.ogrisdigital.at\/produkt\/jware-joint-huelsen-mega-size-2-stueck\/"},"modified":"2024-07-01T00:33:20","modified_gmt":"2024-07-01T00:33:20","slug":"jware-joint-huelsen-mega-size-2-stueck","status":"publish","type":"product","link":"https:\/\/donaulife-new.ogrisdigital.at\/it\/jware-joint-huelsen-mega-size-2-stueck\/","title":{"rendered":"JWARE Cones MEGA Size | 2 St\u00fcck"},"content":{"rendered":"<h2>JWare Cones in der Mega Gr\u00f6\u00dfe<\/h2>\n<p>J-Ware Mega Size Cones sind vorgefertigte, konisch geformte Papierh\u00fcllen die aus ultrad\u00fcnnem Papier hergestellt werden. Der Klebstoffauftrag ist mit 0,5 mm Breite minimal, somit sind die J-Ware Cones fast geschmacksneutral und verbrennen nahezu r\u00fcckstandslos.<\/p>\n<p>Die Mega Size kommt mit 28 cm l\u00e4nge wobei 8,8 cm Filterl\u00e4nge sind.<\/p>\n<h3>\u00dcber Jware:<\/h3>\n<p>Jware setzt den Industriestandard f\u00fcr professionelle Cones neu.<br \/>\nJware begann mit einer Idee f\u00fcr erstklassige Cone, die mit Sorgfalt von Hand gerollt werden. Wir schauten uns die gr\u00f6\u00dften Firmen an, um das beste Design zu entwickeln und wurden zu Experten f\u00fcr perfekt gerollte T\u00fcten. Alle unsere Cones werden mit Sorgfalt in Bali, Indonesien, hergestellt.<\/p>\n<p>Jware-Cones garantieren h\u00f6chste Qualit\u00e4t, einwandfreies Rollen und inspirierende Designs.<\/p>\n","protected":false},"excerpt":{"rendered":"<p>JWare Cones in der Mega Gr\u00f6\u00dfe J-Ware Mega Size Cones sind vorgefertigte, konisch geformte Papierh\u00fcllen die aus ultrad\u00fcnnem Papier hergestellt<\/p>\n","protected":false},"featured_media":22570,"comment_status":"open","ping_status":"open","template":"","meta":{"_acf_changed":false},"product_cat":[2451,2452,2724],"product_tag":[],"acf":[],"_links":{"self":[{"href":"https:\/\/donaulife-new.ogrisdigital.at\/it\/wp-json\/wp\/v2\/product\/51435"}],"collection":[{"href":"https:\/\/donaulife-new.ogrisdigital.at\/it\/wp-json\/wp\/v2\/product"}],"about":[{"href":"https:\/\/donaulife-new.ogrisdigital.at\/it\/wp-json\/wp\/v2\/types\/product"}],"replies":[{"embeddable":true,"href":"https:\/\/donaulife-new.ogrisdigital.at\/it\/wp-json\/wp\/v2\/comments?post=51435"}],"wp:featuredmedia":[{"embeddable":true,"href":"https:\/\/donaulife-new.ogrisdigital.at\/it\/wp-json\/wp\/v2\/media\/22570"}],"wp:attachment":[{"href":"https:\/\/donaulife-new.ogrisdigital.at\/it\/wp-json\/wp\/v2\/media?parent=51435"}],"wp:term":[{"taxonomy":"product_cat","embeddable":true,"href":"https:\/\/donaulife-new.ogrisdigital.at\/it\/wp-json\/wp\/v2\/product_cat?post=51435"},{"taxonomy":"product_tag","embeddable":true,"href":"https:\/\/donaulife-new.ogrisdigital.at\/it\/wp-json\/wp\/v2\/product_tag?post=51435"}],"curies":[{"name":"wp","href":"https:\/\/api.w.org\/{rel}","templated":true}]}}