{"id":51434,"date":"2019-08-15T13:57:51","date_gmt":"2019-08-15T13:57:51","guid":{"rendered":"https:\/\/donaulife-new.ogrisdigital.at\/produkt\/power-papers-100-euro-schein-paper-kingsize\/"},"modified":"2024-07-01T00:33:20","modified_gmt":"2024-07-01T00:33:20","slug":"power-papers-100-euro-schein-paper-kingsize","status":"publish","type":"product","link":"https:\/\/donaulife-new.ogrisdigital.at\/it\/power-papers-100-euro-schein-paper-kingsize\/","title":{"rendered":"POWER PAPERS &#8216;Scheine&#8217; Kingsize Cones | 4 St\u00fcck"},"content":{"rendered":"<h2>Power Papers im Euro Schein Design<\/h2>\n<p>Power Papers 100 Euro Cones haben nen ganz eigenen Coolness Factor. Statt echten Scheinen k\u00f6nnt ihr hier etwas g\u00fcnstiger 100er Scheine verheizen.<\/p>\n<p>Im P\u00e4ckchen sind 4 St\u00fcck Cones dabei.<\/p>\n<h3>\u00dcber Power Papers:<\/h3>\n<p>Unsere Produkte sind einzigartig. Und wenn wir sagen einzigartig, dann meinen wir das auch so. Wir sind der einzige Hersteller, der sein eigenes ungebleichtes 100%iges Hanfpapier vom T\u00dcV S\u00dcD in Deutschland zertifizieren lie\u00df. Unser 100 % nat\u00fcrliches Gummi Arabicum ist ebenfalls zertifiziert. Es wird von konfliktfreien Erzeugern in Afrika bezogen. Auch hier sind wir die Einzigen, die so etwas verwenden. Das ist Ihnen immer noch nicht genug? Nun, wir sind auch der einzige Hersteller von unraffiniertem, ungebleichtem Papier &#8211; das einzige Papier, das in der Zellstoffphase keinen Raffinationsprozess durchl\u00e4uft.<\/p>\n<p>&nbsp;<\/p>\n","protected":false},"excerpt":{"rendered":"<p>Power Papers im Euro Schein Design Power Papers 100 Euro Cones haben nen ganz eigenen Coolness Factor. Statt echten Scheinen<\/p>\n","protected":false},"featured_media":22565,"comment_status":"open","ping_status":"open","template":"","meta":{"_acf_changed":false},"product_cat":[2451,2452,2724],"product_tag":[],"acf":[],"_links":{"self":[{"href":"https:\/\/donaulife-new.ogrisdigital.at\/it\/wp-json\/wp\/v2\/product\/51434"}],"collection":[{"href":"https:\/\/donaulife-new.ogrisdigital.at\/it\/wp-json\/wp\/v2\/product"}],"about":[{"href":"https:\/\/donaulife-new.ogrisdigital.at\/it\/wp-json\/wp\/v2\/types\/product"}],"replies":[{"embeddable":true,"href":"https:\/\/donaulife-new.ogrisdigital.at\/it\/wp-json\/wp\/v2\/comments?post=51434"}],"wp:featuredmedia":[{"embeddable":true,"href":"https:\/\/donaulife-new.ogrisdigital.at\/it\/wp-json\/wp\/v2\/media\/22565"}],"wp:attachment":[{"href":"https:\/\/donaulife-new.ogrisdigital.at\/it\/wp-json\/wp\/v2\/media?parent=51434"}],"wp:term":[{"taxonomy":"product_cat","embeddable":true,"href":"https:\/\/donaulife-new.ogrisdigital.at\/it\/wp-json\/wp\/v2\/product_cat?post=51434"},{"taxonomy":"product_tag","embeddable":true,"href":"https:\/\/donaulife-new.ogrisdigital.at\/it\/wp-json\/wp\/v2\/product_tag?post=51434"}],"curies":[{"name":"wp","href":"https:\/\/api.w.org\/{rel}","templated":true}]}}