{"id":51422,"date":"2019-08-08T23:54:38","date_gmt":"2019-08-08T23:54:38","guid":{"rendered":"https:\/\/donaulife-new.ogrisdigital.at\/produkt\/ocb-rolls-tips-slim-premium\/"},"modified":"2025-01-15T07:13:49","modified_gmt":"2025-01-15T07:13:49","slug":"ocb-rolls-tips-slim-premium","status":"publish","type":"product","link":"https:\/\/donaulife-new.ogrisdigital.at\/it\/ocb-rolls-tips-slim-premium\/","title":{"rendered":"OCB Slim Premium Rolls + Tips | 4m"},"content":{"rendered":"<h2>OCB Endlos Papers mit Tips<\/h2>\n<p>Die &#8216;OCB&#8217; Rolls + Tips Premium Slim haben eine Gummierung aus nat\u00fcrlichen biologisch abbaubaren Rohstoffen und ein kleines Sichtfenster, um feststellen zu k\u00f6nnen, wie viel Papier noch auf der Rolle \u00fcbrig ist. Die Papers haben eine breite von 44mm und 4m Laufl\u00e4nge.<\/p>\n<h3>\u00dcber OCB:<\/h3>\n<p>1822 begann alles mit der Gr\u00fcndung der ersten Papierfabrik am Ufer des Flusses Odet bei Ergu\u00e9-Gab\u00e9ric, Finist\u00e8re in Frankreich.1918 war dann die Geburtsstunde der Marke \u201cOCB\u201d (eingetragene Handelsmarke, registriert beim \u00ab Institut National de la Propri\u00e9t\u00e9 Industrielle \u00bb im Jahr 1923); Die ersten OCB bl\u00e4ttchen gehen in Produktion.1930 produzierten 2 Fabriken schon fast 2.000 Tonnen Papier in sogenannten \u201eBobinen\u201c f\u00fcr 86 Millionen Heftchen Zigarettenpapier. 90% dieser Produktion gingen in den Export, vor allem in die Vereinigten Staaten.Im Jahr 1986 verlagerte die Gruppe die Papierherstellung f\u00fcr Zigaretten zum Selbstdrehen in ihr\u00a0 Werk in Perpignan.Mittlerweile verkauft die Marke OCB ihre Produkte weltweit und erfreut sich vor allem in Europa an gro\u00dfer Beliebtheit.<\/p>\n","protected":false},"excerpt":{"rendered":"<p>OCB Endlos Papers mit Tips Die &#8216;OCB&#8217; Rolls + Tips Premium Slim haben eine Gummierung aus nat\u00fcrlichen biologisch abbaubaren Rohstoffen<\/p>\n","protected":false},"featured_media":22528,"comment_status":"open","ping_status":"open","template":"","meta":{"_acf_changed":false},"product_cat":[2489,2630,2451,2752,2452],"product_tag":[],"acf":[],"_links":{"self":[{"href":"https:\/\/donaulife-new.ogrisdigital.at\/it\/wp-json\/wp\/v2\/product\/51422"}],"collection":[{"href":"https:\/\/donaulife-new.ogrisdigital.at\/it\/wp-json\/wp\/v2\/product"}],"about":[{"href":"https:\/\/donaulife-new.ogrisdigital.at\/it\/wp-json\/wp\/v2\/types\/product"}],"replies":[{"embeddable":true,"href":"https:\/\/donaulife-new.ogrisdigital.at\/it\/wp-json\/wp\/v2\/comments?post=51422"}],"wp:featuredmedia":[{"embeddable":true,"href":"https:\/\/donaulife-new.ogrisdigital.at\/it\/wp-json\/wp\/v2\/media\/22528"}],"wp:attachment":[{"href":"https:\/\/donaulife-new.ogrisdigital.at\/it\/wp-json\/wp\/v2\/media?parent=51422"}],"wp:term":[{"taxonomy":"product_cat","embeddable":true,"href":"https:\/\/donaulife-new.ogrisdigital.at\/it\/wp-json\/wp\/v2\/product_cat?post=51422"},{"taxonomy":"product_tag","embeddable":true,"href":"https:\/\/donaulife-new.ogrisdigital.at\/it\/wp-json\/wp\/v2\/product_tag?post=51422"}],"curies":[{"name":"wp","href":"https:\/\/api.w.org\/{rel}","templated":true}]}}