{"id":51369,"date":"2019-03-27T12:33:02","date_gmt":"2019-03-27T12:33:02","guid":{"rendered":"https:\/\/donaulife-new.ogrisdigital.at\/produkt\/black-leaf-percolator-bong-gold-dragon-inkl-vorkuehler\/"},"modified":"2025-01-15T07:14:04","modified_gmt":"2025-01-15T07:14:04","slug":"black-leaf-percolator-bong-gold-dragon-inkl-vorkuehler","status":"publish","type":"product","link":"https:\/\/donaulife-new.ogrisdigital.at\/it\/black-leaf-percolator-bong-gold-dragon-inkl-vorkuehler\/","title":{"rendered":"BLACK LEAF Percolator Bong &#8216;Gold Dragon&#8217; | inkl. Vork\u00fchler"},"content":{"rendered":"<div class=\"std\">\n<h2>Black Leaf Gold Dragon Bong<\/h2>\n<p>Ein wundersch\u00f6n designetes St\u00fcck aus dem Hause &#8216;Black Leaf&#8217;. F\u00fcr optimale Hits ist ein Vork\u00fchler\/Aschef\u00e4nger mit integriertem Kr\u00e4uterkopf inkludiert. Der Rauch zieht durch das R\u00f6hrchen in die Vork\u00fchlerkammer, in der Asche und Schadstoffe h\u00e4ngen bleiben. Danach zieht er weiter in die Hauptkammer wo sich auch das Kickloch befindet. Das Gesamtpaket eignet sich auch hervorragend als Geschenk da die Bong mit allem Zubeh\u00f6r in einer sch\u00f6nen Box geliefert wird.<\/p>\n<p>Die Eis Dornen trennen die Eiskammer ab, damit kannst du die Bong bis obenhin mit Eis bef\u00fcllen (<a href=\"https:\/\/www.donaulife.com\/smoke-cubes-eisform-fuer-bongeiswuerfel\/\" target=\"_blank\" rel=\"noopener\">Bongeisw\u00fcrfelform<\/a>). Der Bong Sockel hat einen 18,8 mm Schliff und der Vork\u00fchler einen 14,5 mm Schliff.<\/p>\n<h3><span style=\"font-size: 20.16px;\">\u00dcber Black Leaf:<\/span><\/h3>\n<div>\n<p>In Weed We Trust ? Smoking\u00a0<em>Paraphernalia<\/em> seit 1988: Bongs, Pfeifen, Vaporizer, Grinder, Dabbing Zubeh\u00f6r, Paper &amp; Filter, Lifestyle Produkte. Es gibt viele Innovative Produkte der Marke die auch die ein oder andere Weltneuheit erschaffen haben. Im Shop bieten wir von allen Produkten die beste Auswahl.<\/p>\n<\/div>\n<\/div>\n","protected":false},"excerpt":{"rendered":"<p>Black Leaf Gold Dragon Bong Ein wundersch\u00f6n designetes St\u00fcck aus dem Hause &#8216;Black Leaf&#8217;. F\u00fcr optimale Hits ist ein Vork\u00fchler\/Aschef\u00e4nger<\/p>\n","protected":false},"featured_media":22125,"comment_status":"open","ping_status":"open","template":"","meta":{"_acf_changed":false},"product_cat":[2514,2548,2459,2510,2523,2506,2463],"product_tag":[2521],"acf":[],"_links":{"self":[{"href":"https:\/\/donaulife-new.ogrisdigital.at\/it\/wp-json\/wp\/v2\/product\/51369"}],"collection":[{"href":"https:\/\/donaulife-new.ogrisdigital.at\/it\/wp-json\/wp\/v2\/product"}],"about":[{"href":"https:\/\/donaulife-new.ogrisdigital.at\/it\/wp-json\/wp\/v2\/types\/product"}],"replies":[{"embeddable":true,"href":"https:\/\/donaulife-new.ogrisdigital.at\/it\/wp-json\/wp\/v2\/comments?post=51369"}],"wp:featuredmedia":[{"embeddable":true,"href":"https:\/\/donaulife-new.ogrisdigital.at\/it\/wp-json\/wp\/v2\/media\/22125"}],"wp:attachment":[{"href":"https:\/\/donaulife-new.ogrisdigital.at\/it\/wp-json\/wp\/v2\/media?parent=51369"}],"wp:term":[{"taxonomy":"product_cat","embeddable":true,"href":"https:\/\/donaulife-new.ogrisdigital.at\/it\/wp-json\/wp\/v2\/product_cat?post=51369"},{"taxonomy":"product_tag","embeddable":true,"href":"https:\/\/donaulife-new.ogrisdigital.at\/it\/wp-json\/wp\/v2\/product_tag?post=51369"}],"curies":[{"name":"wp","href":"https:\/\/api.w.org\/{rel}","templated":true}]}}