{"id":51368,"date":"2019-03-27T12:20:48","date_gmt":"2019-03-27T12:20:48","guid":{"rendered":"https:\/\/donaulife-new.ogrisdigital.at\/produkt\/black-leaf-bubbler-double-honeycomb-blau-32-cm\/"},"modified":"2025-01-15T07:14:05","modified_gmt":"2025-01-15T07:14:05","slug":"black-leaf-bubbler-double-honeycomb-blau-32-cm","status":"publish","type":"product","link":"https:\/\/donaulife-new.ogrisdigital.at\/it\/black-leaf-bubbler-double-honeycomb-blau-32-cm\/","title":{"rendered":"BLACK LEAF Bubbler &#8216;Double Honeycomb&#8217; blau | 32 cm"},"content":{"rendered":"<h2>Black Leaf Bubbler Bong mit Honeycomb Scheiben<\/h2>\n<p>Die &#8216;Double Honeycomb&#8217; filtriert den mit ihren beiden integrierten Diffusorscheiben besser bekannt als Honeycomb. Dadurch sorgt sie f\u00fcr eine sensationelle Filtrierung bzw. Verwirbelung des Rauches. Im Lieferumfang ist ein K\u00f6pfchen mit NS14 enthalten. Dieses K\u00f6pchen hat ein im intensiven blau gehaltenes, integriertes Glassieb und einen Griff der gleichzeitig als Rollstop dient, damit dieser auch bestimmt keinen t\u00f6dlichen Kontakt mit dem harten Fu\u00dfboden macht.<\/p>\n<p>Durch seine innovative Bauweise hat dieser Bubbler einen \u00e4u\u00dferst niedrigen Schwerpunkt und bietet dadurch einen besonders festen Stand. Damit sollte die &#8216;Double Honeycomb&#8217; selbst vor deinem tollpatschigsten Freund sicher sein. Das Mundst\u00fcck endet in einem Ringform gehalten und passt sich perfekt an deine Lippen an.<\/p>\n<h3><span style=\"font-size: 20.16px;\">\u00dcber Black Leaf:<\/span><\/h3>\n<div>\n<p>In Weed We Trust ? Smoking\u00a0<em>Paraphernalia<\/em> seit 1988: Bongs, Pfeifen, Vaporizer, Grinder, Dabbing Zubeh\u00f6r, Paper &amp; Filter, Lifestyle Produkte. Es gibt viele Innovative Produkte der Marke die auch die ein oder andere Weltneuheit erschaffen haben. Im Shop bieten wir von allen Produkten die beste Auswahl.<\/p>\n<\/div>\n","protected":false},"excerpt":{"rendered":"<p>Black Leaf Bubbler Bong mit Honeycomb Scheiben Die &#8216;Double Honeycomb&#8217; filtriert den mit ihren beiden integrierten Diffusorscheiben besser bekannt als<\/p>\n","protected":false},"featured_media":22114,"comment_status":"open","ping_status":"open","template":"","meta":{"_acf_changed":false},"product_cat":[2514,2548,2459,2513,2737,2506,2463,2520],"product_tag":[2521],"acf":[],"_links":{"self":[{"href":"https:\/\/donaulife-new.ogrisdigital.at\/it\/wp-json\/wp\/v2\/product\/51368"}],"collection":[{"href":"https:\/\/donaulife-new.ogrisdigital.at\/it\/wp-json\/wp\/v2\/product"}],"about":[{"href":"https:\/\/donaulife-new.ogrisdigital.at\/it\/wp-json\/wp\/v2\/types\/product"}],"replies":[{"embeddable":true,"href":"https:\/\/donaulife-new.ogrisdigital.at\/it\/wp-json\/wp\/v2\/comments?post=51368"}],"wp:featuredmedia":[{"embeddable":true,"href":"https:\/\/donaulife-new.ogrisdigital.at\/it\/wp-json\/wp\/v2\/media\/22114"}],"wp:attachment":[{"href":"https:\/\/donaulife-new.ogrisdigital.at\/it\/wp-json\/wp\/v2\/media?parent=51368"}],"wp:term":[{"taxonomy":"product_cat","embeddable":true,"href":"https:\/\/donaulife-new.ogrisdigital.at\/it\/wp-json\/wp\/v2\/product_cat?post=51368"},{"taxonomy":"product_tag","embeddable":true,"href":"https:\/\/donaulife-new.ogrisdigital.at\/it\/wp-json\/wp\/v2\/product_tag?post=51368"}],"curies":[{"name":"wp","href":"https:\/\/api.w.org\/{rel}","templated":true}]}}