{"id":51320,"date":"2019-02-27T10:14:26","date_gmt":"2019-02-27T10:14:26","guid":{"rendered":"https:\/\/donaulife-new.ogrisdigital.at\/produkt\/black-leaf-percolator-bong-flaming-skull-klar-ashcatcher\/"},"modified":"2025-01-15T07:14:12","modified_gmt":"2025-01-15T07:14:12","slug":"black-leaf-percolator-bong-flaming-skull-klar-ashcatcher","status":"publish","type":"product","link":"https:\/\/donaulife-new.ogrisdigital.at\/it\/black-leaf-percolator-bong-flaming-skull-klar-ashcatcher\/","title":{"rendered":"BLACK LEAF Percolator Bong &#8216;Flaming Skull&#8217; klar | Ashcatcher"},"content":{"rendered":"<div class=\"std\">\n<p>Das besondere Merkmal dieser Perkolatorbong von &#8216;Black Leaf&#8217; ist der Vork\u00fchler\/Aschef\u00e4nger mit integriertem Kr\u00e4uterkopf und das auff\u00e4llige &#8216;Flaming Skull&#8217; Design. Der Rauch zieht durch das R\u00f6hrchen in die Vork\u00fchlerkammer, in der Asche und Schadstoffe h\u00e4ngen bleiben. Er zieht weiter durch den Diffusoradapter in die Hauptkammer und wird durch den Kuppelpercolator ordentlich verwirbelt. Der Kuppelpercolator dient gleichzeitig als Spritzschutz. Die Eis Dornen trennen die Eiskammer ab, damit kannst du die Bong bis obenhin mit Eis bef\u00fcllen (<a href=\"https:\/\/www.donaulife.com\/smoke-cubes-eisform-fuer-bongeiswuerfel\/\" target=\"_blank\" rel=\"noopener\">Bongeisw\u00fcrfelform<\/a>).<\/p>\n<\/div>\n","protected":false},"excerpt":{"rendered":"<p>Das besondere Merkmal dieser Perkolatorbong von &#8216;Black Leaf&#8217; ist der Vork\u00fchler\/Aschef\u00e4nger mit integriertem Kr\u00e4uterkopf und das auff\u00e4llige &#8216;Flaming Skull&#8217; Design.<\/p>\n","protected":false},"featured_media":21591,"comment_status":"open","ping_status":"open","template":"","meta":{"_acf_changed":false},"product_cat":[2514,2548,2459,2523,2635,2577,2506,2463],"product_tag":[2521],"acf":[],"_links":{"self":[{"href":"https:\/\/donaulife-new.ogrisdigital.at\/it\/wp-json\/wp\/v2\/product\/51320"}],"collection":[{"href":"https:\/\/donaulife-new.ogrisdigital.at\/it\/wp-json\/wp\/v2\/product"}],"about":[{"href":"https:\/\/donaulife-new.ogrisdigital.at\/it\/wp-json\/wp\/v2\/types\/product"}],"replies":[{"embeddable":true,"href":"https:\/\/donaulife-new.ogrisdigital.at\/it\/wp-json\/wp\/v2\/comments?post=51320"}],"wp:featuredmedia":[{"embeddable":true,"href":"https:\/\/donaulife-new.ogrisdigital.at\/it\/wp-json\/wp\/v2\/media\/21591"}],"wp:attachment":[{"href":"https:\/\/donaulife-new.ogrisdigital.at\/it\/wp-json\/wp\/v2\/media?parent=51320"}],"wp:term":[{"taxonomy":"product_cat","embeddable":true,"href":"https:\/\/donaulife-new.ogrisdigital.at\/it\/wp-json\/wp\/v2\/product_cat?post=51320"},{"taxonomy":"product_tag","embeddable":true,"href":"https:\/\/donaulife-new.ogrisdigital.at\/it\/wp-json\/wp\/v2\/product_tag?post=51320"}],"curies":[{"name":"wp","href":"https:\/\/api.w.org\/{rel}","templated":true}]}}