{"id":51242,"date":"2018-12-19T12:57:38","date_gmt":"2018-12-19T12:57:38","guid":{"rendered":"https:\/\/donaulife-new.ogrisdigital.at\/produkt\/best-buds-rolling-tray-unicorn-bud-m\/"},"modified":"2024-07-01T00:30:45","modified_gmt":"2024-07-01T00:30:45","slug":"best-buds-rolling-tray-unicorn-bud-m","status":"publish","type":"product","link":"https:\/\/donaulife-new.ogrisdigital.at\/it\/best-buds-rolling-tray-unicorn-bud-m\/","title":{"rendered":"BEST BUDS Rolling Tray M | &#8216;Unicorn Bud&#8217;"},"content":{"rendered":"<h2>Best Buds Rolling Tray Unicorn Bud<\/h2>\n<p>Die Best Buds Rolling Tray Mischschalen Serie aus Metall besticht durch einzigartige Motive. Sieht echt lecker aus. Smoke Buddies 4 Life.<\/p>\n<p>Weitere Designs im Shop:<\/p>\n<p><a href=\"https:\/\/www.donaulife.com\/best-buds-rolling-tray-dab-bud\/\" target=\"_blank\" rel=\"noopener\">Best Buds Rolling Tray Dab Bud &#8211; M<\/a><\/p>\n<p><a href=\"https:\/\/www.donaulife.com\/best-buds-rolling-tray-unicorn-bud-m\/\" target=\"_blank\" rel=\"noopener\">Best Buds Rolling Tray Unicorn Bud &#8211; M<\/a><\/p>\n<p><a href=\"https:\/\/www.donaulife.com\/best-buds-rolling-tray-purple-haze\/\" target=\"_blank\" rel=\"noopener\">Best Buds Rolling Tray Purple Haze &#8211; M<\/a><\/p>\n<p><a href=\"https:\/\/www.donaulife.com\/best-buds-rolling-tray-munchies-m\/\" target=\"_blank\" rel=\"noopener\">Best Buds Rolling Munchies &#8211; M<\/a><\/p>\n<p><a href=\"https:\/\/www.donaulife.com\/best-buds-rolling-tray-why-me-m\/\" target=\"_blank\" rel=\"noopener\">Best Buds Rolling Why me? &#8211; M<\/a><\/p>\n<p><a href=\"https:\/\/www.donaulife.com\/best-buds-rolling-tray-smoke-buddies-m\/\" target=\"_blank\" rel=\"noopener\">Best Buds Rolling Smoking Buddy? &#8211; M<\/a><\/p>\n<p><a href=\"https:\/\/www.donaulife.com\/best-buds-rolling-tray-smoke-buddies-s\/\" target=\"_blank\" rel=\"noopener\">Best Buds Rolling Munchies &#8211; S<\/a><\/p>\n<p><a href=\"https:\/\/www.donaulife.com\/best-buds-rolling-tray-why-me-s\/\" target=\"_blank\" rel=\"noopener\">Best Buds Rolling Why me? &#8211; S<\/a><\/p>\n<h3>\u00dcber Best Buds:<\/h3>\n<p>Die Marke Best Buds kommt aus den Niederlanden und steht f\u00fcr ein junge und Hippe Zielgruppe. Die Marke hat es sich zur Aufgabe gemacht coole Designs zu einem erschwinglichen Preis anzubieten. Dabei reicht das Sortiment von Rolling Trays \u00fcber Grinder bis hin zu Aufbewahrungs- oder Vergr\u00f6\u00dferungsgl\u00e4sern.<\/p>\n","protected":false},"excerpt":{"rendered":"<p>Best Buds Rolling Tray Unicorn Bud Die Best Buds Rolling Tray Mischschalen Serie aus Metall besticht durch einzigartige Motive. Sieht<\/p>\n","protected":false},"featured_media":20832,"comment_status":"open","ping_status":"open","template":"","meta":{"_acf_changed":false},"product_cat":[2794,2451,2793],"product_tag":[2964],"acf":[],"_links":{"self":[{"href":"https:\/\/donaulife-new.ogrisdigital.at\/it\/wp-json\/wp\/v2\/product\/51242"}],"collection":[{"href":"https:\/\/donaulife-new.ogrisdigital.at\/it\/wp-json\/wp\/v2\/product"}],"about":[{"href":"https:\/\/donaulife-new.ogrisdigital.at\/it\/wp-json\/wp\/v2\/types\/product"}],"replies":[{"embeddable":true,"href":"https:\/\/donaulife-new.ogrisdigital.at\/it\/wp-json\/wp\/v2\/comments?post=51242"}],"wp:featuredmedia":[{"embeddable":true,"href":"https:\/\/donaulife-new.ogrisdigital.at\/it\/wp-json\/wp\/v2\/media\/20832"}],"wp:attachment":[{"href":"https:\/\/donaulife-new.ogrisdigital.at\/it\/wp-json\/wp\/v2\/media?parent=51242"}],"wp:term":[{"taxonomy":"product_cat","embeddable":true,"href":"https:\/\/donaulife-new.ogrisdigital.at\/it\/wp-json\/wp\/v2\/product_cat?post=51242"},{"taxonomy":"product_tag","embeddable":true,"href":"https:\/\/donaulife-new.ogrisdigital.at\/it\/wp-json\/wp\/v2\/product_tag?post=51242"}],"curies":[{"name":"wp","href":"https:\/\/api.w.org\/{rel}","templated":true}]}}