{"id":51223,"date":"2018-12-16T09:56:28","date_gmt":"2018-12-16T09:56:28","guid":{"rendered":"https:\/\/donaulife-new.ogrisdigital.at\/produkt\/medwakh-pfeife-rosenholz\/"},"modified":"2025-01-15T07:14:30","modified_gmt":"2025-01-15T07:14:30","slug":"medwakh-pfeife-rosenholz","status":"publish","type":"product","link":"https:\/\/donaulife-new.ogrisdigital.at\/it\/medwakh-pfeife-rosenholz\/","title":{"rendered":"Medwakh Pfeife Rosenholz | 15 cm"},"content":{"rendered":"<p>Eine Medwakh ist eine kleine Pfeife urspr\u00fcnglich aus dem arabischen Raum, mit welcher Dokha geraucht wird. Dokha ist ein iranisches Tabakprodukt, das mit aromatischen Bl\u00e4ttern oder Kr\u00e4utern gemischt wird. Der Tabakkopf ist kleiner als bei Tabakpfeifen, die tradionell im Westen benutzt werden. Er wird bef\u00fcllt, indem man ihn in eine Schale mit Dokha-Tabak taucht. Dokha wird in der Medwakh in 2-3 Z\u00fcgen geraucht, wobei der Effekt st\u00e4rker ist, als bei gew\u00f6hnlichen Zigaretten, da der K\u00f6rper mehr Nikotin aufnimmt.<\/p>\n","protected":false},"excerpt":{"rendered":"<p>Eine Medwakh ist eine kleine Pfeife urspr\u00fcnglich aus dem arabischen Raum, mit welcher Dokha geraucht wird. Dokha ist ein iranisches<\/p>\n","protected":false},"featured_media":20695,"comment_status":"open","ping_status":"open","template":"","meta":{"_acf_changed":false},"product_cat":[2451,2805,2501],"product_tag":[],"acf":[],"_links":{"self":[{"href":"https:\/\/donaulife-new.ogrisdigital.at\/it\/wp-json\/wp\/v2\/product\/51223"}],"collection":[{"href":"https:\/\/donaulife-new.ogrisdigital.at\/it\/wp-json\/wp\/v2\/product"}],"about":[{"href":"https:\/\/donaulife-new.ogrisdigital.at\/it\/wp-json\/wp\/v2\/types\/product"}],"replies":[{"embeddable":true,"href":"https:\/\/donaulife-new.ogrisdigital.at\/it\/wp-json\/wp\/v2\/comments?post=51223"}],"wp:featuredmedia":[{"embeddable":true,"href":"https:\/\/donaulife-new.ogrisdigital.at\/it\/wp-json\/wp\/v2\/media\/20695"}],"wp:attachment":[{"href":"https:\/\/donaulife-new.ogrisdigital.at\/it\/wp-json\/wp\/v2\/media?parent=51223"}],"wp:term":[{"taxonomy":"product_cat","embeddable":true,"href":"https:\/\/donaulife-new.ogrisdigital.at\/it\/wp-json\/wp\/v2\/product_cat?post=51223"},{"taxonomy":"product_tag","embeddable":true,"href":"https:\/\/donaulife-new.ogrisdigital.at\/it\/wp-json\/wp\/v2\/product_tag?post=51223"}],"curies":[{"name":"wp","href":"https:\/\/api.w.org\/{rel}","templated":true}]}}