{"id":51024,"date":"2018-06-30T10:19:11","date_gmt":"2018-06-30T10:19:11","guid":{"rendered":"https:\/\/donaulife-new.ogrisdigital.at\/produkt\/black-leaf-bitch-bong-einhorn-edition-30-cm\/"},"modified":"2025-01-15T07:14:47","modified_gmt":"2025-01-15T07:14:47","slug":"black-leaf-bitch-bong-einhorn-edition-30-cm","status":"publish","type":"product","link":"https:\/\/donaulife-new.ogrisdigital.at\/it\/black-leaf-bitch-bong-einhorn-edition-30-cm\/","title":{"rendered":"BLACK LEAF &#8216;Bitch Bong&#8217; Einhorn Edition | 30 cm"},"content":{"rendered":"<h2>Black Leaf Einhorn Bong mit Vork\u00fchler<\/h2>\n<p>Die Bitch Bong ist ein muss f\u00fcr alle die Einh\u00f6rner lieben. Dar\u00fcber hinaus \u00fcberzeugt die handliche Bong mit einem 4 Arm Perkolator und Eis-zacken um den Rauch nochmal richtig runter zu k\u00fchlen. Der Vork\u00fchler l\u00e4sst dar\u00fcber hinaus auch noch einiges an Schadstoffen liegen.<br \/>\nVerpackt im sch\u00f6nen K\u00f6fferchen kommt noch ein normales K\u00f6pfchen passend in Rosa mit dazu und die Kawumm Glas pfeife im passenden Design darf nat\u00fcrlich auch nicht fehlen.<\/p>\n<div><span style=\"font-size: 20.16px;\">\u00dcber Black Leaf:<\/span><\/div>\n<div>\n<p>In Weed We Trust ? Smoking\u00a0<em>Paraphernalia<\/em> seit 1988: Bongs, Pfeifen, Vaporizer, Grinder, Dabbing Zubeh\u00f6r, Paper &amp; Filter, Lifestyle Produkte. Es gibt viele Innovative Produkte der Marke die auch die ein oder andere Weltneuheit erschaffen haben. Im Shop bieten wir von allen Produkten die beste Auswahl.<\/p>\n<\/div>\n","protected":false},"excerpt":{"rendered":"<p>Black Leaf Einhorn Bong mit Vork\u00fchler Die Bitch Bong ist ein muss f\u00fcr alle die Einh\u00f6rner lieben. Dar\u00fcber hinaus \u00fcberzeugt<\/p>\n","protected":false},"featured_media":19088,"comment_status":"open","ping_status":"open","template":"","meta":{"_acf_changed":false},"product_cat":[2514,2548,2459,2523,2635,2577,2506,2463,2520,2807],"product_tag":[2521],"acf":[],"_links":{"self":[{"href":"https:\/\/donaulife-new.ogrisdigital.at\/it\/wp-json\/wp\/v2\/product\/51024"}],"collection":[{"href":"https:\/\/donaulife-new.ogrisdigital.at\/it\/wp-json\/wp\/v2\/product"}],"about":[{"href":"https:\/\/donaulife-new.ogrisdigital.at\/it\/wp-json\/wp\/v2\/types\/product"}],"replies":[{"embeddable":true,"href":"https:\/\/donaulife-new.ogrisdigital.at\/it\/wp-json\/wp\/v2\/comments?post=51024"}],"wp:featuredmedia":[{"embeddable":true,"href":"https:\/\/donaulife-new.ogrisdigital.at\/it\/wp-json\/wp\/v2\/media\/19088"}],"wp:attachment":[{"href":"https:\/\/donaulife-new.ogrisdigital.at\/it\/wp-json\/wp\/v2\/media?parent=51024"}],"wp:term":[{"taxonomy":"product_cat","embeddable":true,"href":"https:\/\/donaulife-new.ogrisdigital.at\/it\/wp-json\/wp\/v2\/product_cat?post=51024"},{"taxonomy":"product_tag","embeddable":true,"href":"https:\/\/donaulife-new.ogrisdigital.at\/it\/wp-json\/wp\/v2\/product_tag?post=51024"}],"curies":[{"name":"wp","href":"https:\/\/api.w.org\/{rel}","templated":true}]}}