{"id":51014,"date":"2018-06-18T12:18:26","date_gmt":"2018-06-18T12:18:26","guid":{"rendered":"https:\/\/donaulife-new.ogrisdigital.at\/produkt\/cone-artist-rollhilfe\/"},"modified":"2024-07-01T00:28:08","modified_gmt":"2024-07-01T00:28:08","slug":"cone-artist-rollhilfe","status":"publish","type":"product","link":"https:\/\/donaulife-new.ogrisdigital.at\/it\/cone-artist-rollhilfe\/","title":{"rendered":"Cone Artist &#8211; Rollhilfe"},"content":{"rendered":"<h2>Cone Artist &#8211; Rollasistent<\/h2>\n<p>Mit dem Cone Artist drehst du am einfachsten die sch\u00f6nsten T\u00fcten. Mit dem Trichter f\u00e4llt auch das einf\u00fcllen sehr einfach aus. Endlich sieht der Joint professionell aus!<\/p>\n","protected":false},"excerpt":{"rendered":"<p>Cone Artist &#8211; Rollasistent Mit dem Cone Artist drehst du am einfachsten die sch\u00f6nsten T\u00fcten. Mit dem Trichter f\u00e4llt auch<\/p>\n","protected":false},"featured_media":19013,"comment_status":"open","ping_status":"open","template":"","meta":{"_acf_changed":false},"product_cat":[2763,2451,2452],"product_tag":[2880],"acf":[],"_links":{"self":[{"href":"https:\/\/donaulife-new.ogrisdigital.at\/it\/wp-json\/wp\/v2\/product\/51014"}],"collection":[{"href":"https:\/\/donaulife-new.ogrisdigital.at\/it\/wp-json\/wp\/v2\/product"}],"about":[{"href":"https:\/\/donaulife-new.ogrisdigital.at\/it\/wp-json\/wp\/v2\/types\/product"}],"replies":[{"embeddable":true,"href":"https:\/\/donaulife-new.ogrisdigital.at\/it\/wp-json\/wp\/v2\/comments?post=51014"}],"wp:featuredmedia":[{"embeddable":true,"href":"https:\/\/donaulife-new.ogrisdigital.at\/it\/wp-json\/wp\/v2\/media\/19013"}],"wp:attachment":[{"href":"https:\/\/donaulife-new.ogrisdigital.at\/it\/wp-json\/wp\/v2\/media?parent=51014"}],"wp:term":[{"taxonomy":"product_cat","embeddable":true,"href":"https:\/\/donaulife-new.ogrisdigital.at\/it\/wp-json\/wp\/v2\/product_cat?post=51014"},{"taxonomy":"product_tag","embeddable":true,"href":"https:\/\/donaulife-new.ogrisdigital.at\/it\/wp-json\/wp\/v2\/product_tag?post=51014"}],"curies":[{"name":"wp","href":"https:\/\/api.w.org\/{rel}","templated":true}]}}