{"id":50964,"date":"2018-06-07T13:16:04","date_gmt":"2018-06-07T13:16:04","guid":{"rendered":"https:\/\/donaulife-new.ogrisdigital.at\/produkt\/jware-joint-huelsen-3-stueck\/"},"modified":"2024-07-01T00:27:29","modified_gmt":"2024-07-01T00:27:29","slug":"jware-joint-huelsen-3-stueck","status":"publish","type":"product","link":"https:\/\/donaulife-new.ogrisdigital.at\/it\/jware-joint-huelsen-3-stueck\/","title":{"rendered":"JWARE Cones Joint H\u00fclsen | 3 St\u00fcck"},"content":{"rendered":"<h2>JWare Cones 3 St\u00fcck<\/h2>\n<p>Die konischen H\u00fclsen von J-Ware kommen mit einem minimalen Klebestreifen von 0,5 mm Breite aus. Dies hat zur Folge, dass es kaum zu geschmacksverf\u00e4lschung kommt und beinahe r\u00fcckstandslos verbrennt. Insgesamt befinden sich 3 St\u00fcck der Cones in einer Packung.<\/p>\n<h3>\u00dcber Jware:<\/h3>\n<p>Jware setzt den Industriestandard f\u00fcr professionelle Cones neu.<br \/>\nJware begann mit einer Idee f\u00fcr erstklassige Cone, die mit Sorgfalt von Hand gerollt werden. Wir schauten uns die gr\u00f6\u00dften Firmen an, um das beste Design zu entwickeln und wurden zu Experten f\u00fcr perfekt gerollte T\u00fcten. Alle unsere Cones werden mit Sorgfalt in Bali, Indonesien, hergestellt.<\/p>\n<p>Jware-Cones garantieren h\u00f6chste Qualit\u00e4t, einwandfreies Rollen und inspirierende Designs.<\/p>\n","protected":false},"excerpt":{"rendered":"<p>JWare Cones 3 St\u00fcck Die konischen H\u00fclsen von J-Ware kommen mit einem minimalen Klebestreifen von 0,5 mm Breite aus. Dies<\/p>\n","protected":false},"featured_media":18701,"comment_status":"open","ping_status":"open","template":"","meta":{"_acf_changed":false},"product_cat":[2451,2452,2724],"product_tag":[2728],"acf":[],"_links":{"self":[{"href":"https:\/\/donaulife-new.ogrisdigital.at\/it\/wp-json\/wp\/v2\/product\/50964"}],"collection":[{"href":"https:\/\/donaulife-new.ogrisdigital.at\/it\/wp-json\/wp\/v2\/product"}],"about":[{"href":"https:\/\/donaulife-new.ogrisdigital.at\/it\/wp-json\/wp\/v2\/types\/product"}],"replies":[{"embeddable":true,"href":"https:\/\/donaulife-new.ogrisdigital.at\/it\/wp-json\/wp\/v2\/comments?post=50964"}],"wp:featuredmedia":[{"embeddable":true,"href":"https:\/\/donaulife-new.ogrisdigital.at\/it\/wp-json\/wp\/v2\/media\/18701"}],"wp:attachment":[{"href":"https:\/\/donaulife-new.ogrisdigital.at\/it\/wp-json\/wp\/v2\/media?parent=50964"}],"wp:term":[{"taxonomy":"product_cat","embeddable":true,"href":"https:\/\/donaulife-new.ogrisdigital.at\/it\/wp-json\/wp\/v2\/product_cat?post=50964"},{"taxonomy":"product_tag","embeddable":true,"href":"https:\/\/donaulife-new.ogrisdigital.at\/it\/wp-json\/wp\/v2\/product_tag?post=50964"}],"curies":[{"name":"wp","href":"https:\/\/api.w.org\/{rel}","templated":true}]}}