{"id":50959,"date":"2018-06-06T14:09:35","date_gmt":"2018-06-06T14:09:35","guid":{"rendered":"https:\/\/donaulife-new.ogrisdigital.at\/produkt\/jilter-zigarettenfilter-42-stueck\/"},"modified":"2024-07-01T00:27:24","modified_gmt":"2024-07-01T00:27:24","slug":"jilter-zigarettenfilter-42-stueck","status":"publish","type":"product","link":"https:\/\/donaulife-new.ogrisdigital.at\/it\/jilter-zigarettenfilter-42-stueck\/","title":{"rendered":"JILTER Zigarettenfilter | 42 St\u00fcck"},"content":{"rendered":"<h2>Jilter\u00ae Zigarettenfilter 42 St\u00fcck<\/h2>\n<p>Durch die Verwendung von Jilter\u00ae entsteht kein Genussverlust. Dank der geringeren Wirkungsverf\u00e4lschung infolge der Nikotin- und Teerreduktion, erm\u00f6glicht Jilter\u00ae mehr Genuss und intensiveres Aroma der Zusatzstoffe.<\/p>\n<p>Die Anwendung von Jilter\u00ae zeichnet sich durch einfache Handhabung aus. Das Drehen der &#8220;Zigarette&#8221; wird dadurch vereinfacht, dass Mundst\u00fcck und Jilter\u00ae eine kompakte Einheit bilden und so handlich eingedreht werden k\u00f6nnen.<\/p>\n<p>Jilter\u00ae werden aus Normalpapier (H\u00fcllenmaterial) und Zellstoff-Fasern (Filtermaterial) gefertigt. Die Herstellung erfolgt durch gesundheitsvertr\u00e4gliche Produktionsverfahren. Die Herstellerfirma garantiert f\u00fcr hohe Teer- und Nikotin-Retention.<\/p>\n<p>Jilter\u00ae wurde von uns so entwickelt, dass die gew\u00fcnschten Wirkstoffe nicht beeinflusst werden, d.h. die Wirkstoffe im Rauch nehmen um weniger als 1 % ab.<\/p>\n<p>Schachtelfarbe zuf\u00e4llig.<\/p>\n<h3>\u00dcber Jilter:<\/h3>\n<p>Jilter\u00ae wurde als Selbstdreh-Filter-Zusatz zur Verminderung der Schadstoffe Teer und Nikotin entwickelt.<\/p>\n<p>Jilter\u00ae zeichnet sich auch dadurch aus, dass keine Verunreinigung der Mundpartie durch Tabak entsteht und die Bildung von Zahnstein und Zahnverf\u00e4rbung vermindert wird. Dank der geringeren Wirkungsverf\u00e4lschung infolge der Schadstoffreduktion, erm\u00f6glicht Jilter\u00ae mehr Genuss und ein intensiveres Aroma der von K\u00f6rper und Geist gew\u00fcnschten Zusatzstoffe.<\/p>\n<p><em>Jilter wurde am 20.2.2002 von zwei Br\u00fcdern gegr\u00fcndet, um einen Filter zu erfinden, der die Schadstoffe reduziert ohne dabei einen negativen Einfluss auf Wirkstoffe, Zugverhalten und Geschmack zu nehmen. Dabei war es sehr wichtig das Ritual und die Gewohnheiten beim Drehen eines Joints nicht stark zu ver\u00e4ndern.<\/em><\/p>\n","protected":false},"excerpt":{"rendered":"<p>Jilter\u00ae Zigarettenfilter 42 St\u00fcck Durch die Verwendung von Jilter\u00ae entsteht kein Genussverlust. Dank der geringeren Wirkungsverf\u00e4lschung infolge der Nikotin- und<\/p>\n","protected":false},"featured_media":18626,"comment_status":"open","ping_status":"open","template":"","meta":{"_acf_changed":false},"product_cat":[2499,2500,2451],"product_tag":[2837],"acf":[],"_links":{"self":[{"href":"https:\/\/donaulife-new.ogrisdigital.at\/it\/wp-json\/wp\/v2\/product\/50959"}],"collection":[{"href":"https:\/\/donaulife-new.ogrisdigital.at\/it\/wp-json\/wp\/v2\/product"}],"about":[{"href":"https:\/\/donaulife-new.ogrisdigital.at\/it\/wp-json\/wp\/v2\/types\/product"}],"replies":[{"embeddable":true,"href":"https:\/\/donaulife-new.ogrisdigital.at\/it\/wp-json\/wp\/v2\/comments?post=50959"}],"wp:featuredmedia":[{"embeddable":true,"href":"https:\/\/donaulife-new.ogrisdigital.at\/it\/wp-json\/wp\/v2\/media\/18626"}],"wp:attachment":[{"href":"https:\/\/donaulife-new.ogrisdigital.at\/it\/wp-json\/wp\/v2\/media?parent=50959"}],"wp:term":[{"taxonomy":"product_cat","embeddable":true,"href":"https:\/\/donaulife-new.ogrisdigital.at\/it\/wp-json\/wp\/v2\/product_cat?post=50959"},{"taxonomy":"product_tag","embeddable":true,"href":"https:\/\/donaulife-new.ogrisdigital.at\/it\/wp-json\/wp\/v2\/product_tag?post=50959"}],"curies":[{"name":"wp","href":"https:\/\/api.w.org\/{rel}","templated":true}]}}