{"id":50956,"date":"2018-06-06T13:46:30","date_gmt":"2018-06-06T13:46:30","guid":{"rendered":"https:\/\/donaulife-new.ogrisdigital.at\/produkt\/rolls-smart-filter-6mm-vip-pack-60-stueck\/"},"modified":"2024-07-01T00:27:23","modified_gmt":"2024-07-01T00:27:23","slug":"rolls-smart-filter-6mm-vip-pack-60-stueck","status":"publish","type":"product","link":"https:\/\/donaulife-new.ogrisdigital.at\/it\/rolls-smart-filter-6mm-vip-pack-60-stueck\/","title":{"rendered":"ROLLS Smart Filter 6mm VIP Pack | 50\/80 St\u00fcck"},"content":{"rendered":"<h2 class=\"p1\">Rolls Smart Filter 50 oder 80 St\u00fcck<\/h2>\n<p class=\"p3\">Die innovativen Rolls Smart Filter sind perfekt gemacht f\u00fcr deine \u201aKr\u00e4utermischung\u2018. Unsere Filter bestechen durch ihre effektive Filterung von Schadstoffen, sowie durch ein innovatives Rauchk\u00fchlsystem. Auch das Verpackungsdesign in vier verschiedenen Pin-Up-Varianten, macht Rolls Smart Filter zu einem Top-Produkt.<\/p>\n<h3><a href=\"https:\/\/www.rolls69.de\/wp-content\/uploads\/2017\/05\/image1_rolls.png\" rel=\"https:\/\/www.rolls69.de\/rolls\/smart-filter\/ noopener\" target=\"_blank\"><img fetchpriority=\"high\" decoding=\"async\" class=\"alignright wp-image-4030 size-medium\" src=\"https:\/\/www.rolls69.de\/wp-content\/uploads\/2017\/05\/image1_rolls-300x300.png\" sizes=\"(max-width: 300px) 100vw, 300px\" srcset=\"https:\/\/www.rolls69.de\/wp-content\/uploads\/2017\/05\/image1_rolls-300x300.png 300w, https:\/\/www.rolls69.de\/wp-content\/uploads\/2017\/05\/image1_rolls-150x150.png 150w, https:\/\/www.rolls69.de\/wp-content\/uploads\/2017\/05\/image1_rolls-250x250.png 250w, https:\/\/www.rolls69.de\/wp-content\/uploads\/2017\/05\/image1_rolls.png 600w\" alt=\"Rolls Filter und Shine Gold Papes - jetzt im Rolls 69 Online Shop erh\u00e4ltlich.\" width=\"300\" height=\"300\" \/><\/a><\/h3>\n<h4 class=\"p3\"><strong>Rolls Smart Filter \u2013 Die bessere Alternative zu Aktivkohlefilter<\/strong><\/h4>\n<p class=\"p3\">Unsere\u00a0<a href=\"https:\/\/www.rolls69.de\/rolls-smart-filter\/\" target=\"_blank\" rel=\"noopener\">Rolls Smart Filter<\/a>\u00a0wurden in jahrelanger Arbeit entwickelt \u2013 das Ergebnis sind Filter, die nicht nur Schadstoffe aus dem Rauch filtern, sondern auch ein innovatives K\u00fchlsystem integriert haben, bei welchem du selbst bestimmen kannst, wie stark der K\u00fchleffekt sein soll. Durch das Material, aus dem die Smart Filter bestehen, verkleben diese auch nicht so leicht wie Aktivkohlefilter.<\/p>\n<h4 class=\"p3\"><strong>Effektiver Filter von Rolls<\/strong><\/h4>\n<p class=\"p3\">Jeder kennt es \u2013 beim Rauchen von \u201aKr\u00e4utermischungen\u2018 kann leicht der Hals zu kratzen beginnen, und die Schleimh\u00e4ute leiden. Mit unserem\u00a0<a href=\"https:\/\/www.rolls69.de\/\" target=\"_blank\" rel=\"noopener\">Rolls<\/a>\u00a0Smart Filter aus Zellulose, werden viele Schadstoffe, wie Teer, Kondensate und andere Partikel, effektiv aus dem Rauch gefiltert. Das Rauchen wird dadurch schonender F\u00fcr den Hals, die Lungen und die Schleimh\u00e4ute und das Raucherlebnis deutlich angenehmer. Daf\u00fcr hat das Team von Rolls jahrelang Versuche durchgef\u00fchrt \u2013 mit einzigartigen Filtern als Ergebnis.<\/p>\n<p class=\"p3\">Die Rolls Smart Filter haben zwei entscheidende Vorteile gegen\u00fcber Aktivkohlefiltern:<\/p>\n<ul>\n<li class=\"p3\">der Smart Filter von Rolls gibt selbst keine Partikel ab, da er selbst aus Zellulose ist.<\/li>\n<li class=\"p3\">die Rolls Smart Filter verkleben aufgrund des Materials wesentlich seltener als Aktivkohlefilter<\/li>\n<\/ul>\n<p class=\"p3\"><a href=\"https:\/\/www.rolls69.de\/wp-content\/uploads\/2015\/05\/rolls-smart-filter-features-tabak.png\" rel=\"https:\/\/www.rolls69.de\/rolls\/smart-filter\/ noopener\" target=\"_blank\"><img decoding=\"async\" class=\"aligncenter wp-image-646\" src=\"https:\/\/www.rolls69.de\/wp-content\/uploads\/2015\/05\/rolls-smart-filter-features-tabak-300x126.png\" sizes=\"(max-width: 614px) 100vw, 614px\" srcset=\"https:\/\/www.rolls69.de\/wp-content\/uploads\/2015\/05\/rolls-smart-filter-features-tabak-300x126.png 300w, https:\/\/www.rolls69.de\/wp-content\/uploads\/2015\/05\/rolls-smart-filter-features-tabak.png 900w\" alt=\"\" width=\"614\" height=\"258\" \/><\/a><\/p>\n<h3><\/h3>\n<h4 class=\"p3\"><b>Rauchk\u00fchleffekt bei Rolls Smart Filtern<\/b><\/h4>\n<p class=\"p3\">Unsere Filter haben ein innovatives K\u00fchlsystem integriert, welches den Rauch deutlich abk\u00fchlt, bevor du ihn inhalierst. Erzielt wird dieser Effekt durch Lufteinl\u00e4sse, welche mit moderner Lasertechnologie in den Filter integriert werden. Dies macht den Genuss deiner \u201aKr\u00e4utermischung\u2018 deutlich angenehmer. Und du kannst selbst bestimmen, wie stark dieser Effekt sein soll: Je weiter dein Rolls Smart Filter aus dem Paper herausragt, umso st\u00e4rker wird der K\u00fchleffekt sein. Du kannst also selbst das f\u00fcr dich optimale Raucherlebnis bestimmen.<\/p>\n<p>In dieser VIP Packung befinden sich 50 St\u00fcck Rolls Smart Filter.<\/p>\n<h3>\u00dcber Rolls:<\/h3>\n<p>Seit 2010 haben wir von Rolls es uns zur Aufgabe gemacht, das Rauchen von \u201eKr\u00e4utermischungen\u201c schadstofffreier und zugleich genussvoller zu gestalten. Nach jahrelanger Entwicklung und dem Einsatz von modernsten Testverfahren, haben wir schlie\u00dflich unser erstes Produkt, die\u00a0Rolls\u00ae Smart-Filter, auf den Markt gebracht.<\/p>\n","protected":false},"excerpt":{"rendered":"<p>Rolls Smart Filter 50 oder 80 St\u00fcck Die innovativen Rolls Smart Filter sind perfekt gemacht f\u00fcr deine \u201aKr\u00e4utermischung\u2018. Unsere Filter<\/p>\n","protected":false},"featured_media":18603,"comment_status":"open","ping_status":"open","template":"","meta":{"_acf_changed":false},"product_cat":[2499,2500,2451],"product_tag":[2853],"acf":[],"_links":{"self":[{"href":"https:\/\/donaulife-new.ogrisdigital.at\/it\/wp-json\/wp\/v2\/product\/50956"}],"collection":[{"href":"https:\/\/donaulife-new.ogrisdigital.at\/it\/wp-json\/wp\/v2\/product"}],"about":[{"href":"https:\/\/donaulife-new.ogrisdigital.at\/it\/wp-json\/wp\/v2\/types\/product"}],"replies":[{"embeddable":true,"href":"https:\/\/donaulife-new.ogrisdigital.at\/it\/wp-json\/wp\/v2\/comments?post=50956"}],"wp:featuredmedia":[{"embeddable":true,"href":"https:\/\/donaulife-new.ogrisdigital.at\/it\/wp-json\/wp\/v2\/media\/18603"}],"wp:attachment":[{"href":"https:\/\/donaulife-new.ogrisdigital.at\/it\/wp-json\/wp\/v2\/media?parent=50956"}],"wp:term":[{"taxonomy":"product_cat","embeddable":true,"href":"https:\/\/donaulife-new.ogrisdigital.at\/it\/wp-json\/wp\/v2\/product_cat?post=50956"},{"taxonomy":"product_tag","embeddable":true,"href":"https:\/\/donaulife-new.ogrisdigital.at\/it\/wp-json\/wp\/v2\/product_tag?post=50956"}],"curies":[{"name":"wp","href":"https:\/\/api.w.org\/{rel}","templated":true}]}}