{"id":50877,"date":"2018-05-02T15:36:56","date_gmt":"2018-05-02T15:36:56","guid":{"rendered":"https:\/\/donaulife-new.ogrisdigital.at\/produkt\/blaze-glass-steckbongmittelteil-blue-perc\/"},"modified":"2025-01-15T07:15:06","modified_gmt":"2025-01-15T07:15:06","slug":"blaze-glass-steckbongmittelteil-blue-perc","status":"publish","type":"product","link":"https:\/\/donaulife-new.ogrisdigital.at\/it\/blaze-glass-steckbongmittelteil-blue-perc\/","title":{"rendered":"BLAZE GLASS Steckbongmittelteil &#8216;Blue Perc&#8217;"},"content":{"rendered":"<h2>Blaze Glass Steckbongteil Rundlaufkammer Perc<\/h2>\n<p>Bau dir deine Traumbong! Hier ein weiterer Teil der Blaze Steckbong Serie.<\/p>\n<div class=\"std\">&#8216;Blaze Glass&#8217;- Steckbong Mittelteil f\u00fcr alle die auf der Suche nach blauen Akzenten sind. Handgefertigt aus 5mm festem Borosilikat-glas, verf\u00fcgt dieser Bong Mittelteil \u00fcber einen blauen Diffusor.<br \/>\nDiese Bong Mittelteil passt mit weiteren Steckbongteilen mit Standard Schliff 45mm zusammen.<\/div>\n<div><\/div>\n<div>\n<div><span style=\"font-size: 20.16px;\">\u00dcber Blaze Glass:<\/span><\/div>\n<div>\n<div>\n<p>Blaze-Glass-Bongs sind aus spannungsfreiem 3.1-Borosilikatglas (vergleichbar mit Duranglas) h\u00f6chster G\u00fcteklasse gefertigt. Mindestens 5 mm Wandst\u00e4rke machen eine Wasserpfeife robust.<br \/>\nWir verwenden extrem passgenaue Normschliffe in 14,5 bzw. 18,8 mm. Je nach Bong-Geometrie kommen normale Schliffe, verst\u00e4rkte Schliffe und bi-stabile Schliffe (doppelte Wand) in unseren Produkten zum Einsatz.<\/p>\n<\/div>\n<\/div>\n<\/div>\n","protected":false},"excerpt":{"rendered":"<p>Blaze Glass Steckbongteil Rundlaufkammer Perc Bau dir deine Traumbong! Hier ein weiterer Teil der Blaze Steckbong Serie. &#8216;Blaze Glass&#8217;- Steckbong<\/p>\n","protected":false},"featured_media":17725,"comment_status":"open","ping_status":"open","template":"","meta":{"_acf_changed":false},"product_cat":[2514,2545,2459,2506,2463,2817],"product_tag":[2547],"acf":[],"_links":{"self":[{"href":"https:\/\/donaulife-new.ogrisdigital.at\/it\/wp-json\/wp\/v2\/product\/50877"}],"collection":[{"href":"https:\/\/donaulife-new.ogrisdigital.at\/it\/wp-json\/wp\/v2\/product"}],"about":[{"href":"https:\/\/donaulife-new.ogrisdigital.at\/it\/wp-json\/wp\/v2\/types\/product"}],"replies":[{"embeddable":true,"href":"https:\/\/donaulife-new.ogrisdigital.at\/it\/wp-json\/wp\/v2\/comments?post=50877"}],"wp:featuredmedia":[{"embeddable":true,"href":"https:\/\/donaulife-new.ogrisdigital.at\/it\/wp-json\/wp\/v2\/media\/17725"}],"wp:attachment":[{"href":"https:\/\/donaulife-new.ogrisdigital.at\/it\/wp-json\/wp\/v2\/media?parent=50877"}],"wp:term":[{"taxonomy":"product_cat","embeddable":true,"href":"https:\/\/donaulife-new.ogrisdigital.at\/it\/wp-json\/wp\/v2\/product_cat?post=50877"},{"taxonomy":"product_tag","embeddable":true,"href":"https:\/\/donaulife-new.ogrisdigital.at\/it\/wp-json\/wp\/v2\/product_tag?post=50877"}],"curies":[{"name":"wp","href":"https:\/\/api.w.org\/{rel}","templated":true}]}}