{"id":50841,"date":"2018-02-24T16:46:00","date_gmt":"2018-02-24T16:46:00","guid":{"rendered":"https:\/\/donaulife-new.ogrisdigital.at\/produkt\/toppuff-bong-konverter\/"},"modified":"2024-07-01T00:26:09","modified_gmt":"2024-07-01T00:26:09","slug":"toppuff-bong-konverter","status":"publish","type":"product","link":"https:\/\/donaulife-new.ogrisdigital.at\/it\/toppuff-bong-konverter\/","title":{"rendered":"UNI BONG Flasche zu Bong Konverter | 16 cm"},"content":{"rendered":"<h2>Uni-Bong Flasche zu Bong Konverter<\/h2>\n<p>Egal ob du auf einer Party, Festival oder gar auf einem Campingtrip bist, der Uni Bong Adapter ist die perfekte L\u00f6sung f\u00fcr Unterwegs. Dieser Bong Konverter verwandelt innerhalb von Sekunden eine gew\u00f6hnliche Plastikflasche in eine sofort nutzbare Kunststoffbong. Zuerst wird der Konverter auf die Flasche geschraubt, danach das Glaschillum eingesteckt schon kann die Bongparty losgehen! Das Chillum und das Ansaugrohr sind beide ca. 16 cm lang.<\/p>\n","protected":false},"excerpt":{"rendered":"<p>Uni-Bong Flasche zu Bong Konverter Egal ob du auf einer Party, Festival oder gar auf einem Campingtrip bist, der Uni<\/p>\n","protected":false},"featured_media":17693,"comment_status":"open","ping_status":"open","template":"","meta":{"_acf_changed":false},"product_cat":[2459,2451,2530,2460],"product_tag":[],"acf":[],"_links":{"self":[{"href":"https:\/\/donaulife-new.ogrisdigital.at\/it\/wp-json\/wp\/v2\/product\/50841"}],"collection":[{"href":"https:\/\/donaulife-new.ogrisdigital.at\/it\/wp-json\/wp\/v2\/product"}],"about":[{"href":"https:\/\/donaulife-new.ogrisdigital.at\/it\/wp-json\/wp\/v2\/types\/product"}],"replies":[{"embeddable":true,"href":"https:\/\/donaulife-new.ogrisdigital.at\/it\/wp-json\/wp\/v2\/comments?post=50841"}],"wp:featuredmedia":[{"embeddable":true,"href":"https:\/\/donaulife-new.ogrisdigital.at\/it\/wp-json\/wp\/v2\/media\/17693"}],"wp:attachment":[{"href":"https:\/\/donaulife-new.ogrisdigital.at\/it\/wp-json\/wp\/v2\/media?parent=50841"}],"wp:term":[{"taxonomy":"product_cat","embeddable":true,"href":"https:\/\/donaulife-new.ogrisdigital.at\/it\/wp-json\/wp\/v2\/product_cat?post=50841"},{"taxonomy":"product_tag","embeddable":true,"href":"https:\/\/donaulife-new.ogrisdigital.at\/it\/wp-json\/wp\/v2\/product_tag?post=50841"}],"curies":[{"name":"wp","href":"https:\/\/api.w.org\/{rel}","templated":true}]}}