{"id":50823,"date":"2018-02-23T11:13:47","date_gmt":"2018-02-23T11:13:47","guid":{"rendered":"https:\/\/donaulife-new.ogrisdigital.at\/produkt\/blindstopfen-fuer-glasbongs-188-145-mm\/"},"modified":"2024-07-01T00:25:57","modified_gmt":"2024-07-01T00:25:57","slug":"blindstopfen-fuer-glasbongs-188-145-mm","status":"publish","type":"product","link":"https:\/\/donaulife-new.ogrisdigital.at\/it\/blindstopfen-fuer-glasbongs-188-145-mm\/","title":{"rendered":"Blindstopfen f\u00fcr Glasbongs | 14,5\/18,8 mm"},"content":{"rendered":"<h2>Blindstopfen aus Glas zum verschlie\u00dfen von Schliffen<\/h2>\n<p>Um deine Bong mit einer Reinigungsl\u00f6sung zu reinigen, sollten s\u00e4mtliche \u00d6ffnungen gut abgedichtete sein. Mit diesem Stopfen ist jeder 14er\/18er NS gut verschlossen und der sauberen Bong steht nichts mehr im Wege.<\/p>\n","protected":false},"excerpt":{"rendered":"<p>Blindstopfen aus Glas zum verschlie\u00dfen von Schliffen Um deine Bong mit einer Reinigungsl\u00f6sung zu reinigen, sollten s\u00e4mtliche \u00d6ffnungen gut abgedichtete<\/p>\n","protected":false},"featured_media":17597,"comment_status":"open","ping_status":"open","template":"","meta":{"_acf_changed":false},"product_cat":[2459,2786,2718,2460],"product_tag":[],"acf":[],"_links":{"self":[{"href":"https:\/\/donaulife-new.ogrisdigital.at\/it\/wp-json\/wp\/v2\/product\/50823"}],"collection":[{"href":"https:\/\/donaulife-new.ogrisdigital.at\/it\/wp-json\/wp\/v2\/product"}],"about":[{"href":"https:\/\/donaulife-new.ogrisdigital.at\/it\/wp-json\/wp\/v2\/types\/product"}],"replies":[{"embeddable":true,"href":"https:\/\/donaulife-new.ogrisdigital.at\/it\/wp-json\/wp\/v2\/comments?post=50823"}],"wp:featuredmedia":[{"embeddable":true,"href":"https:\/\/donaulife-new.ogrisdigital.at\/it\/wp-json\/wp\/v2\/media\/17597"}],"wp:attachment":[{"href":"https:\/\/donaulife-new.ogrisdigital.at\/it\/wp-json\/wp\/v2\/media?parent=50823"}],"wp:term":[{"taxonomy":"product_cat","embeddable":true,"href":"https:\/\/donaulife-new.ogrisdigital.at\/it\/wp-json\/wp\/v2\/product_cat?post=50823"},{"taxonomy":"product_tag","embeddable":true,"href":"https:\/\/donaulife-new.ogrisdigital.at\/it\/wp-json\/wp\/v2\/product_tag?post=50823"}],"curies":[{"name":"wp","href":"https:\/\/api.w.org\/{rel}","templated":true}]}}