{"id":50813,"date":"2018-02-18T14:49:55","date_gmt":"2018-02-18T14:49:55","guid":{"rendered":"https:\/\/donaulife-new.ogrisdigital.at\/produkt\/black-leaf-ice-bong-blue-edition-mit-baumperc-38-cm\/"},"modified":"2025-01-15T07:15:14","modified_gmt":"2025-01-15T07:15:14","slug":"black-leaf-ice-bong-blue-edition-mit-baumperc-38-cm","status":"publish","type":"product","link":"https:\/\/donaulife-new.ogrisdigital.at\/it\/black-leaf-ice-bong-blue-edition-mit-baumperc-38-cm\/","title":{"rendered":"BLACK LEAF ICE-Bong &#8216;Blue Edition&#8217; mit 6-Arm Percolator | 38 cm"},"content":{"rendered":"<p>Die schwere &#8216;Black Leaf&#8217; Percolator-Bong sticht mit ihren blauen Akzenten sofort ins Auge. Der Bongkopf mit NS14 kommt mit einem integrierten Rollstop und steckt in einem Adapterchillum mit NS19 &gt; 14. Der Rauch wird bereits im Beaker der Bong von dem Schlitzdiffusor am Endes des Chillums verwirbelt. Danach passiert er den 6-Arm Percolator welcher den Rauch zus\u00e4tzich verwirbelt und Schmutzpartikel ausfiltert.<\/p>\n<p>Der Kolbenpercolator dient gleichzeitig als Splashguard damit dein Mund auch bestimmt nicht in Kontakt mit dem Bongwasser kommt. Direkt \u00fcber dem Spritzschutz befindet sich das Eisfach. Dieses besteht aus 3 Eiszapfen welche die Eisw\u00fcrfel halten die zus\u00e4tzlich f\u00fcr super angenehme Hits sorgen. Das Kickloch ist standardm\u00e4\u00dfig mit einem Gummistopfen verschlossen kann aber je nach Bedarf auch entfernt werden.<\/p>\n<p>Durch die Beakerform besitzt diese Percolatorbong einen verh\u00e4ltnism\u00e4\u00dfig tiefen Schwerpunkt, was einen besonders sicheren Stand gew\u00e4hrleistet.<\/p>\n","protected":false},"excerpt":{"rendered":"<p>Die schwere &#8216;Black Leaf&#8217; Percolator-Bong sticht mit ihren blauen Akzenten sofort ins Auge. Der Bongkopf mit NS14 kommt mit einem<\/p>\n","protected":false},"featured_media":17471,"comment_status":"open","ping_status":"open","template":"","meta":{"_acf_changed":false},"product_cat":[2514,2548,2459,2523,2635,2506,2463],"product_tag":[2521],"acf":[],"_links":{"self":[{"href":"https:\/\/donaulife-new.ogrisdigital.at\/it\/wp-json\/wp\/v2\/product\/50813"}],"collection":[{"href":"https:\/\/donaulife-new.ogrisdigital.at\/it\/wp-json\/wp\/v2\/product"}],"about":[{"href":"https:\/\/donaulife-new.ogrisdigital.at\/it\/wp-json\/wp\/v2\/types\/product"}],"replies":[{"embeddable":true,"href":"https:\/\/donaulife-new.ogrisdigital.at\/it\/wp-json\/wp\/v2\/comments?post=50813"}],"wp:featuredmedia":[{"embeddable":true,"href":"https:\/\/donaulife-new.ogrisdigital.at\/it\/wp-json\/wp\/v2\/media\/17471"}],"wp:attachment":[{"href":"https:\/\/donaulife-new.ogrisdigital.at\/it\/wp-json\/wp\/v2\/media?parent=50813"}],"wp:term":[{"taxonomy":"product_cat","embeddable":true,"href":"https:\/\/donaulife-new.ogrisdigital.at\/it\/wp-json\/wp\/v2\/product_cat?post=50813"},{"taxonomy":"product_tag","embeddable":true,"href":"https:\/\/donaulife-new.ogrisdigital.at\/it\/wp-json\/wp\/v2\/product_tag?post=50813"}],"curies":[{"name":"wp","href":"https:\/\/api.w.org\/{rel}","templated":true}]}}