{"id":50776,"date":"2018-02-16T17:53:57","date_gmt":"2018-02-16T17:53:57","guid":{"rendered":"https:\/\/donaulife-new.ogrisdigital.at\/produkt\/raw-drehmaschine-xxl-30-cm\/"},"modified":"2025-01-15T07:15:26","modified_gmt":"2025-01-15T07:15:26","slug":"raw-drehmaschine-xxl-30-cm","status":"publish","type":"product","link":"https:\/\/donaulife-new.ogrisdigital.at\/it\/raw-drehmaschine-xxl-30-cm\/","title":{"rendered":"RAW Drehmaschine XXL | 30 cm"},"content":{"rendered":"<p>Die &#8216;RAW&#8217; Drehmaschine XXL ist aus hochwertigem Aluminium und zugfestem Vinyl gefertigt. Die Drehmaschine wird in Indonesien auf der Insel Kudus hergestellt, ein Ort der seit Ende des 19. Jahrhunterts w\u00e4hrenden, Tradition der Herstellung. Mit ihrer unglaublichen L\u00e4nge von 30 cm ist sie perfekt geeignet f\u00fcr alle Sorten von Endlos Papers.<\/p>\n<h3>\u00dcber RAW:<\/h3>\n<p>RAW &#8211; Die nat\u00fcrliche Art zu rollen.<\/p>\n<p>Seit dem 1. Tag hat RAW den Auftrag, die F\u00fchrungsrolle in der Papierrollenindustrie zu \u00fcbernehmen. RAW hat die Welt des Rauchens revolutioniert, indem sie Produkte geschaffen hat, die von Natur aus genial gestaltet sind, um das Raucherlebnis zu verbessern.<\/p>\n<p>RAW stellt nur qualitativ hochwertige und umweltfreundliche Produkte her, die Ihr Raucherlebnis verbessern, und wir werden das wof\u00fcr wir stehen niemals \u00e4ndern. Wir genie\u00dfen es, unser unraffiniertes Papier jeden Tag zu rauchen, und wir werden es immer komplett rein also &#8220;RAW&#8221; belassen &#8211; f\u00fcr dich und uns!<\/p>\n","protected":false},"excerpt":{"rendered":"<p>Die &#8216;RAW&#8217; Drehmaschine XXL ist aus hochwertigem Aluminium und zugfestem Vinyl gefertigt. Die Drehmaschine wird in Indonesien auf der Insel<\/p>\n","protected":false},"featured_media":17193,"comment_status":"open","ping_status":"open","template":"","meta":{"_acf_changed":false},"product_cat":[2489,2763,2451,2452,2490],"product_tag":[2493],"acf":[],"_links":{"self":[{"href":"https:\/\/donaulife-new.ogrisdigital.at\/it\/wp-json\/wp\/v2\/product\/50776"}],"collection":[{"href":"https:\/\/donaulife-new.ogrisdigital.at\/it\/wp-json\/wp\/v2\/product"}],"about":[{"href":"https:\/\/donaulife-new.ogrisdigital.at\/it\/wp-json\/wp\/v2\/types\/product"}],"replies":[{"embeddable":true,"href":"https:\/\/donaulife-new.ogrisdigital.at\/it\/wp-json\/wp\/v2\/comments?post=50776"}],"wp:featuredmedia":[{"embeddable":true,"href":"https:\/\/donaulife-new.ogrisdigital.at\/it\/wp-json\/wp\/v2\/media\/17193"}],"wp:attachment":[{"href":"https:\/\/donaulife-new.ogrisdigital.at\/it\/wp-json\/wp\/v2\/media?parent=50776"}],"wp:term":[{"taxonomy":"product_cat","embeddable":true,"href":"https:\/\/donaulife-new.ogrisdigital.at\/it\/wp-json\/wp\/v2\/product_cat?post=50776"},{"taxonomy":"product_tag","embeddable":true,"href":"https:\/\/donaulife-new.ogrisdigital.at\/it\/wp-json\/wp\/v2\/product_tag?post=50776"}],"curies":[{"name":"wp","href":"https:\/\/api.w.org\/{rel}","templated":true}]}}