{"id":50772,"date":"2018-02-16T17:18:32","date_gmt":"2018-02-16T17:18:32","guid":{"rendered":"https:\/\/donaulife-new.ogrisdigital.at\/produkt\/ocb-papers-filter-tips-virgin-slim\/"},"modified":"2025-01-15T07:15:28","modified_gmt":"2025-01-15T07:15:28","slug":"ocb-papers-filter-tips-virgin-slim","status":"publish","type":"product","link":"https:\/\/donaulife-new.ogrisdigital.at\/it\/ocb-papers-filter-tips-virgin-slim\/","title":{"rendered":"OCB &#8216;Virgin&#8217; KSS Papers + Filter Tips | 32 Blatt"},"content":{"rendered":"<h2>OCB Virgin Papers + Tips<\/h2>\n<div>&#8216;OCB&#8217; Virgin Longpapers mit Filter Tips bestehen aus ultrad\u00fcnnen, ungebleichten King Size slim Drehpapier und ist komplett biologisch abbaubar. Die Papers sind mit dem OCB Wasserzeichen und einer nat\u00fcrlichen Gummierung (Arabicum) versehen.<\/div>\n<h3>\u00dcber OCB:<\/h3>\n<p>OCB steht f\u00fcr Odet Cascadec Bollor\u00e9, heute Bollor\u00e9, dem franz\u00f6sischen Mischkonzern der die Marke bis ins Jahr 2000 herstellte. Aber bis heute wird die Marke nat\u00fcrlich weltweit in jedem gut sortierten Rauch Zubeh\u00f6rhandel gef\u00fchrt. Von den klassischen bekannten blauen regular Papers bis hin zu Kingsize Varianten und nat\u00fcrlich Rolls bietet OCB eine gro\u00dfe Auswahl an Papieren an. Seit kurzem widmet sich die Firma auch vermehrt im Bereich der Aktivkohlefilter und bietet auch dort h\u00f6chste Qualit\u00e4t sehr gute Filterung.<\/p>\n<div><\/div>\n<div><\/div>\n<div><\/div>\n<div class=\"std\"><\/div>\n","protected":false},"excerpt":{"rendered":"<p>OCB Virgin Papers + Tips &#8216;OCB&#8217; Virgin Longpapers mit Filter Tips bestehen aus ultrad\u00fcnnen, ungebleichten King Size slim Drehpapier und<\/p>\n","protected":false},"featured_media":17161,"comment_status":"open","ping_status":"open","template":"","meta":{"_acf_changed":false},"product_cat":[2489,2451,2453,2752,2452,2492],"product_tag":[],"acf":[],"_links":{"self":[{"href":"https:\/\/donaulife-new.ogrisdigital.at\/it\/wp-json\/wp\/v2\/product\/50772"}],"collection":[{"href":"https:\/\/donaulife-new.ogrisdigital.at\/it\/wp-json\/wp\/v2\/product"}],"about":[{"href":"https:\/\/donaulife-new.ogrisdigital.at\/it\/wp-json\/wp\/v2\/types\/product"}],"replies":[{"embeddable":true,"href":"https:\/\/donaulife-new.ogrisdigital.at\/it\/wp-json\/wp\/v2\/comments?post=50772"}],"wp:featuredmedia":[{"embeddable":true,"href":"https:\/\/donaulife-new.ogrisdigital.at\/it\/wp-json\/wp\/v2\/media\/17161"}],"wp:attachment":[{"href":"https:\/\/donaulife-new.ogrisdigital.at\/it\/wp-json\/wp\/v2\/media?parent=50772"}],"wp:term":[{"taxonomy":"product_cat","embeddable":true,"href":"https:\/\/donaulife-new.ogrisdigital.at\/it\/wp-json\/wp\/v2\/product_cat?post=50772"},{"taxonomy":"product_tag","embeddable":true,"href":"https:\/\/donaulife-new.ogrisdigital.at\/it\/wp-json\/wp\/v2\/product_tag?post=50772"}],"curies":[{"name":"wp","href":"https:\/\/api.w.org\/{rel}","templated":true}]}}