{"id":50764,"date":"2018-02-16T12:57:36","date_gmt":"2018-02-16T12:57:36","guid":{"rendered":"https:\/\/donaulife-new.ogrisdigital.at\/produkt\/smoking-blue-papers-kingsize\/"},"modified":"2024-07-01T00:25:02","modified_gmt":"2024-07-01T00:25:02","slug":"smoking-blue-papers-kingsize","status":"publish","type":"product","link":"https:\/\/donaulife-new.ogrisdigital.at\/it\/smoking-blue-papers-kingsize\/","title":{"rendered":"SMOKING KS Papers &#8216;Blue&#8217; | 32 Blatt"},"content":{"rendered":"<h2>Smoking Kingsize mit 32 Blatt<\/h2>\n<div>Die Smoking Blue King Size bestehen aus transparentem Zigarettenpapier mit einem Fl\u00e4chengewicht von 13g\/m\u00b2 pro Paper mit Gummi Arabicum und ohne zus\u00e4tzliche Farb- oder Zusatzstoffe.<\/div>\n<div><\/div>\n<div>\n<p style=\"margin: 0in; font-family: Calibri; font-size: 16.0pt;\">\u00dcber Smoking:<\/p>\n<p style=\"margin: 0in; font-family: Calibri; font-size: 11.0pt;\">Smoking\u00ae ist derzeit eine der f\u00fchrenden Marken auf dem Markt f\u00fcr Rolling Papers. Au\u00dferdem ist sie einer der f\u00fchrenden spanischen Exporteure mit der Pr\u00e4senz auf 5 Kontinenten und in mehr als 100 L\u00e4ndern weltweit.<\/p>\n<p style=\"margin: 0in; font-family: Calibri; font-size: 11.0pt;\">Heute sind mehr als drei Viertel der Jahresproduktion von Smoking\u00ae f\u00fcr den Export bestimmt, wobei die Marke im Ausland eine f\u00fchrende Position und einen hohen Bekanntheitsgrad genie\u00dft. Die Marke Smoking\u00ae bietet dir das breiteste Sortiment an Rolling Paper und Zubeh\u00f6r auf dem Markt. \ud83d\ude09<\/p>\n<\/div>\n<div><\/div>\n<div class=\"std\"><\/div>\n","protected":false},"excerpt":{"rendered":"<p>Smoking Kingsize mit 32 Blatt Die Smoking Blue King Size bestehen aus transparentem Zigarettenpapier mit einem Fl\u00e4chengewicht von 13g\/m\u00b2 pro<\/p>\n","protected":false},"featured_media":17111,"comment_status":"open","ping_status":"open","template":"","meta":{"_acf_changed":false},"product_cat":[2489,2451,2453,2452,2749],"product_tag":[],"acf":[],"_links":{"self":[{"href":"https:\/\/donaulife-new.ogrisdigital.at\/it\/wp-json\/wp\/v2\/product\/50764"}],"collection":[{"href":"https:\/\/donaulife-new.ogrisdigital.at\/it\/wp-json\/wp\/v2\/product"}],"about":[{"href":"https:\/\/donaulife-new.ogrisdigital.at\/it\/wp-json\/wp\/v2\/types\/product"}],"replies":[{"embeddable":true,"href":"https:\/\/donaulife-new.ogrisdigital.at\/it\/wp-json\/wp\/v2\/comments?post=50764"}],"wp:featuredmedia":[{"embeddable":true,"href":"https:\/\/donaulife-new.ogrisdigital.at\/it\/wp-json\/wp\/v2\/media\/17111"}],"wp:attachment":[{"href":"https:\/\/donaulife-new.ogrisdigital.at\/it\/wp-json\/wp\/v2\/media?parent=50764"}],"wp:term":[{"taxonomy":"product_cat","embeddable":true,"href":"https:\/\/donaulife-new.ogrisdigital.at\/it\/wp-json\/wp\/v2\/product_cat?post=50764"},{"taxonomy":"product_tag","embeddable":true,"href":"https:\/\/donaulife-new.ogrisdigital.at\/it\/wp-json\/wp\/v2\/product_tag?post=50764"}],"curies":[{"name":"wp","href":"https:\/\/api.w.org\/{rel}","templated":true}]}}