{"id":50734,"date":"2018-01-04T12:37:14","date_gmt":"2018-01-04T12:37:14","guid":{"rendered":"https:\/\/donaulife-new.ogrisdigital.at\/produkt\/dexso-organisches-extraktionsgas\/"},"modified":"2025-01-15T07:15:34","modified_gmt":"2025-01-15T07:15:34","slug":"dexso-organisches-extraktionsgas","status":"publish","type":"product","link":"https:\/\/donaulife-new.ogrisdigital.at\/it\/dexso-organisches-extraktionsgas\/","title":{"rendered":"DEXSO organisches Gas zur Extrakion | D.M.E."},"content":{"rendered":"<h2>Dexso Extraktionsgas D.M.E.<\/h2>\n<p>Bei Dexso handelt es sich um ein organisches L\u00f6sungsmittel (Dimethylether) und ist eine sinnvolle Alternative zur herk\u00f6mmlichen Butangas Extraktion. Dimethylether kurz D.M.E. Gas eignet sich hervorragend f\u00fcr die Extraktion von \u00d6len aus Pflanzenteilen. Dexso sollte nur mit mit original Dexso Extraktoren bzw Metal-Extraktoren erfolgen. Die Extraktion mit Dexso ist nicht f\u00fcr Acryl oder Plastik-Extraktoren geeignet.<\/p>\n<h3>\u00dcber Dexso:<\/h3>\n<p>Die Vision von Dexso ist es, &#8220;Swissness&#8221; auf den weltweiten Markt der Pflanzenextrakte zu bringen. Auf diese Weise fungiert Dexso als Br\u00fccke zwischen dem Kleinen und dem Grossen, zwischen dem privaten Anwender und der Industrie. Deshalb produziert Dexso mehrere Produktlinien, angepasst an die Bed\u00fcrfnisse der verschiedenen Kundengruppen, immer mit dem allgemeinen Ziel, Qualit\u00e4tsf\u00fchrer zu sein.<\/p>\n","protected":false},"excerpt":{"rendered":"<p>Dexso Extraktionsgas D.M.E. Bei Dexso handelt es sich um ein organisches L\u00f6sungsmittel (Dimethylether) und ist eine sinnvolle Alternative zur herk\u00f6mmlichen<\/p>\n","protected":false},"featured_media":16884,"comment_status":"open","ping_status":"closed","template":"","meta":{"_acf_changed":false},"product_cat":[2549,2720],"product_tag":[],"acf":[],"_links":{"self":[{"href":"https:\/\/donaulife-new.ogrisdigital.at\/it\/wp-json\/wp\/v2\/product\/50734"}],"collection":[{"href":"https:\/\/donaulife-new.ogrisdigital.at\/it\/wp-json\/wp\/v2\/product"}],"about":[{"href":"https:\/\/donaulife-new.ogrisdigital.at\/it\/wp-json\/wp\/v2\/types\/product"}],"replies":[{"embeddable":true,"href":"https:\/\/donaulife-new.ogrisdigital.at\/it\/wp-json\/wp\/v2\/comments?post=50734"}],"wp:featuredmedia":[{"embeddable":true,"href":"https:\/\/donaulife-new.ogrisdigital.at\/it\/wp-json\/wp\/v2\/media\/16884"}],"wp:attachment":[{"href":"https:\/\/donaulife-new.ogrisdigital.at\/it\/wp-json\/wp\/v2\/media?parent=50734"}],"wp:term":[{"taxonomy":"product_cat","embeddable":true,"href":"https:\/\/donaulife-new.ogrisdigital.at\/it\/wp-json\/wp\/v2\/product_cat?post=50734"},{"taxonomy":"product_tag","embeddable":true,"href":"https:\/\/donaulife-new.ogrisdigital.at\/it\/wp-json\/wp\/v2\/product_tag?post=50734"}],"curies":[{"name":"wp","href":"https:\/\/api.w.org\/{rel}","templated":true}]}}