{"id":50712,"date":"2017-12-29T12:18:47","date_gmt":"2017-12-29T12:18:47","guid":{"rendered":"https:\/\/donaulife-new.ogrisdigital.at\/produkt\/boost-bong-cane-36-cm\/"},"modified":"2025-01-15T07:15:39","modified_gmt":"2025-01-15T07:15:39","slug":"boost-bong-cane-36-cm","status":"publish","type":"product","link":"https:\/\/donaulife-new.ogrisdigital.at\/it\/boost-bong-cane-36-cm\/","title":{"rendered":"BOOST Eisbong &#8216;Cane&#8217; | 36 cm"},"content":{"rendered":"<h2>Boost Eisbong mit 36 cm<\/h2>\n<p>Die Cane Glasbong von Boost is ein wundersch\u00f6nes und einzigartiges St\u00fcck Glaskunst. Sie beeindruckt nicht nur mit der Gr\u00f6\u00dfe von 36 cm und einen Durchmesser von 45 mm, sondern auch mit der schlichten Eleganz des hitzebest\u00e4ndigen Borosilikatglases und den dezenten blauen Akzenten. Das Ganze wird durch den orangen Bongkopf mit blauen Rollstop abgerundet. Das 14,5 mm Chillum transportiert den Rauch ins Innere der Bong, wo er im Wasser von Schadstoffen gefiltert und gek\u00fchlt wird. Im Hals ist zus\u00e4tzlich noch ein Eisfach zur endg\u00fcltigen Abk\u00fchlung und ein Kickloch eingelassen. Den oberen Teil der Bong schlie\u00dft ein rundes Mundst\u00fcck ab. Eine wirklich fast perfekte Bong f\u00fcr jeden Anlass.<\/p>\n<h3>\u00dcber Boost:<\/h3>\n<p>Die Bongschmiede von Boost zeigt das gute Qualit\u00e4t nicht immer extrem teuer sein muss. Von einfachen geraden Bongs bis hin zu Percolator Bongs und au\u00dfergew\u00f6hlichen Formen bietet Boost f\u00fcr jeden Geschmack die richtige Glasvase. Auch beim Zubeh\u00f6r bietet der Hersteller hochwertige Bong K\u00f6pfe, Vork\u00fchler sowie Diffusor Chillums die mit vielen Modellen kompatibel sind. Wer noch stabilere Glaswaren sucht sollte auf den Zusatz Boost PRO achten. Diese sind dicker und meist mit weiteren Gimmicks wie zum Beispiel einem Eisfach ausgestattet.<\/p>\n","protected":false},"excerpt":{"rendered":"<p>Boost Eisbong mit 36 cm Die Cane Glasbong von Boost is ein wundersch\u00f6nes und einzigartiges St\u00fcck Glaskunst. Sie beeindruckt nicht<\/p>\n","protected":false},"featured_media":16645,"comment_status":"open","ping_status":"closed","template":"","meta":{"_acf_changed":false},"product_cat":[2514,2459,2706,2510,2507,2523,2515,2506,2463],"product_tag":[2707],"acf":[],"_links":{"self":[{"href":"https:\/\/donaulife-new.ogrisdigital.at\/it\/wp-json\/wp\/v2\/product\/50712"}],"collection":[{"href":"https:\/\/donaulife-new.ogrisdigital.at\/it\/wp-json\/wp\/v2\/product"}],"about":[{"href":"https:\/\/donaulife-new.ogrisdigital.at\/it\/wp-json\/wp\/v2\/types\/product"}],"replies":[{"embeddable":true,"href":"https:\/\/donaulife-new.ogrisdigital.at\/it\/wp-json\/wp\/v2\/comments?post=50712"}],"wp:featuredmedia":[{"embeddable":true,"href":"https:\/\/donaulife-new.ogrisdigital.at\/it\/wp-json\/wp\/v2\/media\/16645"}],"wp:attachment":[{"href":"https:\/\/donaulife-new.ogrisdigital.at\/it\/wp-json\/wp\/v2\/media?parent=50712"}],"wp:term":[{"taxonomy":"product_cat","embeddable":true,"href":"https:\/\/donaulife-new.ogrisdigital.at\/it\/wp-json\/wp\/v2\/product_cat?post=50712"},{"taxonomy":"product_tag","embeddable":true,"href":"https:\/\/donaulife-new.ogrisdigital.at\/it\/wp-json\/wp\/v2\/product_tag?post=50712"}],"curies":[{"name":"wp","href":"https:\/\/api.w.org\/{rel}","templated":true}]}}