{"id":50695,"date":"2017-12-16T12:15:47","date_gmt":"2017-12-16T12:15:47","guid":{"rendered":"https:\/\/donaulife-new.ogrisdigital.at\/produkt\/beaker-bong-mushroom-23-cm\/"},"modified":"2025-01-15T07:15:40","modified_gmt":"2025-01-15T07:15:40","slug":"beaker-bong-mushroom-23-cm","status":"publish","type":"product","link":"https:\/\/donaulife-new.ogrisdigital.at\/it\/beaker-bong-mushroom-23-cm\/","title":{"rendered":"Beaker Bong &#8216;Mushroom&#8217; | 23 cm"},"content":{"rendered":"<h2>Kolbenbong 23 cm hoch mit Pilzaufdruck<\/h2>\n<p>Die Mushroom Beaker Bong ist ein bezauberndes und kompaktes St\u00fcck. Die aus Borosilikatglas bestehende Glasbong hat eine H\u00f6he von 23 cm und einen Durchmesser von 45 mm. Das Chillum mit 14,5 mm Schliff filtert den Rauch im Wasser. Zus\u00e4tzlich hat der Hals ein integriertes Kickloch und ein Eisfach.<\/p>\n","protected":false},"excerpt":{"rendered":"<p>Kolbenbong 23 cm hoch mit Pilzaufdruck Die Mushroom Beaker Bong ist ein bezauberndes und kompaktes St\u00fcck. Die aus Borosilikatglas bestehende<\/p>\n","protected":false},"featured_media":16460,"comment_status":"open","ping_status":"open","template":"","meta":{"_acf_changed":false},"product_cat":[2514,2459,2507,2523,2635,2506],"product_tag":[],"acf":[],"_links":{"self":[{"href":"https:\/\/donaulife-new.ogrisdigital.at\/it\/wp-json\/wp\/v2\/product\/50695"}],"collection":[{"href":"https:\/\/donaulife-new.ogrisdigital.at\/it\/wp-json\/wp\/v2\/product"}],"about":[{"href":"https:\/\/donaulife-new.ogrisdigital.at\/it\/wp-json\/wp\/v2\/types\/product"}],"replies":[{"embeddable":true,"href":"https:\/\/donaulife-new.ogrisdigital.at\/it\/wp-json\/wp\/v2\/comments?post=50695"}],"wp:featuredmedia":[{"embeddable":true,"href":"https:\/\/donaulife-new.ogrisdigital.at\/it\/wp-json\/wp\/v2\/media\/16460"}],"wp:attachment":[{"href":"https:\/\/donaulife-new.ogrisdigital.at\/it\/wp-json\/wp\/v2\/media?parent=50695"}],"wp:term":[{"taxonomy":"product_cat","embeddable":true,"href":"https:\/\/donaulife-new.ogrisdigital.at\/it\/wp-json\/wp\/v2\/product_cat?post=50695"},{"taxonomy":"product_tag","embeddable":true,"href":"https:\/\/donaulife-new.ogrisdigital.at\/it\/wp-json\/wp\/v2\/product_tag?post=50695"}],"curies":[{"name":"wp","href":"https:\/\/api.w.org\/{rel}","templated":true}]}}