{"id":50629,"date":"2017-08-25T10:18:31","date_gmt":"2017-08-25T10:18:31","guid":{"rendered":"https:\/\/donaulife-new.ogrisdigital.at\/produkt\/raw-papers-natural-tips\/"},"modified":"2025-01-15T07:15:46","modified_gmt":"2025-01-15T07:15:46","slug":"raw-papers-natural-tips","status":"publish","type":"product","link":"https:\/\/donaulife-new.ogrisdigital.at\/it\/raw-papers-natural-tips\/","title":{"rendered":"RAW Classic Connoisseur Papers KSS + Tips"},"content":{"rendered":"<h2>RAW Kingsize Papers + Tips<\/h2>\n<p>RAW Natural Papers im Kingsize Format aus reinsten Naturfasern mit nat\u00fcrlicher Gummierung.<\/p>\n<p>Gleichm\u00e4\u00dfige und langsame, sowie fast r\u00fcckstandsfreie Verbrennung.<br \/>\nInkl. Filtertips im Booklet.<\/p>\n<h3>\u00dcber RAW:<\/h3>\n<p>RAW &#8211; Die nat\u00fcrliche Art zu rollen.<\/p>\n<p>Seit dem 1. Tag hat RAW den Auftrag, die F\u00fchrungsrolle in der Papierrollenindustrie zu \u00fcbernehmen. RAW hat die Welt des Rauchens revolutioniert, indem sie Produkte geschaffen hat, die von Natur aus genial gestaltet sind, um das Raucherlebnis zu verbessern.<\/p>\n<p>RAW stellt nur qualitativ hochwertige und umweltfreundliche Produkte her, die Ihr Raucherlebnis verbessern, und wir werden das wof\u00fcr wir stehen niemals \u00e4ndern. Wir genie\u00dfen es, unser unraffiniertes Papier jeden Tag zu rauchen, und wir werden es immer komplett rein also &#8220;RAW&#8221; belassen &#8211; f\u00fcr dich und uns!<\/p>\n","protected":false},"excerpt":{"rendered":"<p>RAW Kingsize Papers + Tips RAW Natural Papers im Kingsize Format aus reinsten Naturfasern mit nat\u00fcrlicher Gummierung. Gleichm\u00e4\u00dfige und langsame,<\/p>\n","protected":false},"featured_media":15879,"comment_status":"open","ping_status":"open","template":"","meta":{"_acf_changed":false},"product_cat":[2489,2451,2453,2452,2490,2492],"product_tag":[2493],"acf":[],"_links":{"self":[{"href":"https:\/\/donaulife-new.ogrisdigital.at\/it\/wp-json\/wp\/v2\/product\/50629"}],"collection":[{"href":"https:\/\/donaulife-new.ogrisdigital.at\/it\/wp-json\/wp\/v2\/product"}],"about":[{"href":"https:\/\/donaulife-new.ogrisdigital.at\/it\/wp-json\/wp\/v2\/types\/product"}],"replies":[{"embeddable":true,"href":"https:\/\/donaulife-new.ogrisdigital.at\/it\/wp-json\/wp\/v2\/comments?post=50629"}],"wp:featuredmedia":[{"embeddable":true,"href":"https:\/\/donaulife-new.ogrisdigital.at\/it\/wp-json\/wp\/v2\/media\/15879"}],"wp:attachment":[{"href":"https:\/\/donaulife-new.ogrisdigital.at\/it\/wp-json\/wp\/v2\/media?parent=50629"}],"wp:term":[{"taxonomy":"product_cat","embeddable":true,"href":"https:\/\/donaulife-new.ogrisdigital.at\/it\/wp-json\/wp\/v2\/product_cat?post=50629"},{"taxonomy":"product_tag","embeddable":true,"href":"https:\/\/donaulife-new.ogrisdigital.at\/it\/wp-json\/wp\/v2\/product_tag?post=50629"}],"curies":[{"name":"wp","href":"https:\/\/api.w.org\/{rel}","templated":true}]}}